{"id":100958,"date":"2021-09-22T07:55:47","date_gmt":"2021-09-22T07:55:47","guid":{"rendered":"http:\/\/prefabricadosjupe.com\/beta\/aviso-legal\/"},"modified":"2025-10-15T11:14:32","modified_gmt":"2025-10-15T11:14:32","slug":"avis-legal","status":"publish","type":"page","link":"https:\/\/prefabricadosjupe.com\/ca\/avis-legal\/","title":{"rendered":"AV\u00cdS LEGAL"},"content":{"rendered":"<section class=\"vc_row wpb_row vc_row-fluid\"><div class=\"wpb_column vc_column_container col-xs-mobile-fullwidth vc_col-sm-12\"><div class=\"vc_column-inner\"><div class=\"wpb_wrapper\"><div class=\"text-block-content hongo-text-block-1 last-paragraph-no-margin\"><p><strong>Av\u00eds legal<\/strong><br \/>\nAquesta p\u00e0gina web ofereix informaci\u00f3 sobre l\u2019espai i els serveis Prefabricados Jupe, d&#8217;ara endavant el propietari. L\u2019acc\u00e9s a la web<a href=\"http:\/\/prefabricadosjupe.com\/\"> https:\/\/www.prefabricadosjupe.com<\/a> l\u2019atribueix la condici\u00f3 d\u2019usuari i implica la seva acceptaci\u00f3 plena i sense reserva, des de l\u2019acc\u00e9s, d ela present nota legal. Per aix\u00f2, aconsellam que llegeixi aquest document, abans d\u2019utilitzar les funcionalitats oferides per aquest lloc web, aix\u00ed com cada cop que accedeixi a ell, ja que ens reservam el dret de canviar, modificar, afegir o eliminar part d\u2019aquestes condicions.<\/p>\n<p>L\u2019acc\u00e9s a la p\u00e0gina web no suposa cap lla\u00e7 comercial entre l\u2019usuari i la web.<\/p>\n<p><strong>I. Titular de la web<\/strong><br \/>\nA efectes del previst per l\u2019Art. 10 de la Llei 34\/ 2002, de 11 de juliol, de Serveis de la Societat de la Informaci\u00f3 i de Comer\u00e7 Electr\u00f2nic, es proporciona la seg\u00fcent informaci\u00f3 sobre el titular d\u2019aquesta Web:<\/p>\n<p>Titular de la Web: JUPE PE\u00c7ES DE FORMIGO SL.<br \/>\nDomicili social: Avda. Santa Margalida 62, 07440 Muro<br \/>\nCIF: B57898546<br \/>\nA m\u00e9s del domicili social, es posa a disposici\u00f3 dels usuaris els seg\u00fcents canals per dirigir les seves peticions, q\u00fcestions o reclamacions:<\/p>\n<p>Formulari de contacte de la web.<br \/>\nTel. 0034 971 537 000<br \/>\nadministracion(a)prefabricadosjupe.com (susbtitu\u00efr \u201ca\u201d per \u201c@\u201d)<\/p>\n<p><strong>II. Pol\u00edtica de privacitat<\/strong><br \/>\nA l&#8217;efecte del previst pel Reglament (UE) 2016\/679 del Parlament Europeu i Del Consell de 27 d&#8217;Abril de 2016 (d&#8217;ara endavant, RGPD), relatiu a la protecci\u00f3 de les persones f\u00edsiques pel que fa al tractament de dades personals i lliure circulaci\u00f3 d&#8217;aquestes dades se l&#8217;informa que les dades personals que es recullen en aquesta web seran incorporades a fitxers la responsabilitat recau sobre el propietari i seran tractades per a la utilitzaci\u00f3 de les eines d&#8217;administraci\u00f3, tramitar les seves sol\u00b7licituds, atendre els seus suggeriments o queixes, aix\u00ed com per millorar la qualitat del web i dels nostres serveis. De manera general, s&#8217;informa que els camps dels formularis del web assenyalats com a obligatoris, hauran necess\u00e0riament emplenar per a la correcta tramitaci\u00f3 de les seves sol\u00b7licituds. Els interessats podran exercir els drets d&#8217;acc\u00e9s, rectificaci\u00f3 i cancel\u00b7laci\u00f3 de la seva informaci\u00f3 personal, aix\u00ed com ell d&#8217;oposici\u00f3 al seu tractament, mitjan\u00e7ant escrit acompanyat d&#8217;un c\u00f2pia del seu DNI o passaport i dirigit al nostre domicili o al correu abans esmentat.<br \/>\nel temps en qu\u00e8 mantenim la informaci\u00f3 que recollim sobre tu dep\u00e8n de la finalitat per a la qual es tracti. Tots els afectats pels nostres tractament de dades podran, en cas de no estar d&#8217;acord, plantejar una reclamaci\u00f3 davant la A.E.P.D.<\/p>\n<p><strong>III.- Cookies i dades de navegaci\u00f3<\/strong><br \/>\nLes cookies que utilitzam s\u00f3n an\u00f2nimes i no ens permeten per s\u00ed mateiexes identificar a cap usuari concret. Utilitzam cookies de tipus t\u00e8cnic necess\u00e0ries per establir la connexi\u00f3 a la web i prestar els serveis sol\u00b7licitats per els nostres usuaris. Igualment utilitzam cookies i tractam dades generades per la navegaci\u00f3 per realitzar estad\u00edstiques i analitzar l\u2019activitat de la web amb la finalitat de milloras el seu contingut i ajustar-lo a les prefer\u00e8ncies dels nostres visitants. En cas d\u2019utilitzar la nostra web sense desactivar les cookies al seu navegador, es manifesta el seu consentiment per a la instal\u00b7laci\u00f3 de les cookies. Pot trobar mes informaci\u00f3 sobre les cookies que utilitzam, aix\u00ed com informaci\u00f3 sobre la manera de desactivar-les a la nostra politica de cookies diponible al nostre web.<\/p>\n<p><strong>IV.- Condicions d&#8217;\u00fas<\/strong><br \/>\nEls usuaris es comprometen a utilitzar aquesta web de forma l\u00edcita, d\u2019acord amb el disposat a les presents condicions i de forma que no produeixin un perjudici en els drets o interessos del propietari o de tercers. es prohibeix expressament la utilitzaci\u00f3 de les dades publicades a la web per la realitzaci\u00f3 d\u2019activitats il\u00edcites, il\u00b7legals o contr\u00e0ries a la bona fe i a l\u2019ordre p\u00fablic, o d\u2019enviament massiu de correu no desitjat (spam).<\/p>\n<p>Aquesta web es proporciona \u201ctal i com est\u00e0\u201d i el seu \u00fas es realitza baix el propi risc de Usuari, per aix\u00f2, ni el propietari, ni els seus administradors, treballadors, prove\u00efdors o col\u00b7laboradors ser\u00e0n responsables del mal, de qualsevol naturalesa, directes o no, que derivin de l\u2019\u00fas de la web, excloguent expresament el propietari, en tota mida prevista per la Llei, qualsevol tipus de garanties, ja siguin expl\u00edcites o impl\u00edcites. el propietari no garantitza la disponibilitat i accesibilitat de la web, encara que es far\u00e0 el possible en aquest sentit. En algunes ocasions podr\u00e0n sofrir-se algunes interrupcions per motius de manteniment. El propietari no es responsabilitza de possibles mals derivats d\u2019interfer\u00e8ncies, interrupcions, virus inform\u00e0tics, averies telef\u00f2niques o desconnexions telef\u00f2niques motivades per causes ali\u00e8nes a la web; de retrassos o bloquejos durant l\u2019\u00fas del sistema electr\u00f2nic causats per defici\u00e8ncies o sobrec\u00e0rregues en el centre processador de dades, de l\u00ednies telef\u00f2niques, en el sistema d\u2019Internet o en altre sistemes el\u00e8ctrics; ni tampoc de qualsevol altra alteraci\u00f3 que es pugui produ\u00efr en el Software o Hardware dels usuaris. Tampoc garantitza l\u2019aus\u00e8ncia de virus, malwares, trojans o altres elements que puguin produ\u00efr alteracions en el sistema inform\u00e0tic, documents o fitxers de l\u2019usuari, excloent qualsevol responsabilitat per els danys de qualsevol tipus causats a l\u2019usuari per aquest motiu. De igual manera, el propietari no respondr\u00e0 per el danys causat a per terceres persones mitjan\u00e7ant intromisions il\u00b7leg\u00edtimes fora del seu control. Tampoc respondr\u00e0 dels danys y perjudicis causats per l\u2019\u00fas o mala utilitzaci\u00f3 dels continguts de la web, ni per les conseq\u00fc\u00e8ncies que poguesin derivar-se dels errors, defectes o omissions en els continguts proporcionats per tercers i que pogu\u00e9sin apar\u00e9ixer en aquesta p\u00e0gina. El propietari no asumeix l\u2019obligaci\u00f3 ni responsabilitat en relaci\u00f3 als serveis que no presti directament.<\/p>\n<p>En cap cas el propietari assumir\u00e0 cap responsabilitat per els continguts dels enlla\u00e7os que pertanyin a un lloc ali\u00e8, ni garantitzar\u00e0 la disponibilitat t\u00e8cnica, qualitat, fiabilitat, exactitut, amplitut, veracitat, validesa i legalitat de qualsevol material o inforamci\u00f3 continguda en cap dels hipervincles o altres llocs d\u2019internet. Igualement la inclusi\u00f3 d\u2019aquestes connexions externes no implicar\u00e0 cap tipus d\u2019associaci\u00f3, fusi\u00f3 o participaci\u00f3 amb les entitats connectades.<\/p>\n<p>En cas de qu\u00e8 un cl\u00e0usula de les presents condicions d\u2019\u00fas fos declarada nula, nom\u00e9s afectar\u00e0 a la seva disposici\u00f3 o aquella part que aix\u00ed hagi estat declarada, substituint les condicions de tota la resta i tenguent-se tal disposici\u00f3, o la part afectada, per no posada.<\/p>\n<p>La\u2019acc\u00e9s ala web i la seva utlitzaci\u00f3 impliquen necess\u00e0riment que totes i cada una de les condicions presents siguin expresament acceptades per l\u2019usuari.<\/p>\n<p>V. Propietat intel\u00b7lectual i drets d&#8217;autor<br \/>\nSense perjudici dels continguts sobre els cuals tercers obstent\u00e0sin drets intel\u00b7lectuals, les drets de propietat intel\u00b7lectual de la web, el nom del domini, el seu codi font i estructura de navegaci\u00f3 i elements continguts ( a t\u00edtol enunciatiu, imatges, so, audio, vieo, software, o textos; marques o logotips, combinacions de colors, estructra i disseny, etc) s\u00f3n titularitat del propietari, a qui correpson l\u2019exercici exclusiu dels drets d\u2019explotaci\u00f3 dels mateixos en qualsevol forma, i, en especial els drets de reproducci\u00f3, distribuci\u00f3, comunicaci\u00f3 p\u00fablica i transformaci\u00f3, conforme amb el previst per la vigent Llei de Propietat Intel\u00b7lectual. Queden expressament prohibides la reproducci\u00f3, distribuci\u00f3 i comunicaci\u00f3 p\u00fablica, incluida la modalitat de posada a disposici\u00f3, de la totalitat o part dels continguts d\u2019auesta p\u00e0gina web em qualsevol soport i per qualsevo mitj\u00e0 t\u00e8cnic, sense l\u2019autoritzaci\u00f3 del propietari o , en cas de necessitar-ho, de tercers que obstentin els drets de la propietat intel\u00b7lectual o d\u2019autor sobre els continguts afectats. No obstant, l\u2019usuari de la web podr\u00e0 visualitzar els elements d\u2019aquesta web i incl\u00fas imprimir-los, copiar-los i emmagatzermar-los en el seu disc dur o en qualsevol altre soport f\u00edsic sempre i quan sigui, \u00fanica i eclusivament, per a \u00fas personal o privat. Aquelles entitats o persones que, pr\u00e8via autoritzaci\u00f3 del titualar d\u2019aquesta web, pretenguin establir un enlla\u00e7 amb la web, haur\u00e0n de garantir que \u00fanicament permeten l\u2019acc\u00e9s a aquesta p\u00e0gina o servei per\u00f2 que no realitza reproduccicons dels seus continguts i serveis.<\/p>\n<p>VI. Jurisdicci\u00f3 i llei aplicable<br \/>\nLa present p\u00e0gina web es regir\u00e0 per la Llei Espanyola d\u2019exclusi\u00f3 de les seves regles de conflicte de llei. Sin perjudici dels drets reconeguts als consumidors en mat\u00e8ria de compet\u00e8ncia jurisdiccional per el Real Decret Legislatiu 1\/2007, de 16 de novembre, qualsevol controv\u00e8rsia que pogu\u00e9s derivar-se de la utilitzaci\u00f3 de la web o dels serveis vinculats a la web es sometr\u00e0 a la jurisdicci\u00f3 i compet\u00e8ncia dels Jutjats i Tribunals atenent al domicili del titular d\u2019aquesta web, renunciant expressament els usuaris al seu fur propi si en tinguessin.<\/p>\n<p>Versi\u00f3 1.0 \u2013 Octubre 2021<\/p>\n<\/div><\/div><\/div><\/div><\/section><!-- \/wp:post-content -->","protected":false},"excerpt":{"rendered":"Av\u00eds legal Aquesta p\u00e0gina web ofereix informaci\u00f3 sobre l\u2019espai i els serveis Prefabricados Jupe, d'ara endavant el propietari. L\u2019acc\u00e9s a la web https:\/\/www.prefabricadosjupe.com l\u2019atribueix la condici\u00f3 d\u2019usuari i implica la seva acceptaci\u00f3 plena i sense reserva, des de l\u2019acc\u00e9s, d ela present nota legal. Per aix\u00f2, aconsellam que llegeixi aquest document, abans d\u2019utilitzar les funcionalitats oferides per aquest lloc web, aix\u00ed com cada cop que accedeixi a ell, ja que ens reservam el dret de canviar, modificar, afegir o eliminar part d\u2019aquestes condicions. L\u2019acc\u00e9s a la p\u00e0gina web no suposa cap lla\u00e7 comercial entre l\u2019usuari i la web. I. Titular de la web A efectes del previst per l\u2019Art. 10 de la Llei 34\/ 2002, de 11 de juliol, de Serveis de la Societat de la Informaci\u00f3 i de Comer\u00e7 Electr\u00f2nic, es proporciona la seg\u00fcent informaci\u00f3 sobre el titular d\u2019aquesta Web: Titular de la Web: JUPE PE\u00c7ES DE FORMIGO SL. Domicili social: Avda. Santa Margalida 62, 07440 Muro CIF: B57898546 A m\u00e9s del domicili social, es posa a disposici\u00f3 dels usuaris els seg\u00fcents canals per dirigir les seves peticions, q\u00fcestions o reclamacions: Formulari de contacte de la web. Tel. 0034 971 537 000 administracion(a)prefabricadosjupe.com (susbtitu\u00efr \u201ca\u201d per \u201c@\u201d) II. Pol\u00edtica...","protected":false},"author":1,"featured_media":0,"parent":0,"menu_order":0,"comment_status":"closed","ping_status":"closed","template":"","meta":{"content-type":"","footnotes":""},"class_list":["post-100958","page","type-page","status-publish","hentry"],"_links":{"self":[{"href":"https:\/\/prefabricadosjupe.com\/ca\/wp-json\/wp\/v2\/pages\/100958","targetHints":{"allow":["GET"]}}],"collection":[{"href":"https:\/\/prefabricadosjupe.com\/ca\/wp-json\/wp\/v2\/pages"}],"about":[{"href":"https:\/\/prefabricadosjupe.com\/ca\/wp-json\/wp\/v2\/types\/page"}],"author":[{"embeddable":true,"href":"https:\/\/prefabricadosjupe.com\/ca\/wp-json\/wp\/v2\/users\/1"}],"replies":[{"embeddable":true,"href":"https:\/\/prefabricadosjupe.com\/ca\/wp-json\/wp\/v2\/comments?post=100958"}],"version-history":[{"count":9,"href":"https:\/\/prefabricadosjupe.com\/ca\/wp-json\/wp\/v2\/pages\/100958\/revisions"}],"predecessor-version":[{"id":122274,"href":"https:\/\/prefabricadosjupe.com\/ca\/wp-json\/wp\/v2\/pages\/100958\/revisions\/122274"}],"wp:attachment":[{"href":"https:\/\/prefabricadosjupe.com\/ca\/wp-json\/wp\/v2\/media?parent=100958"}],"curies":[{"name":"wp","href":"https:\/\/api.w.org\/{rel}","templated":true}]}}