{"id":100965,"date":"2021-07-07T14:12:16","date_gmt":"2021-07-07T14:12:16","guid":{"rendered":"http:\/\/prefabricadosjupe.com\/beta\/compromiso\/"},"modified":"2021-10-08T09:30:18","modified_gmt":"2021-10-08T09:30:18","slug":"compromis","status":"publish","type":"page","link":"https:\/\/prefabricadosjupe.com\/ca\/compromis\/","title":{"rendered":"COMPROM\u00cdS"},"content":{"rendered":"<section data-vc-full-width=\"true\" data-vc-full-width-init=\"false\" class=\"vc_row wpb_row vc_row-fluid     hongo-stretch-content hongo-stretch-row-container vc_row-o-content-middle vc_row-flex\"><div class=\"wpb_column vc_column_container col-xs-mobile-fullwidth vc_col-sm-12\"><div class=\"vc_column-inner\"><div class=\"wpb_wrapper\"><div class=\"alt-font heading-style-1 heading-1 hongo-section-heading hongo_font_1632300524377\">COMPROM\u00cdS<\/div><div class=\"alt-font heading-style-3 heading-2 hongo-section-heading hongo_font_1632300541129\">La sostenibilitat \u00e9s un valor no un deure<\/div>[vc_empty_space]<div class=\"text-block-content hongo-text-block-1 last-paragraph-no-margin\"><p class=\"p1\" style=\"text-align: center;\">La responsabilitat econ\u00f2mica, social i mediambiental formen part de l&#8217;ess\u00e8ncia de l&#8217;empresa. Els nostres directius i responsables de marca han tra\u00e7at una estrat\u00e8gia per a crear valor a partir d&#8217;un conjunt d&#8217;objectius clau.<br \/>\nLa base \u00e9s crear innovacions en lloc de restriccions.<\/p>\n<\/div><\/div><\/div><\/div><\/section><div class=\"vc_row-full-width vc_clearfix\"><\/div><section data-vc-full-width=\"true\" data-vc-full-width-init=\"false\" data-vc-stretch-content=\"true\" class=\"vc_row wpb_row vc_row-fluid     wow fadeIn hongo-stretch-content vc_row-no-padding hongo-stretch-content-fluid vc_row-o-content-middle vc_row-flex\"><div class=\"wpb_column vc_column_container col-xs-mobile-fullwidth vc_col-sm-12 text-center\"><div class=\"vc_column-inner\"><div class=\"wpb_wrapper\"><div class=\"vc_row wpb_row vc_inner vc_row-fluid   vc_row-o-equal-height vc_row-o-content-middle vc_row-flex\"><div class=\"wpb_column vc_column_container vc_col-sm-6 vc_col-md-3 vc_col-xs-12 wow fadeInUp text-center\" data-wow-delay= 100ms><div class=\"vc_column-inner  hongo_responsive_1563350729687\"><div class=\"wpb_wrapper\"><div class=\"hongo-featurebox-wrap hongo-product-featurebox fancy-text-box-style-6 fancy_text_box6-1\"><div class=\"hongo-featurebox-wrapper\"><div class=\"hongo-featurebox-text hongo_font_1632300618741 alt-font\">Protecci\u00f3 del clima i qualitat de l'aire<\/div><div class=\"content hongo_font_1632300618747\">Producci\u00f3 neutra de CO\u2082 en 2030<br \/>\nPromoure infraestructures resilients<br \/>\nFomentar la industrialitzaci\u00f3 sostenible<\/div><\/div><\/div><\/div><\/div><\/div><div class=\"wpb_column vc_column_container vc_col-sm-6 vc_col-md-3 vc_col-xs-12 wow fadeInUp text-center\" data-wow-delay= 200ms><div class=\"vc_column-inner  hongo_responsive_1563350734095\"><div class=\"wpb_wrapper\"><div class=\"hongo-featurebox-wrap hongo-product-featurebox fancy-text-box-style-6 fancy_text_box6-2\"><div class=\"hongo-featurebox-wrapper\"><div class=\"hongo-featurebox-text hongo_font_1632300637161 alt-font\">Conservaci\u00f3 de recursos<\/div><div class=\"content hongo_font_1632300637167\">Consumir energia assequible i neta<br \/>\nProducci\u00f3 i consum sostenibles<br \/>\nGesti\u00f3 sostenible de l'aigua<\/div><\/div><\/div><\/div><\/div><\/div><div class=\"wpb_column vc_column_container vc_col-has-fill vc_col-sm-6 vc_col-md-3 vc_col-xs-12 wow fadeInUp text-center\" data-wow-delay= 300ms><div class=\"vc_column-inner cover-background bg-position-center-center vc_custom_1633685414673  hongo_responsive_1633685414675\" style=\"min-height: 300px;\"><div class=\"wpb_wrapper\"><\/div><\/div><\/div><div class=\"wpb_column vc_column_container vc_col-sm-6 vc_col-md-3 vc_col-xs-12 wow fadeInUp text-center\" data-wow-delay= 400ms><div class=\"vc_column-inner\"><div class=\"wpb_wrapper\"><div class=\"hongo-featurebox-wrap hongo-product-featurebox fancy-text-box-style-6 fancy_text_box6-3\"><div class=\"hongo-featurebox-wrapper\"><div class=\"hongo-featurebox-text hongo_font_1632300661503 alt-font\">Digitalitzaci\u00f3<\/div><div class=\"content hongo_font_1632300661509\">Fomentar les reunions virtuals<br \/>\nPromoure el teletreball<br \/>\nReducci\u00f3 del consum de paper<\/div><\/div><\/div><\/div><\/div><\/div><\/div><\/div><\/div><\/div><\/section><div class=\"vc_row-full-width vc_clearfix\"><\/div>\n","protected":false},"excerpt":{"rendered":"COMPROM\u00cdSLa sostenibilitat \u00e9s un valor no un deure[vc_empty_space]La responsabilitat econ\u00f2mica, social i mediambiental formen part de l'ess\u00e8ncia de l'empresa. Els nostres directius i responsables de marca han tra\u00e7at una estrat\u00e8gia per a crear valor a partir d'un conjunt d'objectius clau. La base \u00e9s crear innovacions en lloc de restriccions. Protecci\u00f3 del clima i qualitat de l'aireProducci\u00f3 neutra de CO\u2082 en 2030 Promoure infraestructures resilients Fomentar la industrialitzaci\u00f3 sostenibleConservaci\u00f3 de recursosConsumir energia assequible i neta Producci\u00f3 i consum sostenibles Gesti\u00f3 sostenible de l'aiguaDigitalitzaci\u00f3Fomentar les reunions virtuals Promoure el teletreball Reducci\u00f3 del consum de paper","protected":false},"author":1,"featured_media":0,"parent":0,"menu_order":0,"comment_status":"closed","ping_status":"closed","template":"","meta":{"content-type":"","footnotes":""},"class_list":["post-100965","page","type-page","status-publish","hentry"],"_links":{"self":[{"href":"https:\/\/prefabricadosjupe.com\/ca\/wp-json\/wp\/v2\/pages\/100965","targetHints":{"allow":["GET"]}}],"collection":[{"href":"https:\/\/prefabricadosjupe.com\/ca\/wp-json\/wp\/v2\/pages"}],"about":[{"href":"https:\/\/prefabricadosjupe.com\/ca\/wp-json\/wp\/v2\/types\/page"}],"author":[{"embeddable":true,"href":"https:\/\/prefabricadosjupe.com\/ca\/wp-json\/wp\/v2\/users\/1"}],"replies":[{"embeddable":true,"href":"https:\/\/prefabricadosjupe.com\/ca\/wp-json\/wp\/v2\/comments?post=100965"}],"version-history":[{"count":7,"href":"https:\/\/prefabricadosjupe.com\/ca\/wp-json\/wp\/v2\/pages\/100965\/revisions"}],"predecessor-version":[{"id":102800,"href":"https:\/\/prefabricadosjupe.com\/ca\/wp-json\/wp\/v2\/pages\/100965\/revisions\/102800"}],"wp:attachment":[{"href":"https:\/\/prefabricadosjupe.com\/ca\/wp-json\/wp\/v2\/media?parent=100965"}],"curies":[{"name":"wp","href":"https:\/\/api.w.org\/{rel}","templated":true}]}}