{"id":100978,"date":"2021-07-08T08:45:57","date_gmt":"2021-07-08T08:45:57","guid":{"rendered":"http:\/\/prefabricadosjupe.com\/beta\/contacta\/"},"modified":"2025-05-22T10:02:32","modified_gmt":"2025-05-22T10:02:32","slug":"contacta","status":"publish","type":"page","link":"https:\/\/prefabricadosjupe.com\/ca\/contacta\/","title":{"rendered":"CONTACTA"},"content":{"rendered":"<section class=\"vc_row wpb_row vc_row-fluid\"><div class=\"wpb_column vc_column_container col-xs-mobile-fullwidth vc_col-sm-4\"><div class=\"vc_column-inner\"><div class=\"wpb_wrapper\"><div class=\"hongo-featurebox-wrap hongo-product-featurebox info-banner-style-4 hongo-info-banner-4-1\"><div class=\"hongo-info-wrapper\"><div class=\"hongo-info-content-box\"><div class=\"hongo-featurebox-text hongo_font_1677781660282 alt-font\">Oficines<\/div><div class=\"hongo-info-content\">Obert de 7:00 a 15:00h<\/div><span class=\"alt-font\">971 537 000<\/span><span class=\"alt-font\">administracion@prefabricadosjupe.com<\/span><\/div><\/div><\/div><\/div><\/div><\/div><div class=\"wpb_column vc_column_container col-xs-mobile-fullwidth vc_col-sm-4\"><div class=\"vc_column-inner\"><div class=\"wpb_wrapper\"><div class=\"hongo-featurebox-wrap hongo-product-featurebox info-banner-style-4 hongo-info-banner-4-2\"><div class=\"hongo-info-wrapper\"><div class=\"hongo-info-content-box\"><div class=\"hongo-featurebox-text hongo_font_1740659091254 alt-font\">Exposici\u00f3<\/div><div class=\"hongo-info-content\">Obert de dilluns a divendres de 10:00 a 18:00 hores<br \/>\ni dissabte de 9h a 13h<\/div><span class=\"alt-font\">672 276 020<\/span><span class=\"alt-font\">comercial2@prefabricadosjupe.com<\/span><\/div><\/div><\/div><\/div><\/div><\/div><div class=\"wpb_column vc_column_container col-xs-mobile-fullwidth vc_col-sm-4\"><div class=\"vc_column-inner\"><div class=\"wpb_wrapper\"><div class=\"hongo-featurebox-wrap hongo-product-featurebox info-banner-style-4 hongo-info-banner-4-3\"><div class=\"hongo-info-wrapper\"><div class=\"hongo-info-content-box\"><div class=\"hongo-featurebox-text hongo_font_1677781904982 alt-font\">Magatzem<\/div><div class=\"hongo-info-content\">Obert de dilluns a divendres de 6:30 a 15:30 hores<br \/>\ni dissabte de 7 a 13h<\/div><span class=\"alt-font\">971 537 000<\/span><span class=\"alt-font\">almacen@prefabricadosjupe.com<\/span><\/div><\/div><\/div><\/div><\/div><\/div><div class=\"wpb_column vc_column_container col-xs-mobile-fullwidth vc_col-sm-12\"><div class=\"vc_column-inner\"><div class=\"wpb_wrapper\">[vc_raw_html]JTNDJTIxLS0lMjBHb29nbGUlMjBDYWxlbmRhciUyMEFwcG9pbnRtZW50JTIwU2NoZWR1bGluZyUyMGJlZ2luJTIwLS0lM0UlMEElM0NkaXYlMjBzdHlsZSUzRCUyMnRleHQtYWxpZ24lM0ElMjBjZW50ZXIlM0IlMjBtYXJnaW4tdG9wJTNBJTIwMjBweCUzQiUyMiUyMGlkJTNEJTIyYm90by12aXNpdGEtY2ElMjIlM0UlM0MlMkZkaXYlM0UlMEElMEElM0NsaW5rJTIwaHJlZiUzRCUyMmh0dHBzJTNBJTJGJTJGY2FsZW5kYXIuZ29vZ2xlLmNvbSUyRmNhbGVuZGFyJTJGc2NoZWR1bGluZy1idXR0b24tc2NyaXB0LmNzcyUyMiUyMHJlbCUzRCUyMnN0eWxlc2hlZXQlMjIlM0UlMEElM0NzY3JpcHQlMjBzcmMlM0QlMjJodHRwcyUzQSUyRiUyRmNhbGVuZGFyLmdvb2dsZS5jb20lMkZjYWxlbmRhciUyRnNjaGVkdWxpbmctYnV0dG9uLXNjcmlwdC5qcyUyMiUyMGFzeW5jJTNFJTNDJTJGc2NyaXB0JTNFJTBBJTNDc2NyaXB0JTNFJTBBJTIwJTIwd2luZG93LmFkZEV2ZW50TGlzdGVuZXIlMjglMjdsb2FkJTI3JTJDJTIwZnVuY3Rpb24lMjglMjklMjAlN0IlMEElMjAlMjAlMjAlMjBjYWxlbmRhci5zY2hlZHVsaW5nQnV0dG9uLmxvYWQlMjglN0IlMEElMjAlMjAlMjAlMjAlMjAlMjB1cmwlM0ElMjAlMjdodHRwcyUzQSUyRiUyRmNhbGVuZGFyLmdvb2dsZS5jb20lMkZjYWxlbmRhciUyRmFwcG9pbnRtZW50cyUyRnNjaGVkdWxlcyUyRkFjWnNzWjAxblZqcldhRkxHWWlmQ1pSZGUyMG5sT0tXSGlBcy1QTERIV0kyS25Vc2tkVTRCakJLTXBaRm1jdi1KRjZWMTNrRWhtTTQwdUpSJTNGZ3YlM0R0cnVlJTI3JTJDJTBBJTIwJTIwJTIwJTIwJTIwJTIwY29sb3IlM0ElMjAlMjclMjMwMzlCRTUlMjclMkMlMEElMjAlMjAlMjAlMjAlMjAlMjBsYWJlbCUzQSUyMCUyN1Jlc2VydmFyJTIwdW5hJTIwdmlzaXRhJTI3JTJDJTBBJTIwJTIwJTIwJTIwJTIwJTIwdGFyZ2V0JTNBJTIwZG9jdW1lbnQuZ2V0RWxlbWVudEJ5SWQlMjglMjdib3RvLXZpc2l0YS1jYSUyNyUyOSUyQyUwQSUyMCUyMCUyMCUyMCU3RCUyOSUzQiUwQSUyMCUyMCU3RCUyOSUzQiUwQSUzQyUyRnNjcmlwdCUzRSUwQSUzQyUyMS0tJTIwZW5kJTIwR29vZ2xlJTIwQ2FsZW5kYXIlMjBBcHBvaW50bWVudCUyMFNjaGVkdWxpbmclMjAtLSUzRSUwQQ==[\/vc_raw_html]<div class=\"hongo-featurebox-wrap hongo-product-featurebox info-banner-style-4 hongo-info-banner-4-4\"><div class=\"hongo-info-wrapper\"><div class=\"hongo-info-content-box\"><div class=\"hongo-info-content\">JUPE Materials de Construcci\u00f3 SL \u00b7 Avinguda Santa Margalida, 62 \u00b7 07440 \u00b7 Muro<\/div><\/div><\/div><\/div><\/div><\/div><\/div><\/section><section data-vc-full-width=\"true\" data-vc-full-width-init=\"false\" data-vc-stretch-content=\"true\" class=\"vc_row wpb_row vc_row-fluid  vc_custom_1633351708834   vc_column-gap-10 hongo-stretch-content hongo-stretch-content-fluid vc_row-o-equal-height vc_row-flex\"><div class=\"wpb_column vc_column_container col-xs-mobile-fullwidth vc_col-sm-6\"><div class=\"vc_column-inner\"><div class=\"wpb_wrapper\">[vc_raw_html]JTNDZGl2JTIwY2xhc3MlM0QlMjJjb250YWluZXIlMjIlM0UlMEElMDklM0NpZnJhbWUlMjBjbGFzcyUzRCUyMmdvb2dsZW1hcCUyMiUyMGZyYW1lYm9yZGVyJTNEJTIyMCUyMiUyMHNjcm9sbGluZyUzRCUyMm5vJTIyJTIwc3JjJTNEJTIyaHR0cHMlM0ElMkYlMkZ3d3cuZ29vZ2xlLmNvbSUyRm1hcHMlMkZlbWJlZCUzRnBiJTNEJTIxMW0xOCUyMTFtMTIlMjExbTMlMjExZDMwNjguNTM0NTg3NzE3OTE4JTIxMmQzLjA1ODAwODExNTM3NTA3OTMlMjEzZDM5LjcyNzY0MDk3OTQ1MTIyJTIxMm0zJTIxMWYwJTIxMmYwJTIxM2YwJTIxM20yJTIxMWkxMDI0JTIxMmk3NjglMjE0ZjEzLjElMjEzbTMlMjExbTIlMjExczB4MTI5N2NjZjhjMzQ4M2RhZiUyNTNBMHhkNTJhZDNkZDRjMGY5M2UlMjEyc0pVUEUlMjUyME1BVEVSSUFMUyUyNTIwREUlMjUyMENPTlNUUlVDQ0klMjVDMyUyNTkzJTI1MjBTTCUyMTVlMCUyMTNtMiUyMTFzZXMlMjEyc2VzJTIxNHYxNjMyODIzNjYzNzAzJTIxNW0yJTIxMXNlcyUyMTJzZXMlMjIlM0UlM0MlMkZpZnJhbWUlM0UlMEElM0MlMkZkaXYlM0UlMEElMEE=[\/vc_raw_html]<\/div><\/div><\/div><div class=\"wpb_column vc_column_container vc_col-has-fill col-xs-mobile-fullwidth vc_col-sm-6\"><div class=\"vc_column-inner fix-background bg-position-center-center vc_custom_1631186721377\"><div class=\"wpb_wrapper\"><div class=\"vc_row wpb_row vc_inner vc_row-fluid section-small container-form\"><div class=\"wpb_column vc_column_container col-xs-mobile-fullwidth vc_col-sm-12\"><div class=\"vc_column-inner\"><div class=\"wpb_wrapper\">\n<div class=\"wpcf7 no-js\" id=\"wpcf7-f101515-o1\" lang=\"es-ES\" dir=\"ltr\">\n<div class=\"screen-reader-response\"><p role=\"status\" aria-live=\"polite\" aria-atomic=\"true\"><\/p> <ul><\/ul><\/div>\n<form action=\"\/ca\/wp-json\/wp\/v2\/pages\/100978#wpcf7-f101515-o1\" method=\"post\" class=\"wpcf7-form init\" aria-label=\"Formulario de contacto\" novalidate=\"novalidate\" data-status=\"init\">\n<div style=\"display: none;\">\n<input type=\"hidden\" name=\"_wpcf7\" value=\"101515\" \/>\n<input type=\"hidden\" name=\"_wpcf7_version\" value=\"5.8.4\" \/>\n<input type=\"hidden\" name=\"_wpcf7_locale\" value=\"es_ES\" \/>\n<input type=\"hidden\" name=\"_wpcf7_unit_tag\" value=\"wpcf7-f101515-o1\" \/>\n<input type=\"hidden\" name=\"_wpcf7_container_post\" value=\"0\" \/>\n<input type=\"hidden\" name=\"_wpcf7_posted_data_hash\" value=\"\" \/>\n<input type=\"hidden\" name=\"_wpcf7_recaptcha_response\" value=\"\" \/>\n<\/div>\n<p><span class=\"wpcf7-form-control-wrap\" data-name=\"your-name\"><input size=\"40\" class=\"wpcf7-form-control wpcf7-text wpcf7-validates-as-required\" aria-required=\"true\" aria-invalid=\"false\" placeholder=\"Nom\" value=\"\" type=\"text\" name=\"your-name\" \/><\/span>\n<\/p>\n<p><span class=\"wpcf7-form-control-wrap\" data-name=\"your-email\"><input size=\"40\" class=\"wpcf7-form-control wpcf7-email wpcf7-validates-as-required wpcf7-text wpcf7-validates-as-email\" aria-required=\"true\" aria-invalid=\"false\" placeholder=\"Email\" value=\"\" type=\"email\" name=\"your-email\" \/><\/span>\n<\/p>\n<p><span class=\"wpcf7-form-control-wrap\" data-name=\"your-subject\"><input size=\"40\" class=\"wpcf7-form-control wpcf7-text wpcf7-validates-as-required\" aria-required=\"true\" aria-invalid=\"false\" placeholder=\"Assumpte\" value=\"\" type=\"text\" name=\"your-subject\" \/><\/span>\n<\/p>\n<p><span class=\"wpcf7-form-control-wrap\" data-name=\"your-message\"><textarea cols=\"40\" rows=\"4\" class=\"wpcf7-form-control wpcf7-textarea\" aria-invalid=\"false\" placeholder=\"Missatge\" name=\"your-message\"><\/textarea><\/span>\n<\/p>\n<p><span class=\"wpcf7-form-control-wrap\" data-name=\"acceptance-817\"><span class=\"wpcf7-form-control wpcf7-acceptance\"><span class=\"wpcf7-list-item\"><input type=\"checkbox\" name=\"acceptance-817\" value=\"1\" aria-invalid=\"false\" \/><\/span><\/span><\/span><span class=\"small-text\"><br \/>\nEstic d'acord amb el que estableix el Reglament (UE) 2016\/679 del Parlament Europeu i Del Consell de 27 d'Abril de 2016 (d'ara endavant, RGPD), relatiu a la protecci\u00f3 de les persones f\u00edsiques pel que fa al tractament de dades personals per part de l'empresa Prefabricados Jupe incorporar\u00e0 les dades personals que ens proporciona, a un fitxer automatitzat de la seva propietat, per tal de valorar la seva adequaci\u00f3 a un lloc de treball, aix\u00ed com per notificar-li oportunitats d'ocupaci\u00f3 que poguessin sorgir. <\/span>\n<\/p>\n<span class=\"wpcf7-form-control-wrap recaptcha\" data-name=\"recaptcha\"><span data-sitekey=\"6LcPqJYcAAAAALm5m_JvruTA7jx2CKCyQ2O59DJp\" class=\"wpcf7-form-control wpcf7-recaptcha g-recaptcha\"><\/span>\r\n<noscript>\r\n\t<div class=\"grecaptcha-noscript\">\r\n\t\t<iframe loading=\"lazy\" src=\"https:\/\/www.recaptcha.net\/recaptcha\/api\/fallback?k=6LcPqJYcAAAAALm5m_JvruTA7jx2CKCyQ2O59DJp\" frameborder=\"0\" scrolling=\"no\" width=\"310\" height=\"430\">\r\n\t\t<\/iframe>\r\n\t\t<textarea name=\"g-recaptcha-response\" rows=\"3\" cols=\"40\" placeholder=\"Aqu\u00ed la respuesta de reCAPTCHA\">\r\n\t\t<\/textarea>\r\n\t<\/div>\r\n<\/noscript>\r\n<\/span>\n<p><span id=\"wpcf7-69ea557ea6e2f-wrapper\" class=\"wpcf7-form-control-wrap honeypot-646-wrap\" style=\"display:none !important; visibility:hidden !important;\"><label for=\"wpcf7-69ea557ea6e2f-field\" class=\"hp-message\">Por favor, deja este campo vac\u00edo.<\/label><input id=\"wpcf7-69ea557ea6e2f-field\"  class=\"wpcf7-form-control wpcf7-text\" type=\"text\" name=\"honeypot-646\" value=\"\" size=\"40\" tabindex=\"-1\" autocomplete=\"new-password\" \/><\/span>\n<\/p>\n<p><input class=\"wpcf7-form-control wpcf7-submit has-spinner\" type=\"submit\" value=\"Enviar\" \/>\n<\/p><input type=\"hidden\" id=\"ct_checkjs_cf7_d1fe173d08e959397adf34b1d77e88d7\" name=\"ct_checkjs_cf7\" value=\"0\" \/><script >setTimeout(function(){var ct_input_name = \"ct_checkjs_cf7_d1fe173d08e959397adf34b1d77e88d7\";if (document.getElementById(ct_input_name) !== null) {var ct_input_value = document.getElementById(ct_input_name).value;document.getElementById(ct_input_name).value = document.getElementById(ct_input_name).value.replace(ct_input_value, '0c4bc2a73ba874f864be51a97c793accaa2c96d6965b12897d2194b1a04d73e8');}}, 1000);<\/script><label class=\"apbct_special_field\" id=\"apbct_label_id36367\" for=\"apbct__email_id__wp_contact_form_7_36367\">36367<\/label><input \n        id=\"apbct__email_id__wp_contact_form_7_36367\" \n        class=\"apbct_special_field apbct__email_id__wp_contact_form_7\"\n        autocomplete=\"off\" \n        name=\"apbct__email_id__wp_contact_form_7_36367\"  \n        type=\"text\" \n        value=\"36367\" \n        size=\"30\" \n        apbct_event_id=\"36367\"\n        maxlength=\"200\" \n    \/><input \n        id=\"apbct_event_id\"\n        class=\"apbct_special_field\"\n        name=\"apbct_event_id\"\n        type=\"hidden\" \n        value=\"36367\" \n            \/><p style=\"display: none !important;\"><label>&#916;<textarea name=\"_wpcf7_ak_hp_textarea\" cols=\"45\" rows=\"8\" maxlength=\"100\"><\/textarea><\/label><input type=\"hidden\" id=\"ak_js_1\" name=\"_wpcf7_ak_js\" value=\"111\"\/><script>document.getElementById( \"ak_js_1\" ).setAttribute( \"value\", ( new Date() ).getTime() );<\/script><\/p><div class=\"wpcf7-response-output\" aria-hidden=\"true\"><\/div>\n<\/form>\n<\/div>\n<\/div><\/div><\/div><\/div><\/div><\/div><\/div><\/section><div class=\"vc_row-full-width vc_clearfix\"><\/div><section class=\"vc_row wpb_row vc_row-fluid\"><div class=\"wpb_column vc_column_container col-xs-mobile-fullwidth vc_col-sm-12\"><div class=\"vc_column-inner\"><div class=\"wpb_wrapper\">[vc_raw_js]JTNDJTIxLS0lMjBFdmVudCUyMHNuaXBwZXQlMjBmb3IlMjBXZWJzaXRlJTIwc2FsZSUyMGNvbnZlcnNpb24lMjBwYWdlJTIwLS0lM0UlMjAlM0NzY3JpcHQlM0UlMjBndGFnJTI4JTI3ZXZlbnQlMjclMkMlMjAlMjdjb252ZXJzaW9uJTI3JTJDJTIwJTdCJTIwJTI3c2VuZF90byUyNyUzQSUyMCUyN0FXLTYxMTA4Mzc2NyUyRjZiLTlDTnI2d2RnQkVQZkxzYU1DJTI3JTJDJTIwJTI3dHJhbnNhY3Rpb25faWQlMjclM0ElMjAlMjclMjclMjAlN0QlMjklM0IlMjAlM0MlMkZzY3JpcHQlM0U=[\/vc_raw_js]<\/div><\/div><\/div><\/section>\n","protected":false},"excerpt":{"rendered":"OficinesObert de 7:00 a 15:00h971 537 000administracion@prefabricadosjupe.comExposici\u00f3Obert de dilluns a divendres de 10:00 a 18:00 hores i dissabte de 9h a 13h672 276 020comercial2@prefabricadosjupe.comMagatzemObert de dilluns a divendres de 6:30 a 15:30 hores i dissabte de 7 a 13h971 537 000almacen@prefabricadosjupe.com[vc_raw_html]JTNDJTIxLS0lMjBHb29nbGUlMjBDYWxlbmRhciUyMEFwcG9pbnRtZW50JTIwU2NoZWR1bGluZyUyMGJlZ2luJTIwLS0lM0UlMEElM0NkaXYlMjBzdHlsZSUzRCUyMnRleHQtYWxpZ24lM0ElMjBjZW50ZXIlM0IlMjBtYXJnaW4tdG9wJTNBJTIwMjBweCUzQiUyMiUyMGlkJTNEJTIyYm90by12aXNpdGEtY2ElMjIlM0UlM0MlMkZkaXYlM0UlMEElMEElM0NsaW5rJTIwaHJlZiUzRCUyMmh0dHBzJTNBJTJGJTJGY2FsZW5kYXIuZ29vZ2xlLmNvbSUyRmNhbGVuZGFyJTJGc2NoZWR1bGluZy1idXR0b24tc2NyaXB0LmNzcyUyMiUyMHJlbCUzRCUyMnN0eWxlc2hlZXQlMjIlM0UlMEElM0NzY3JpcHQlMjBzcmMlM0QlMjJodHRwcyUzQSUyRiUyRmNhbGVuZGFyLmdvb2dsZS5jb20lMkZjYWxlbmRhciUyRnNjaGVkdWxpbmctYnV0dG9uLXNjcmlwdC5qcyUyMiUyMGFzeW5jJTNFJTNDJTJGc2NyaXB0JTNFJTBBJTNDc2NyaXB0JTNFJTBBJTIwJTIwd2luZG93LmFkZEV2ZW50TGlzdGVuZXIlMjglMjdsb2FkJTI3JTJDJTIwZnVuY3Rpb24lMjglMjklMjAlN0IlMEElMjAlMjAlMjAlMjBjYWxlbmRhci5zY2hlZHVsaW5nQnV0dG9uLmxvYWQlMjglN0IlMEElMjAlMjAlMjAlMjAlMjAlMjB1cmwlM0ElMjAlMjdodHRwcyUzQSUyRiUyRmNhbGVuZGFyLmdvb2dsZS5jb20lMkZjYWxlbmRhciUyRmFwcG9pbnRtZW50cyUyRnNjaGVkdWxlcyUyRkFjWnNzWjAxblZqcldhRkxHWWlmQ1pSZGUyMG5sT0tXSGlBcy1QTERIV0kyS25Vc2tkVTRCakJLTXBaRm1jdi1KRjZWMTNrRWhtTTQwdUpSJTNGZ3YlM0R0cnVlJTI3JTJDJTBBJTIwJTIwJTIwJTIwJTIwJTIwY29sb3IlM0ElMjAlMjclMjMwMzlCRTUlMjclMkMlMEElMjAlMjAlMjAlMjAlMjAlMjBsYWJlbCUzQSUyMCUyN1Jlc2VydmFyJTIwdW5hJTIwdmlzaXRhJTI3JTJDJTBBJTIwJTIwJTIwJTIwJTIwJTIwdGFyZ2V0JTNBJTIwZG9jdW1lbnQuZ2V0RWxlbWVudEJ5SWQlMjglMjdib3RvLXZpc2l0YS1jYSUyNyUyOSUyQyUwQSUyMCUyMCUyMCUyMCU3RCUyOSUzQiUwQSUyMCUyMCU3RCUyOSUzQiUwQSUzQyUyRnNjcmlwdCUzRSUwQSUzQyUyMS0tJTIwZW5kJTIwR29vZ2xlJTIwQ2FsZW5kYXIlMjBBcHBvaW50bWVudCUyMFNjaGVkdWxpbmclMjAtLSUzRSUwQQ==[\/vc_raw_html]JUPE Materials de Construcci\u00f3 SL \u00b7 Avinguda Santa Margalida, 62 \u00b7 07440 \u00b7 Muro[vc_raw_html]JTNDZGl2JTIwY2xhc3MlM0QlMjJjb250YWluZXIlMjIlM0UlMEElMDklM0NpZnJhbWUlMjBjbGFzcyUzRCUyMmdvb2dsZW1hcCUyMiUyMGZyYW1lYm9yZGVyJTNEJTIyMCUyMiUyMHNjcm9sbGluZyUzRCUyMm5vJTIyJTIwc3JjJTNEJTIyaHR0cHMlM0ElMkYlMkZ3d3cuZ29vZ2xlLmNvbSUyRm1hcHMlMkZlbWJlZCUzRnBiJTNEJTIxMW0xOCUyMTFtMTIlMjExbTMlMjExZDMwNjguNTM0NTg3NzE3OTE4JTIxMmQzLjA1ODAwODExNTM3NTA3OTMlMjEzZDM5LjcyNzY0MDk3OTQ1MTIyJTIxMm0zJTIxMWYwJTIxMmYwJTIxM2YwJTIxM20yJTIxMWkxMDI0JTIxMmk3NjglMjE0ZjEzLjElMjEzbTMlMjExbTIlMjExczB4MTI5N2NjZjhjMzQ4M2RhZiUyNTNBMHhkNTJhZDNkZDRjMGY5M2UlMjEyc0pVUEUlMjUyME1BVEVSSUFMUyUyNTIwREUlMjUyMENPTlNUUlVDQ0klMjVDMyUyNTkzJTI1MjBTTCUyMTVlMCUyMTNtMiUyMTFzZXMlMjEyc2VzJTIxNHYxNjMyODIzNjYzNzAzJTIxNW0yJTIxMXNlcyUyMTJzZXMlMjIlM0UlM0MlMkZpZnJhbWUlM0UlMEElM0MlMkZkaXYlM0UlMEElMEE=[\/vc_raw_html] Estic d'acord amb el que estableix el Reglament (UE) 2016\/679 del Parlament Europeu i Del Consell de 27 d'Abril de 2016 (d'ara endavant, RGPD), relatiu a la protecci\u00f3 de les persones f\u00edsiques pel que fa al tractament de dades personals per part de l'empresa Prefabricados Jupe incorporar\u00e0 les dades personals que ens proporciona, a un fitxer automatitzat de la seva propietat, per tal de valorar la seva adequaci\u00f3 a un lloc de treball, aix\u00ed com per notificar-li oportunitats d'ocupaci\u00f3 que poguessin sorgir. Por favor, deja este campo vac\u00edo. 31955&#916; [vc_raw_js]JTNDJTIxLS0lMjBFdmVudCUyMHNuaXBwZXQlMjBmb3IlMjBXZWJzaXRlJTIwc2FsZSUyMGNvbnZlcnNpb24lMjBwYWdlJTIwLS0lM0UlMjAlM0NzY3JpcHQlM0UlMjBndGFnJTI4JTI3ZXZlbnQlMjclMkMlMjAlMjdjb252ZXJzaW9uJTI3JTJDJTIwJTdCJTIwJTI3c2VuZF90byUyNyUzQSUyMCUyN0FXLTYxMTA4Mzc2NyUyRjZiLTlDTnI2d2RnQkVQZkxzYU1DJTI3JTJDJTIwJTI3dHJhbnNhY3Rpb25faWQlMjclM0ElMjAlMjclMjclMjAlN0QlMjklM0IlMjAlM0MlMkZzY3JpcHQlM0U=[\/vc_raw_js]","protected":false},"author":1,"featured_media":0,"parent":0,"menu_order":0,"comment_status":"closed","ping_status":"closed","template":"","meta":{"content-type":"","footnotes":""},"class_list":["post-100978","page","type-page","status-publish","hentry"],"_links":{"self":[{"href":"https:\/\/prefabricadosjupe.com\/ca\/wp-json\/wp\/v2\/pages\/100978","targetHints":{"allow":["GET"]}}],"collection":[{"href":"https:\/\/prefabricadosjupe.com\/ca\/wp-json\/wp\/v2\/pages"}],"about":[{"href":"https:\/\/prefabricadosjupe.com\/ca\/wp-json\/wp\/v2\/types\/page"}],"author":[{"embeddable":true,"href":"https:\/\/prefabricadosjupe.com\/ca\/wp-json\/wp\/v2\/users\/1"}],"replies":[{"embeddable":true,"href":"https:\/\/prefabricadosjupe.com\/ca\/wp-json\/wp\/v2\/comments?post=100978"}],"version-history":[{"count":19,"href":"https:\/\/prefabricadosjupe.com\/ca\/wp-json\/wp\/v2\/pages\/100978\/revisions"}],"predecessor-version":[{"id":122248,"href":"https:\/\/prefabricadosjupe.com\/ca\/wp-json\/wp\/v2\/pages\/100978\/revisions\/122248"}],"wp:attachment":[{"href":"https:\/\/prefabricadosjupe.com\/ca\/wp-json\/wp\/v2\/media?parent=100978"}],"curies":[{"name":"wp","href":"https:\/\/api.w.org\/{rel}","templated":true}]}}