{"id":101091,"date":"2021-07-07T07:28:11","date_gmt":"2021-07-07T07:28:11","guid":{"rendered":"http:\/\/prefabricadosjupe.com\/beta\/jupe-home\/"},"modified":"2023-02-07T07:39:01","modified_gmt":"2023-02-07T07:39:01","slug":"jupe-home","status":"publish","type":"page","link":"https:\/\/prefabricadosjupe.com\/ca\/jupe-home\/","title":{"rendered":"JUPE HOME"},"content":{"rendered":"<section class=\"vc_row wpb_row vc_row-fluid     vc_column-gap-35 vc_row-o-content-middle vc_row-flex\"><div class=\"wpb_column vc_column_container col-xs-mobile-fullwidth vc_col-sm-3\"><div class=\"vc_column-inner\"><div class=\"wpb_wrapper\"><div class=\"wpb_single_image  jupe-intro-logo  hongo-full-width-single-image\">\n\t\t\t<figure class=\"wpb_wrapper vc_figure\">\n\t\t\t\t<div class=\"vc_single_image-wrapper  \"><img loading=\"lazy\" decoding=\"async\" width=\"512\" height=\"512\" src=\"https:\/\/prefabricadosjupe.com\/wp-content\/uploads\/2021\/07\/JupeHome.jpg\" class=\"vc_single_image-img attachment-large\" alt=\"\" srcset=\"https:\/\/prefabricadosjupe.com\/wp-content\/uploads\/2021\/07\/JupeHome.jpg 512w, https:\/\/prefabricadosjupe.com\/wp-content\/uploads\/2021\/07\/JupeHome-300x300.jpg 300w, https:\/\/prefabricadosjupe.com\/wp-content\/uploads\/2021\/07\/JupeHome-150x150.jpg 150w, https:\/\/prefabricadosjupe.com\/wp-content\/uploads\/2021\/07\/JupeHome-64x64.jpg 64w, https:\/\/prefabricadosjupe.com\/wp-content\/uploads\/2021\/07\/JupeHome-84x84.jpg 84w, https:\/\/prefabricadosjupe.com\/wp-content\/uploads\/2021\/07\/JupeHome-200x200.jpg 200w, https:\/\/prefabricadosjupe.com\/wp-content\/uploads\/2021\/07\/JupeHome-450x450.jpg 450w, https:\/\/prefabricadosjupe.com\/wp-content\/uploads\/2021\/07\/JupeHome-360x360.jpg 360w, https:\/\/prefabricadosjupe.com\/wp-content\/uploads\/2021\/07\/JupeHome-100x100.jpg 100w\" sizes=\"auto, (max-width: 512px) 100vw, 512px\" \/><\/div>\n\t\t\t<\/figure>\n\t\t\t\n\t\t<\/div><\/div><\/div><\/div><div class=\"wpb_column vc_column_container col-xs-mobile-fullwidth vc_col-sm-9\"><div class=\"vc_column-inner\"><div class=\"wpb_wrapper\"><div class=\"alt-font heading-style-3 vc_custom_1632476089207 heading-1 hongo-section-heading hongo_font_1632476089206\">El cam\u00ed cap a la llar<\/div><div class=\"text-block-content hongo-text-block-1 last-paragraph-no-margin\"><p class=\"p1\">La construcci\u00f3 de la teva casa ha de ser una cosa important des del principi.<br \/>\nEl nostre equip d&#8217;arquitectura treballa conjuntament amb la interiorista, els encarregats de la construcci\u00f3 i els instal\u00b7ladors perqu\u00e8 tot encaixi.<br \/>\nTu simplement gaudeix del proc\u00e9s.<\/p>\n<\/div><\/div><\/div><\/div><\/section><section class=\"vc_row wpb_row vc_row-fluid  vc_custom_1565957314957   vc_row-o-equal-height vc_row-o-content-middle vc_row-flex  hongo_responsive_1565957314962\"><div class=\"wpb_column vc_column_container col-xs-mobile-fullwidth vc_col-sm-12 wow fadeInUp text-center\" data-wow-duration= 1200ms><div class=\"vc_column-inner cover-background bg-position-center-center  hongo_responsive_1644477635001\" style=\"min-height: 660px;\"><div class=\"wpb_wrapper\">[vc_video link=&#8221;https:\/\/youtu.be\/GVvx5XHRZ6c&#8221;]<\/div><\/div><\/div><\/section><section data-vc-full-width=\"true\" data-vc-full-width-init=\"false\" class=\"vc_row wpb_row vc_row-fluid  vc_custom_1657530270102   wow fadeIn vc_row-has-fill hongo-stretch-content hongo-stretch-row-container vc_row-o-equal-height vc_row-o-content-middle vc_row-flex  hongo_responsive_1657530270104\"><div class=\"wpb_column vc_column_container col-xs-mobile-fullwidth vc_col-sm-12\"><div class=\"vc_column-inner vc_custom_1675755514041\"><div class=\"wpb_wrapper\"><div class=\"alt-font heading-style-3 vc_custom_1675755538198 heading-2 hongo-section-heading hongo_font_1675755538197\">Com treballam?<\/div><div class=\"text-block-content hongo-text-block-2 vc_custom_1675755506456 last-paragraph-no-margin\"><p>JUPE Home \u00e9s un servei integral de construcci\u00f3 de cases clau en m\u00e0.<\/p>\n<p>Des dels plans, amb el nostre departament d&#8217;arquitectura, fins els \u00faltims detalls de decoraci\u00f3, disponibles en la nostra exposici\u00f3 de materials, ens encarreguem i responsabilitzem de tot el proc\u00e9s que implica construir una casa. Sense intermediaris, sense sorpreses, sense problemes.<\/p>\n<p>Per a aconseguir-ho ens basem en 6 fases molt concretes i definides:<\/p>\n<\/div><\/div><\/div><\/div><div class=\"wpb_column vc_column_container jupe-text col-xs-mobile-fullwidth vc_col-sm-6\"><div class=\"vc_column-inner  hongo_responsive_1633335010627\"><div class=\"wpb_wrapper\"><div class=\"alt-font heading-style-3 vc_custom_1657530179183 heading-3 hongo-section-heading hongo_font_1657530179183\">Fase I<\/div><div class=\"alt-font heading-style-3 vc_custom_1657530206663 heading-4 hongo-section-heading hongo_font_1657530206663\">Posada a punt<\/div><div class=\"text-block-content hongo-text-block-3 vc_custom_1657530200507 last-paragraph-no-margin\"><p>La primera cosa \u00e9s xerrar.<\/p>\n<ul>\n<li>El nostre equip comercial rep les primeres idees per part del client i s&#8217;estableix la feina a fer.<\/li>\n<li>Lliurament del dossier prevenda amb una primera estimaci\u00f3 de les possibilitats urban\u00edstiques (a confirmar per l&#8217;Administraci\u00f3 competent).<\/li>\n<\/ul>\n<\/div><\/div><\/div><\/div><div class=\"wpb_column vc_column_container vc_col-has-fill order-1 vc_col-sm-6 vc_col-md-offset-1 vc_col-md-4 vc_col-xs-12\"><div class=\"vc_column-inner vc_custom_1657530260372\"><div class=\"wpb_wrapper\"><\/div><\/div><\/div><\/section><div class=\"vc_row-full-width vc_clearfix\"><\/div><section data-vc-full-width=\"true\" data-vc-full-width-init=\"false\" class=\"vc_row wpb_row vc_row-fluid  vc_custom_1657530275325   wow fadeIn vc_row-has-fill hongo-stretch-content hongo-stretch-row-container vc_row-o-equal-height vc_row-o-content-middle vc_row-flex  hongo_responsive_1657530275327\"><div class=\"wpb_column vc_column_container vc_col-has-fill order-1 col-xs-mobile-fullwidth vc_col-sm-6\"><div class=\"vc_column-inner vc_custom_1657530343812  hongo_responsive_1657530343814\"><div class=\"wpb_wrapper\"><\/div><\/div><\/div><div class=\"wpb_column vc_column_container jupe-text vc_col-sm-6 vc_col-md-offset-1 vc_col-md-4 vc_col-xs-12\"><div class=\"vc_column-inner\"><div class=\"wpb_wrapper\"><div class=\"alt-font heading-style-3 vc_custom_1657530357443 heading-5 hongo-section-heading hongo_font_1657530357443\">Fase II<\/div><div class=\"alt-font heading-style-3 vc_custom_1657530366103 heading-6 hongo-section-heading hongo_font_1657530366102\">Projecte b\u00e0sic<\/div><div class=\"text-block-content hongo-text-block-4 vc_custom_1657530381086 last-paragraph-no-margin\"><p>El dibuix que esdevindr\u00e0 realitat.<\/p>\n<ul>\n<li>Un cop confirmada la realitzaci\u00f3 del projecte amb JUPE, s&#8217;elabora una proposta de pl\u00e0nols segons les necessitats i prefer\u00e8ncies del client, i es genera el projecte b\u00e0sic.<\/li>\n<li>Es fa un primer pressupost estimat i es dona termini de fabricaci\u00f3 a partir de l&#8217;obtenci\u00f3 de la llic\u00e8ncia.<\/li>\n<li>El client presenta el projecte b\u00e0sic a l&#8217;ajuntament per obtenir la llic\u00e8ncia.<\/li>\n<\/ul>\n<\/div><\/div><\/div><\/div><\/section><div class=\"vc_row-full-width vc_clearfix\"><\/div><section data-vc-full-width=\"true\" data-vc-full-width-init=\"false\" class=\"vc_row wpb_row vc_row-fluid  vc_custom_1657530280464   wow fadeIn vc_row-has-fill hongo-stretch-content hongo-stretch-row-container vc_row-o-equal-height vc_row-o-content-middle vc_row-flex  hongo_responsive_1657530280466\"><div class=\"wpb_column vc_column_container jupe-text col-xs-mobile-fullwidth vc_col-sm-6\"><div class=\"vc_column-inner  hongo_responsive_1633335038548\"><div class=\"wpb_wrapper\"><div class=\"alt-font heading-style-3 vc_custom_1657530397771 heading-7 hongo-section-heading hongo_font_1657530397771\">Fase III<\/div><div class=\"alt-font heading-style-3 vc_custom_1657530698938 heading-8 hongo-section-heading hongo_font_1657530698937\">Projecte d'execuci\u00f3<\/div><div class=\"text-block-content hongo-text-block-5 vc_custom_1657530421480 last-paragraph-no-margin\"><p>La rellev\u00e0ncia dels detalls<\/p>\n<ul>\n<li>Una vegada s&#8217;aconsegueix la llic\u00e8ncia, es confirmen els pl\u00e0nols definitius amb el client amb detall d&#8217;instal\u00b7lacions, estructura, fusteries i detalls constructius.<\/li>\n<li>S&#8217;entrega el pressupost d&#8217;acord amb els pl\u00e0nols.<\/li>\n<li>El client ha de presentar el projecte executiu a l&#8217;ajuntament.<\/li>\n<li>Amb l&#8217;acceptaci\u00f3 definitiva del pressupost, la signatura del client i la llic\u00e8ncia administrativa es confirmar\u00e0 el termini de lliurament final. En cas de modificacions al projecte per part del client, tant el pressupost com la data de lliurament seran revisats i actualitzats.<\/li>\n<\/ul>\n<\/div><\/div><\/div><\/div><div class=\"wpb_column vc_column_container vc_col-has-fill order-1 vc_col-sm-6 vc_col-md-offset-1 vc_col-md-4 vc_col-xs-12\"><div class=\"vc_column-inner vc_custom_1657530443737\"><div class=\"wpb_wrapper\"><\/div><\/div><\/div><\/section><div class=\"vc_row-full-width vc_clearfix\"><\/div><section data-vc-full-width=\"true\" data-vc-full-width-init=\"false\" class=\"vc_row wpb_row vc_row-fluid  vc_custom_1657530285668   wow fadeIn vc_row-has-fill hongo-stretch-content hongo-stretch-row-container vc_row-o-equal-height vc_row-o-content-middle vc_row-flex  hongo_responsive_1657530285669\"><div class=\"wpb_column vc_column_container vc_col-has-fill col-xs-mobile-fullwidth vc_col-sm-6\"><div class=\"vc_column-inner vc_custom_1657530469432  hongo_responsive_1657530469434\"><div class=\"wpb_wrapper\"><\/div><\/div><\/div><div class=\"wpb_column vc_column_container jupe-text vc_col-sm-6 vc_col-md-offset-1 vc_col-md-4 vc_col-xs-12\"><div class=\"vc_column-inner\"><div class=\"wpb_wrapper\"><div class=\"alt-font heading-style-3 vc_custom_1657530708314 heading-9 hongo-section-heading hongo_font_1657530708313\">Fase IV<\/div><div class=\"alt-font heading-style-3 vc_custom_1657530714622 heading-10 hongo-section-heading hongo_font_1657530714621\">Construcci\u00f3<\/div><div class=\"text-block-content hongo-text-block-6 vc_custom_1657530494894 last-paragraph-no-margin\"><p>Treball a la f\u00e0brica i al terreny<\/p>\n<ul>\n<li>Despr\u00e9s de la signatura del client, es planifica el treball a f\u00e0brica i s&#8217;inicien les activitats al terreny.<\/li>\n<li>Al solar es construeix la base de l&#8217;edifici.<\/li>\n<li>Les parets verticals es construeixen en taules horitzontals. Tot a f\u00e0brica per controlar cada detall.<\/li>\n<\/ul>\n<\/div><\/div><\/div><\/div><\/section><div class=\"vc_row-full-width vc_clearfix\"><\/div><section data-vc-full-width=\"true\" data-vc-full-width-init=\"false\" class=\"vc_row wpb_row vc_row-fluid  vc_custom_1657530291608   wow fadeIn hongo-stretch-content hongo-stretch-row-container vc_row-o-equal-height vc_row-o-content-middle vc_row-flex  hongo_responsive_1657530291610\"><div class=\"wpb_column vc_column_container jupe-text col-xs-mobile-fullwidth vc_col-sm-6\"><div class=\"vc_column-inner  hongo_responsive_1633335315922\"><div class=\"wpb_wrapper\"><div class=\"alt-font heading-style-3 vc_custom_1657530533974 heading-11 hongo-section-heading hongo_font_1657530533974\">Fase V<\/div><div class=\"alt-font heading-style-3 vc_custom_1657530540415 heading-12 hongo-section-heading hongo_font_1657530540414\">Muntatge<\/div><div class=\"text-block-content hongo-text-block-7 vc_custom_1657530526599 last-paragraph-no-margin\"><p>El puzle agafa forma<\/p>\n<ul>\n<li>Les parets viatgen fins a la propietat per ser muntades en un temps r\u00e8cord.<\/li>\n<li>Acabat aquest proc\u00e9s es construeix la coberta i s&#8217;instal\u00b7la el sistema d&#8217;a\u00efllament, calefacci\u00f3, fontaneria i electricitat.<\/li>\n<\/ul>\n<\/div><\/div><\/div><\/div><div class=\"wpb_column vc_column_container vc_col-has-fill order-1 vc_col-sm-6 vc_col-md-offset-1 vc_col-md-4 vc_col-xs-12\"><div class=\"vc_column-inner vc_custom_1657530562088\"><div class=\"wpb_wrapper\"><\/div><\/div><\/div><\/section><div class=\"vc_row-full-width vc_clearfix\"><\/div><section data-vc-full-width=\"true\" data-vc-full-width-init=\"false\" class=\"vc_row wpb_row vc_row-fluid  vc_custom_1657530311698   wow fadeIn hongo-stretch-content hongo-stretch-row-container vc_row-o-equal-height vc_row-o-content-middle vc_row-flex  hongo_responsive_1657530311699\"><div class=\"wpb_column vc_column_container vc_col-has-fill col-xs-mobile-fullwidth vc_col-sm-6\"><div class=\"vc_column-inner vc_custom_1657530586132  hongo_responsive_1657530586133\"><div class=\"wpb_wrapper\"><\/div><\/div><\/div><div class=\"wpb_column vc_column_container jupe-text vc_col-sm-6 vc_col-md-offset-1 vc_col-md-4 vc_col-xs-12\"><div class=\"vc_column-inner\"><div class=\"wpb_wrapper\"><div class=\"alt-font heading-style-3 vc_custom_1657530602817 heading-13 hongo-section-heading hongo_font_1657530602816\">Fase VI<\/div><div class=\"alt-font heading-style-3 vc_custom_1657530610692 heading-14 hongo-section-heading hongo_font_1657530610692\">Control de qualitat<\/div><div class=\"text-block-content hongo-text-block-8 vc_custom_1657530620736 last-paragraph-no-margin\"><p>En nom\u00e9s 6 mesos la casa est\u00e0 acabada<\/p>\n<ul>\n<li>Despr\u00e9s d&#8217;un exhaustiu control de qualitat de tots els materials, es lliura les claus al client perqu\u00e8 comenci a gaudir de la nova vida.<\/li>\n<\/ul>\n<\/div><\/div><\/div><\/div><\/section><div class=\"vc_row-full-width vc_clearfix\"><\/div><section data-vc-full-width=\"true\" data-vc-full-width-init=\"false\" class=\"vc_row wpb_row vc_row-fluid  vc_custom_1540895863442   vc_row-has-fill hongo-stretch-content hongo-stretch-row-container\"><div class=\"wpb_column vc_column_container col-xs-mobile-fullwidth vc_col-sm-12\"><div class=\"vc_column-inner\"><div class=\"wpb_wrapper\"><div class=\"vc_row wpb_row vc_inner vc_row-fluid company-logo vc_custom_1633336401061 vc_row-o-equal-height vc_row-o-content-middle vc_row-flex wow fadeIn\"><div class=\"wpb_column vc_column_container vc_col-has-fill vc_col-sm-3 vc_col-xs-6 wow fadeInDown\" data-wow-delay= 850ms data-wow-duration= 1200ms><div class=\"vc_column-inner vc_custom_1633336306065  hongo_responsive_1633336306067\"><div class=\"wpb_wrapper\"><div class=\"hongo-product-brand-wrap\"><div  class=\"product-brand-style-4 product-brand-style-4-1\"><a class=\"hongo-custom-brand\" target=\"_blank\" href=\"https:\/\/www.cemex.es\/\"><img loading=\"lazy\" decoding=\"async\" width=\"300\" height=\"150\" src=\"https:\/\/prefabricadosjupe.com\/wp-content\/uploads\/2021\/09\/1-2.jpg\" class=\"\" alt=\"\" title=\"\" srcset=\"https:\/\/prefabricadosjupe.com\/wp-content\/uploads\/2021\/09\/1-2.jpg 300w, https:\/\/prefabricadosjupe.com\/wp-content\/uploads\/2021\/09\/1-2-84x42.jpg 84w, https:\/\/prefabricadosjupe.com\/wp-content\/uploads\/2021\/09\/1-2-200x100.jpg 200w\" sizes=\"auto, (max-width: 300px) 100vw, 300px\" \/><\/a><\/div><\/div><\/div><\/div><\/div><div class=\"wpb_column vc_column_container vc_col-has-fill vc_col-sm-3 vc_col-xs-6 wow fadeInDown\" data-wow-delay= 650ms data-wow-duration= 1200ms><div class=\"vc_column-inner vc_custom_1633335478124  hongo_responsive_1633335478126\"><div class=\"wpb_wrapper\"><div class=\"hongo-product-brand-wrap\"><div  class=\"product-brand-style-4 product-brand-style-4-2\"><a class=\"hongo-custom-brand\" target=\"_blank\" href=\"https:\/\/ledme-europa.com\/es\/\"><img loading=\"lazy\" decoding=\"async\" width=\"300\" height=\"150\" src=\"https:\/\/prefabricadosjupe.com\/wp-content\/uploads\/2021\/09\/2-2.jpg\" class=\"\" alt=\"\" title=\"\" srcset=\"https:\/\/prefabricadosjupe.com\/wp-content\/uploads\/2021\/09\/2-2.jpg 300w, https:\/\/prefabricadosjupe.com\/wp-content\/uploads\/2021\/09\/2-2-84x42.jpg 84w, https:\/\/prefabricadosjupe.com\/wp-content\/uploads\/2021\/09\/2-2-200x100.jpg 200w\" sizes=\"auto, (max-width: 300px) 100vw, 300px\" \/><\/a><\/div><\/div><\/div><\/div><\/div><div class=\"wpb_column vc_column_container vc_col-has-fill vc_col-sm-3 vc_col-xs-6 wow fadeInDown\" data-wow-delay= 450ms data-wow-duration= 1200ms><div class=\"vc_column-inner vc_custom_1633335376127  hongo_responsive_1633335376128\"><div class=\"wpb_wrapper\"><div class=\"hongo-product-brand-wrap\"><div  class=\"product-brand-style-4 product-brand-style-4-3\"><a class=\"hongo-custom-brand\" target=\"_blank\" href=\"https:\/\/www.ladrillerias.es\/es\/home\/\"><img loading=\"lazy\" decoding=\"async\" width=\"300\" height=\"150\" src=\"https:\/\/prefabricadosjupe.com\/wp-content\/uploads\/2021\/09\/3-2.jpg\" class=\"\" alt=\"\" title=\"\" srcset=\"https:\/\/prefabricadosjupe.com\/wp-content\/uploads\/2021\/09\/3-2.jpg 300w, https:\/\/prefabricadosjupe.com\/wp-content\/uploads\/2021\/09\/3-2-84x42.jpg 84w, https:\/\/prefabricadosjupe.com\/wp-content\/uploads\/2021\/09\/3-2-200x100.jpg 200w\" sizes=\"auto, (max-width: 300px) 100vw, 300px\" \/><\/a><\/div><\/div><\/div><\/div><\/div><div class=\"wpb_column vc_column_container vc_col-has-fill vc_col-sm-3 vc_col-xs-6 wow fadeInDown\" data-wow-delay= 250ms data-wow-duration= 1200ms><div class=\"vc_column-inner vc_custom_1633335383922  hongo_responsive_1633335383924\"><div class=\"wpb_wrapper\"><div class=\"hongo-product-brand-wrap\"><div  class=\"product-brand-style-4 product-brand-style-4-4\"><a class=\"hongo-custom-brand\" target=\"_blank\" href=\"https:\/\/hierrosmallorca.es\/\"><img loading=\"lazy\" decoding=\"async\" width=\"300\" height=\"150\" src=\"https:\/\/prefabricadosjupe.com\/wp-content\/uploads\/2021\/09\/4-2.jpg\" class=\"\" alt=\"\" title=\"\" srcset=\"https:\/\/prefabricadosjupe.com\/wp-content\/uploads\/2021\/09\/4-2.jpg 300w, https:\/\/prefabricadosjupe.com\/wp-content\/uploads\/2021\/09\/4-2-84x42.jpg 84w, https:\/\/prefabricadosjupe.com\/wp-content\/uploads\/2021\/09\/4-2-200x100.jpg 200w\" sizes=\"auto, (max-width: 300px) 100vw, 300px\" \/><\/a><\/div><\/div><\/div><\/div><\/div><div class=\"wpb_column vc_column_container vc_col-has-fill vc_col-sm-3 vc_col-xs-6 wow fadeInUp\" data-wow-delay= 250ms data-wow-duration= 1200ms><div class=\"vc_column-inner vc_custom_1633335391933  hongo_responsive_1633335391934\"><div class=\"wpb_wrapper\"><div class=\"hongo-product-brand-wrap\"><div  class=\"product-brand-style-4 product-brand-style-4-5\"><a class=\"hongo-custom-brand\" target=\"_blank\" href=\"https:\/\/tejasborja.com\/\"><img loading=\"lazy\" decoding=\"async\" width=\"300\" height=\"150\" src=\"https:\/\/prefabricadosjupe.com\/wp-content\/uploads\/2021\/09\/5-1.jpg\" class=\"\" alt=\"\" title=\"\" srcset=\"https:\/\/prefabricadosjupe.com\/wp-content\/uploads\/2021\/09\/5-1.jpg 300w, https:\/\/prefabricadosjupe.com\/wp-content\/uploads\/2021\/09\/5-1-84x42.jpg 84w, https:\/\/prefabricadosjupe.com\/wp-content\/uploads\/2021\/09\/5-1-200x100.jpg 200w\" sizes=\"auto, (max-width: 300px) 100vw, 300px\" \/><\/a><\/div><\/div><\/div><\/div><\/div><div class=\"wpb_column vc_column_container vc_col-has-fill vc_col-sm-3 vc_col-xs-6 wow fadeInUp\" data-wow-delay= 450ms data-wow-duration= 1200ms><div class=\"vc_column-inner vc_custom_1633335399257  hongo_responsive_1633335399258\"><div class=\"wpb_wrapper\"><div class=\"hongo-product-brand-wrap\"><div  class=\"product-brand-style-4 product-brand-style-4-6\"><a class=\"hongo-custom-brand\" target=\"_blank\" href=\"https:\/\/www.casvilafranquer.com\/\"><img loading=\"lazy\" decoding=\"async\" width=\"300\" height=\"150\" src=\"https:\/\/prefabricadosjupe.com\/wp-content\/uploads\/2021\/09\/6-1.jpg\" class=\"\" alt=\"\" title=\"\" srcset=\"https:\/\/prefabricadosjupe.com\/wp-content\/uploads\/2021\/09\/6-1.jpg 300w, https:\/\/prefabricadosjupe.com\/wp-content\/uploads\/2021\/09\/6-1-84x42.jpg 84w, https:\/\/prefabricadosjupe.com\/wp-content\/uploads\/2021\/09\/6-1-200x100.jpg 200w\" sizes=\"auto, (max-width: 300px) 100vw, 300px\" \/><\/a><\/div><\/div><\/div><\/div><\/div><div class=\"wpb_column vc_column_container vc_col-has-fill vc_col-sm-3 vc_col-xs-6 wow fadeInUp\" data-wow-delay= 650ms data-wow-duration= 1200ms><div class=\"vc_column-inner vc_custom_1633336341603  hongo_responsive_1633336341605\"><div class=\"wpb_wrapper\"><div class=\"hongo-product-brand-wrap\"><div  class=\"product-brand-style-4 product-brand-style-4-7\"><a class=\"hongo-custom-brand\" target=\"_blank\" href=\"https:\/\/www.knauf.es\/\"><img loading=\"lazy\" decoding=\"async\" width=\"300\" height=\"150\" src=\"https:\/\/prefabricadosjupe.com\/wp-content\/uploads\/2021\/09\/7-1.jpg\" class=\"\" alt=\"\" title=\"\" srcset=\"https:\/\/prefabricadosjupe.com\/wp-content\/uploads\/2021\/09\/7-1.jpg 300w, https:\/\/prefabricadosjupe.com\/wp-content\/uploads\/2021\/09\/7-1-84x42.jpg 84w, https:\/\/prefabricadosjupe.com\/wp-content\/uploads\/2021\/09\/7-1-200x100.jpg 200w\" sizes=\"auto, (max-width: 300px) 100vw, 300px\" \/><\/a><\/div><\/div><\/div><\/div><\/div><div class=\"wpb_column vc_column_container vc_col-has-fill vc_col-sm-3 vc_col-xs-6 wow fadeInUp\" data-wow-delay= 850ms data-wow-duration= 1200ms><div class=\"vc_column-inner vc_custom_1633336347195  hongo_responsive_1633336347196\"><div class=\"wpb_wrapper\"><div class=\"hongo-product-brand-wrap\"><div  class=\"product-brand-style-4 product-brand-style-4-8\"><a class=\"hongo-custom-brand\" target=\"_blank\" href=\"https:\/\/www.coexa.es\/\"><img loading=\"lazy\" decoding=\"async\" width=\"300\" height=\"150\" src=\"https:\/\/prefabricadosjupe.com\/wp-content\/uploads\/2021\/09\/8-1.jpg\" class=\"\" alt=\"\" title=\"\" srcset=\"https:\/\/prefabricadosjupe.com\/wp-content\/uploads\/2021\/09\/8-1.jpg 300w, https:\/\/prefabricadosjupe.com\/wp-content\/uploads\/2021\/09\/8-1-84x42.jpg 84w, https:\/\/prefabricadosjupe.com\/wp-content\/uploads\/2021\/09\/8-1-200x100.jpg 200w\" sizes=\"auto, (max-width: 300px) 100vw, 300px\" \/><\/a><\/div><\/div><\/div><\/div><\/div><\/div><\/div><\/div><\/div><\/section><div class=\"vc_row-full-width vc_clearfix\"><\/div><section class=\"vc_row wpb_row vc_row-fluid  vc_custom_1625736870674   vc_row-o-equal-height vc_row-o-content-middle vc_row-flex\"><div class=\"wpb_column vc_column_container jupe-text col-xs-mobile-fullwidth vc_col-sm-12 vc_col-md-6 wow fadeInUp text-right\" data-wow-duration= 1200ms><div class=\"vc_column-inner  hongo_responsive_1633335341904\"><div class=\"wpb_wrapper\"><div class=\"alt-font heading-style-1 vc_custom_1632476339516  hongo_responsive_1632476339517 heading-15 hongo-section-heading hongo_font_1632476339516\">JUPE MATERIALS<\/div><div class=\"alt-font heading-style-3 vc_custom_1632476347797  hongo_responsive_1632476347798 heading-16 hongo-section-heading hongo_font_1632476347796\">Els elements b\u00e0sics s\u00f3n la clau del treball ben fet<\/div><div class=\"text-block-content hongo-text-block-9 last-paragraph-no-margin\"><p class=\"p1\" style=\"text-align: right;\">L&#8217;elecci\u00f3 de la mat\u00e8ria primera \u00e9s un dels pilars per a qualsevol proc\u00e9s de construcci\u00f3. Disposem de tots els materials necessaris per a la construcci\u00f3 d&#8217;espais on viure.<\/p>\n<\/div>[vc_empty_space]<a href=\"http:\/\/prefabricadosjupe.com\/beta\/ca\/jupe-materials\/\"  class=\"hongo-button-1 btn-link btn-base-link alt-font btn-medium  hongo_button_1632476375572\">VEURE M\u00c9S<\/a><\/div><\/div><\/div><div class=\"wpb_column vc_column_container order-1 col-xs-mobile-fullwidth vc_col-sm-12 vc_col-md-6 wow fadeInUp\" data-wow-delay= 200ms data-wow-duration= 1200ms><div class=\"vc_column-inner vc_custom_1633335349204  hongo_responsive_1633335349206\"><div class=\"wpb_wrapper\"><div class=\"wpb_single_image   vc_custom_1628837961573 hongo-full-width-single-image\">\n\t\t\t<figure class=\"wpb_wrapper vc_figure\">\n\t\t\t\t<div class=\"vc_single_image-wrapper  \"><img loading=\"lazy\" decoding=\"async\" width=\"665\" height=\"665\" src=\"https:\/\/prefabricadosjupe.com\/wp-content\/uploads\/2021\/08\/home-materiales.jpg\" class=\"vc_single_image-img attachment-full\" alt=\"\" srcset=\"https:\/\/prefabricadosjupe.com\/wp-content\/uploads\/2021\/08\/home-materiales.jpg 665w, https:\/\/prefabricadosjupe.com\/wp-content\/uploads\/2021\/08\/home-materiales-300x300.jpg 300w, https:\/\/prefabricadosjupe.com\/wp-content\/uploads\/2021\/08\/home-materiales-150x150.jpg 150w, https:\/\/prefabricadosjupe.com\/wp-content\/uploads\/2021\/08\/home-materiales-64x64.jpg 64w, https:\/\/prefabricadosjupe.com\/wp-content\/uploads\/2021\/08\/home-materiales-84x84.jpg 84w, https:\/\/prefabricadosjupe.com\/wp-content\/uploads\/2021\/08\/home-materiales-200x200.jpg 200w, https:\/\/prefabricadosjupe.com\/wp-content\/uploads\/2021\/08\/home-materiales-450x450.jpg 450w, https:\/\/prefabricadosjupe.com\/wp-content\/uploads\/2021\/08\/home-materiales-360x360.jpg 360w, https:\/\/prefabricadosjupe.com\/wp-content\/uploads\/2021\/08\/home-materiales-100x100.jpg 100w\" sizes=\"auto, (max-width: 665px) 100vw, 665px\" \/><\/div>\n\t\t\t<\/figure>\n\t\t\t\n\t\t<\/div><\/div><\/div><\/div><\/section>\n","protected":false},"excerpt":{"rendered":"El cam\u00ed cap a la llarLa construcci\u00f3 de la teva casa ha de ser una cosa important des del principi. El nostre equip d'arquitectura treballa conjuntament amb la interiorista, els encarregats de la construcci\u00f3 i els instal\u00b7ladors perqu\u00e8 tot encaixi. Tu simplement gaudeix del proc\u00e9s. [vc_video link=\"https:\/\/youtu.be\/GVvx5XHRZ6c\"]Com treballam?JUPE Home \u00e9s un servei integral de construcci\u00f3 de cases clau en m\u00e0. Des dels plans, amb el nostre departament d'arquitectura, fins els \u00faltims detalls de decoraci\u00f3, disponibles en la nostra exposici\u00f3 de materials, ens encarreguem i responsabilitzem de tot el proc\u00e9s que implica construir una casa. Sense intermediaris, sense sorpreses, sense problemes. Per a aconseguir-ho ens basem en 6 fases molt concretes i definides: Fase IPosada a puntLa primera cosa \u00e9s xerrar. El nostre equip comercial rep les primeres idees per part del client i s'estableix la feina a fer. Lliurament del dossier prevenda amb una primera estimaci\u00f3 de les possibilitats urban\u00edstiques (a confirmar per l'Administraci\u00f3 competent). Fase IIProjecte b\u00e0sicEl dibuix que esdevindr\u00e0 realitat. Un cop confirmada la realitzaci\u00f3 del projecte amb JUPE, s'elabora una proposta de pl\u00e0nols segons les necessitats i prefer\u00e8ncies del client, i es genera el projecte b\u00e0sic. Es fa un primer pressupost estimat i es dona termini de...","protected":false},"author":1,"featured_media":0,"parent":0,"menu_order":0,"comment_status":"closed","ping_status":"closed","template":"","meta":{"content-type":"","footnotes":""},"class_list":["post-101091","page","type-page","status-publish","hentry"],"_links":{"self":[{"href":"https:\/\/prefabricadosjupe.com\/ca\/wp-json\/wp\/v2\/pages\/101091","targetHints":{"allow":["GET"]}}],"collection":[{"href":"https:\/\/prefabricadosjupe.com\/ca\/wp-json\/wp\/v2\/pages"}],"about":[{"href":"https:\/\/prefabricadosjupe.com\/ca\/wp-json\/wp\/v2\/types\/page"}],"author":[{"embeddable":true,"href":"https:\/\/prefabricadosjupe.com\/ca\/wp-json\/wp\/v2\/users\/1"}],"replies":[{"embeddable":true,"href":"https:\/\/prefabricadosjupe.com\/ca\/wp-json\/wp\/v2\/comments?post=101091"}],"version-history":[{"count":25,"href":"https:\/\/prefabricadosjupe.com\/ca\/wp-json\/wp\/v2\/pages\/101091\/revisions"}],"predecessor-version":[{"id":109976,"href":"https:\/\/prefabricadosjupe.com\/ca\/wp-json\/wp\/v2\/pages\/101091\/revisions\/109976"}],"wp:attachment":[{"href":"https:\/\/prefabricadosjupe.com\/ca\/wp-json\/wp\/v2\/media?parent=101091"}],"curies":[{"name":"wp","href":"https:\/\/api.w.org\/{rel}","templated":true}]}}