{"id":101256,"date":"2021-07-07T13:00:40","date_gmt":"2021-07-07T13:00:40","guid":{"rendered":"http:\/\/prefabricadosjupe.com\/beta\/jupe-piezas\/"},"modified":"2022-04-06T16:48:04","modified_gmt":"2022-04-06T16:48:04","slug":"jupe-peces","status":"publish","type":"page","link":"https:\/\/prefabricadosjupe.com\/ca\/jupe-peces\/","title":{"rendered":"JUPE PECES"},"content":{"rendered":"<section class=\"vc_row wpb_row vc_row-fluid     vc_column-gap-30 vc_row-o-content-middle vc_row-flex\"><div class=\"wpb_column vc_column_container jupe-intro-logo col-xs-mobile-fullwidth vc_col-sm-3\"><div class=\"vc_column-inner\"><div class=\"wpb_wrapper\"><div class=\"wpb_single_image    hongo-full-width-single-image\">\n\t\t\t<figure class=\"wpb_wrapper vc_figure\">\n\t\t\t\t<div class=\"vc_single_image-wrapper  \"><img loading=\"lazy\" decoding=\"async\" width=\"512\" height=\"512\" src=\"https:\/\/prefabricadosjupe.com\/wp-content\/uploads\/2021\/07\/JupePiezas.jpg\" class=\"vc_single_image-img attachment-large\" alt=\"\" srcset=\"https:\/\/prefabricadosjupe.com\/wp-content\/uploads\/2021\/07\/JupePiezas.jpg 512w, https:\/\/prefabricadosjupe.com\/wp-content\/uploads\/2021\/07\/JupePiezas-300x300.jpg 300w, https:\/\/prefabricadosjupe.com\/wp-content\/uploads\/2021\/07\/JupePiezas-150x150.jpg 150w, https:\/\/prefabricadosjupe.com\/wp-content\/uploads\/2021\/07\/JupePiezas-64x64.jpg 64w, https:\/\/prefabricadosjupe.com\/wp-content\/uploads\/2021\/07\/JupePiezas-84x84.jpg 84w, https:\/\/prefabricadosjupe.com\/wp-content\/uploads\/2021\/07\/JupePiezas-200x200.jpg 200w, https:\/\/prefabricadosjupe.com\/wp-content\/uploads\/2021\/07\/JupePiezas-450x450.jpg 450w, https:\/\/prefabricadosjupe.com\/wp-content\/uploads\/2021\/07\/JupePiezas-360x360.jpg 360w, https:\/\/prefabricadosjupe.com\/wp-content\/uploads\/2021\/07\/JupePiezas-100x100.jpg 100w\" sizes=\"auto, (max-width: 512px) 100vw, 512px\" \/><\/div>\n\t\t\t<\/figure>\n\t\t\t\n\t\t<\/div><\/div><\/div><\/div><div class=\"wpb_column vc_column_container col-xs-mobile-fullwidth vc_col-sm-9\"><div class=\"vc_column-inner\"><div class=\"wpb_wrapper\"><div class=\"alt-font heading-style-3 vc_custom_1632476447589 heading-1 hongo-section-heading hongo_font_1632476447589\">Plasmar les figures de la teva imaginaci\u00f3<\/div><div class=\"text-block-content hongo-text-block-1 last-paragraph-no-margin\"><p class=\"p1\">Conjuguem tradici\u00f3 i modernitat per a crear peces \u00faniques, dissenys d&#8217;\u00e8xit i\/o tend\u00e8ncies del mercat.<br \/>\nTot el que desitges o penses ho tenim o podem fer-ho.<\/p>\n<\/div><\/div><\/div><\/div><\/section><section class=\"vc_row wpb_row vc_row-fluid  vc_custom_1565957314957   vc_row-o-equal-height vc_row-o-content-middle vc_row-flex  hongo_responsive_1565957314962\"><div class=\"wpb_column vc_column_container col-xs-mobile-fullwidth vc_col-sm-12 wow fadeInUp text-center\" data-wow-duration= 1200ms><div class=\"vc_column-inner cover-background bg-position-center-center vc_custom_1649263671206  hongo_responsive_1649263671208\" style=\"min-height: 660px;\"><div class=\"wpb_wrapper\">[vc_video link=&#8221;https:\/\/www.youtube.com\/watch?v=fEyF6Pt9S3s&#8221; align=&#8221;center&#8221;]<\/div><\/div><\/div><\/section><section class=\"vc_row wpb_row vc_row-fluid  vc_custom_1565957314957   vc_row-o-equal-height vc_row-o-content-middle vc_row-flex  hongo_responsive_1565957314962\"><div class=\"wpb_column vc_column_container vc_col-has-fill col-xs-mobile-fullwidth vc_col-sm-12 wow fadeInUp text-center\" data-wow-duration= 1200ms><div class=\"vc_column-inner cover-background bg-position-center-center vc_custom_1633682697855  hongo_responsive_1633682697856\" style=\"min-height: 660px;\"><div class=\"wpb_wrapper\"><\/div><\/div><\/div><\/section><section class=\"vc_row wpb_row vc_row-fluid     vc_row-o-content-middle vc_row-flex\"><div class=\"wpb_column vc_column_container jupe-featured-banner col-xs-mobile-fullwidth vc_col-sm-12 text-center\"><div class=\"vc_column-inner\"><div class=\"wpb_wrapper\"><div class=\"hongo-featurebox-wrap info-banner-style-5 hongo-info-banner-5-1\"><div class=\"col-sm-6 col-xs-12 no-padding  vc_custom_1633682764170 cover-background bg-position-center-center\"><\/div><div class=\"col-sm-6 col-xs-12 no-padding bg-very-light-gray\"><div class=\"info-banner-wrapper text-middle-main\"><div class=\"text-middle\"><div class=\"hongo-info-title alt-font hongo_font_1633682764153 alt-font\">Productes generals<\/div><div class=\"info-banner-content hongo_font_1633682764162\">Si un disseny est\u00e0 ben fet pot perdurar en el temps.<br \/>\nEls productes d'aquest cat\u00e0leg s\u00f3n un exemple d'aix\u00f2. Cornises, fiolas, pilars, xemeneies, bancs, i molts elements m\u00e9s que tenim ja els motlles fets perqu\u00e8 l'\u00fanica cosa que baixi sigui el cost i no la qualitat.<\/div><a href=\"http:\/\/prefabricadosjupe.com\/wp-content\/uploads\/2021\/07\/catalogo_jupe.pdf\" target=\"_blank\" class=\"btn btn-round btn-transparent-black alt-font\">VEURE<\/a><\/div><\/div><\/div><\/div><\/div><\/div><\/div><\/section><section data-vc-full-width=\"true\" data-vc-full-width-init=\"false\" class=\"vc_row wpb_row vc_row-fluid  vc_custom_1540895863442   vc_row-has-fill hongo-stretch-content hongo-stretch-row-container\"><div class=\"wpb_column vc_column_container col-xs-mobile-fullwidth vc_col-sm-12\"><div class=\"vc_column-inner\"><div class=\"wpb_wrapper\"><div class=\"vc_row wpb_row vc_inner vc_row-fluid company-logo vc_custom_1633340070352 vc_row-o-equal-height vc_row-o-content-middle vc_row-flex wow fadeIn\"><div class=\"wpb_column vc_column_container vc_col-has-fill vc_col-sm-3 vc_col-xs-6 wow fadeInDown\" data-wow-delay= 850ms data-wow-duration= 1200ms><div class=\"vc_column-inner vc_custom_1633340079184  hongo_responsive_1633340079186\"><div class=\"wpb_wrapper\"><div class=\"hongo-product-brand-wrap\"><div  class=\"product-brand-style-4 product-brand-style-4-1\"><a class=\"hongo-custom-brand\" target=\"_blank\" href=\"https:\/\/www.cemex.es\/\"><img loading=\"lazy\" decoding=\"async\" width=\"300\" height=\"150\" src=\"https:\/\/prefabricadosjupe.com\/wp-content\/uploads\/2021\/09\/1-1.jpg\" class=\"\" alt=\"\" title=\"\" srcset=\"https:\/\/prefabricadosjupe.com\/wp-content\/uploads\/2021\/09\/1-1.jpg 300w, https:\/\/prefabricadosjupe.com\/wp-content\/uploads\/2021\/09\/1-1-84x42.jpg 84w, https:\/\/prefabricadosjupe.com\/wp-content\/uploads\/2021\/09\/1-1-200x100.jpg 200w\" sizes=\"auto, (max-width: 300px) 100vw, 300px\" \/><\/a><\/div><\/div><\/div><\/div><\/div><div class=\"wpb_column vc_column_container vc_col-has-fill vc_col-sm-3 vc_col-xs-6 wow fadeInDown\" data-wow-delay= 650ms data-wow-duration= 1200ms><div class=\"vc_column-inner vc_custom_1633340087802  hongo_responsive_1633340087803\"><div class=\"wpb_wrapper\"><div class=\"hongo-product-brand-wrap\"><div  class=\"product-brand-style-4 product-brand-style-4-2\"><a class=\"hongo-custom-brand\" target=\"_blank\" href=\"https:\/\/esp.sika.com\/\"><img loading=\"lazy\" decoding=\"async\" width=\"300\" height=\"150\" src=\"https:\/\/prefabricadosjupe.com\/wp-content\/uploads\/2021\/09\/2-1.jpg\" class=\"\" alt=\"\" title=\"\" srcset=\"https:\/\/prefabricadosjupe.com\/wp-content\/uploads\/2021\/09\/2-1.jpg 300w, https:\/\/prefabricadosjupe.com\/wp-content\/uploads\/2021\/09\/2-1-84x42.jpg 84w, https:\/\/prefabricadosjupe.com\/wp-content\/uploads\/2021\/09\/2-1-200x100.jpg 200w\" sizes=\"auto, (max-width: 300px) 100vw, 300px\" \/><\/a><\/div><\/div><\/div><\/div><\/div><div class=\"wpb_column vc_column_container vc_col-has-fill vc_col-sm-3 vc_col-xs-6 wow fadeInDown\" data-wow-delay= 450ms data-wow-duration= 1200ms><div class=\"vc_column-inner vc_custom_1633340094675  hongo_responsive_1633340094677\"><div class=\"wpb_wrapper\"><div class=\"hongo-product-brand-wrap\"><div  class=\"product-brand-style-4 product-brand-style-4-3\"><a class=\"hongo-custom-brand\" target=\"_blank\" href=\"https:\/\/hierrosmallorca.es\/\"><img loading=\"lazy\" decoding=\"async\" width=\"300\" height=\"150\" src=\"https:\/\/prefabricadosjupe.com\/wp-content\/uploads\/2021\/09\/3-1.jpg\" class=\"\" alt=\"\" title=\"\" srcset=\"https:\/\/prefabricadosjupe.com\/wp-content\/uploads\/2021\/09\/3-1.jpg 300w, https:\/\/prefabricadosjupe.com\/wp-content\/uploads\/2021\/09\/3-1-84x42.jpg 84w, https:\/\/prefabricadosjupe.com\/wp-content\/uploads\/2021\/09\/3-1-200x100.jpg 200w\" sizes=\"auto, (max-width: 300px) 100vw, 300px\" \/><\/a><\/div><\/div><\/div><\/div><\/div><div class=\"wpb_column vc_column_container vc_col-has-fill vc_col-sm-3 vc_col-xs-6 wow fadeInDown\" data-wow-delay= 250ms data-wow-duration= 1200ms><div class=\"vc_column-inner vc_custom_1633340101223  hongo_responsive_1633340101225\"><div class=\"wpb_wrapper\"><div class=\"hongo-product-brand-wrap\"><div  class=\"product-brand-style-4 product-brand-style-4-4\"><a class=\"hongo-custom-brand\" target=\"_blank\" href=\"https:\/\/www.coexa.es\/\"><img loading=\"lazy\" decoding=\"async\" width=\"300\" height=\"150\" src=\"https:\/\/prefabricadosjupe.com\/wp-content\/uploads\/2021\/09\/4-1.jpg\" class=\"\" alt=\"\" title=\"\" srcset=\"https:\/\/prefabricadosjupe.com\/wp-content\/uploads\/2021\/09\/4-1.jpg 300w, https:\/\/prefabricadosjupe.com\/wp-content\/uploads\/2021\/09\/4-1-84x42.jpg 84w, https:\/\/prefabricadosjupe.com\/wp-content\/uploads\/2021\/09\/4-1-200x100.jpg 200w\" sizes=\"auto, (max-width: 300px) 100vw, 300px\" \/><\/a><\/div><\/div><\/div><\/div><\/div><\/div><\/div><\/div><\/div><\/section><div class=\"vc_row-full-width vc_clearfix\"><\/div><section class=\"vc_row wpb_row vc_row-fluid  vc_custom_1625737664746   vc_row-o-equal-height vc_row-o-content-middle vc_row-flex\"><div class=\"wpb_column vc_column_container jupe-text col-xs-mobile-fullwidth vc_col-sm-12 vc_col-md-6 wow fadeInUp text-right\" data-wow-duration= 1200ms><div class=\"vc_column-inner  hongo_responsive_1633340122645\"><div class=\"wpb_wrapper\"><div class=\"alt-font heading-style-1 vc_custom_1632476498880  hongo_responsive_1632476498881 heading-2 hongo-section-heading hongo_font_1632476498879\">JUPE SISTEMES<\/div><div class=\"alt-font heading-style-3 vc_custom_1632476504190  hongo_responsive_1632476504191 heading-3 hongo-section-heading hongo_font_1632476504189\">Res pot fallar quan tot ha d'encaixar<\/div><div class=\"text-block-content hongo-text-block-2 last-paragraph-no-margin\"><p class=\"p1\" style=\"text-align: right;\">Treballem amb primeres marques com Knauf, (afegir marca de Leds), que garanteixen als nostres clients l&#8217;acabat perfecte en la instal\u00b7laci\u00f3.<\/p>\n<\/div>[vc_empty_space]<a href=\"http:\/\/prefabricadosjupe.com\/ca\/jupe-sistemes\/\"  class=\"hongo-button-1 btn-link btn-base-link alt-font btn-medium  hongo_button_1633682785621\">VEURE M\u00c9S<\/a><\/div><\/div><\/div><div class=\"wpb_column vc_column_container order-1 col-xs-mobile-fullwidth vc_col-sm-12 vc_col-md-6 wow fadeInUp\" data-wow-delay= 200ms data-wow-duration= 1200ms><div class=\"vc_column-inner vc_custom_1633341770450  hongo_responsive_1633341770451\"><div class=\"wpb_wrapper\"><div class=\"wpb_single_image   vc_custom_1628838091562 hongo-full-width-single-image\">\n\t\t\t<figure class=\"wpb_wrapper vc_figure\">\n\t\t\t\t<div class=\"vc_single_image-wrapper  \"><img loading=\"lazy\" decoding=\"async\" width=\"665\" height=\"655\" src=\"https:\/\/prefabricadosjupe.com\/wp-content\/uploads\/2021\/08\/home-sistemas.jpg\" class=\"vc_single_image-img attachment-full\" alt=\"\" srcset=\"https:\/\/prefabricadosjupe.com\/wp-content\/uploads\/2021\/08\/home-sistemas.jpg 665w, https:\/\/prefabricadosjupe.com\/wp-content\/uploads\/2021\/08\/home-sistemas-300x295.jpg 300w, https:\/\/prefabricadosjupe.com\/wp-content\/uploads\/2021\/08\/home-sistemas-64x64.jpg 64w, https:\/\/prefabricadosjupe.com\/wp-content\/uploads\/2021\/08\/home-sistemas-84x83.jpg 84w, https:\/\/prefabricadosjupe.com\/wp-content\/uploads\/2021\/08\/home-sistemas-200x197.jpg 200w, https:\/\/prefabricadosjupe.com\/wp-content\/uploads\/2021\/08\/home-sistemas-450x443.jpg 450w, https:\/\/prefabricadosjupe.com\/wp-content\/uploads\/2021\/08\/home-sistemas-360x355.jpg 360w\" sizes=\"auto, (max-width: 665px) 100vw, 665px\" \/><\/div>\n\t\t\t<\/figure>\n\t\t\t\n\t\t<\/div><\/div><\/div><\/div><\/section>\n","protected":false},"excerpt":{"rendered":"Plasmar les figures de la teva imaginaci\u00f3Conjuguem tradici\u00f3 i modernitat per a crear peces \u00faniques, dissenys d'\u00e8xit i\/o tend\u00e8ncies del mercat. Tot el que desitges o penses ho tenim o podem fer-ho. [vc_video link=\"https:\/\/www.youtube.com\/watch?v=fEyF6Pt9S3s\" align=\"center\"]Productes generalsSi un disseny est\u00e0 ben fet pot perdurar en el temps. Els productes d'aquest cat\u00e0leg s\u00f3n un exemple d'aix\u00f2. Cornises, fiolas, pilars, xemeneies, bancs, i molts elements m\u00e9s que tenim ja els motlles fets perqu\u00e8 l'\u00fanica cosa que baixi sigui el cost i no la qualitat.VEUREJUPE SISTEMESRes pot fallar quan tot ha d'encaixarTreballem amb primeres marques com Knauf, (afegir marca de Leds), que garanteixen als nostres clients l'acabat perfecte en la instal\u00b7laci\u00f3. [vc_empty_space]VEURE M\u00c9S","protected":false},"author":1,"featured_media":0,"parent":0,"menu_order":0,"comment_status":"closed","ping_status":"closed","template":"","meta":{"content-type":"","footnotes":""},"class_list":["post-101256","page","type-page","status-publish","hentry"],"_links":{"self":[{"href":"https:\/\/prefabricadosjupe.com\/ca\/wp-json\/wp\/v2\/pages\/101256","targetHints":{"allow":["GET"]}}],"collection":[{"href":"https:\/\/prefabricadosjupe.com\/ca\/wp-json\/wp\/v2\/pages"}],"about":[{"href":"https:\/\/prefabricadosjupe.com\/ca\/wp-json\/wp\/v2\/types\/page"}],"author":[{"embeddable":true,"href":"https:\/\/prefabricadosjupe.com\/ca\/wp-json\/wp\/v2\/users\/1"}],"replies":[{"embeddable":true,"href":"https:\/\/prefabricadosjupe.com\/ca\/wp-json\/wp\/v2\/comments?post=101256"}],"version-history":[{"count":16,"href":"https:\/\/prefabricadosjupe.com\/ca\/wp-json\/wp\/v2\/pages\/101256\/revisions"}],"predecessor-version":[{"id":105522,"href":"https:\/\/prefabricadosjupe.com\/ca\/wp-json\/wp\/v2\/pages\/101256\/revisions\/105522"}],"wp:attachment":[{"href":"https:\/\/prefabricadosjupe.com\/ca\/wp-json\/wp\/v2\/media?parent=101256"}],"curies":[{"name":"wp","href":"https:\/\/api.w.org\/{rel}","templated":true}]}}