{"id":101361,"date":"2021-07-07T14:26:57","date_gmt":"2021-07-07T14:26:57","guid":{"rendered":"http:\/\/prefabricadosjupe.com\/beta\/passive-house\/"},"modified":"2021-10-08T09:46:46","modified_gmt":"2021-10-08T09:46:46","slug":"passive-house","status":"publish","type":"page","link":"https:\/\/prefabricadosjupe.com\/ca\/passive-house\/","title":{"rendered":"PASSIVE HOUSE"},"content":{"rendered":"<section data-vc-full-width=\"true\" data-vc-full-width-init=\"false\" class=\"vc_row wpb_row vc_row-fluid     hongo-stretch-content hongo-stretch-row-container vc_row-o-content-middle vc_row-flex\"><div class=\"wpb_column vc_column_container col-xs-mobile-fullwidth vc_col-sm-12\"><div class=\"vc_column-inner\"><div class=\"wpb_wrapper\"><div class=\"alt-font heading-style-1 heading-1 hongo-section-heading hongo_font_1625668036395\">PASSIVE HOUSE<\/div><div class=\"alt-font heading-style-3 heading-2 hongo-section-heading hongo_font_1632472843388\">Efici\u00e8ncia energ\u00e8tica i comoditat<\/div>[vc_empty_space]<div class=\"text-block-content hongo-text-block-1 last-paragraph-no-margin\"><p class=\"p1\" style=\"text-align: center;\">Passive house \u00e9s un concepte de construcci\u00f3 assequible basat en l&#8217;efici\u00e8ncia energ\u00e8tica i la comoditat.<br \/>\nL&#8217;objectiu \u00e9s parar la crisi clim\u00e0tica que amena\u00e7a al nostre planeta millorant la qualitat de la vida a l&#8217;interior de l&#8217;habitatge<\/p>\n<\/div><\/div><\/div><\/div><\/section><div class=\"vc_row-full-width vc_clearfix\"><\/div><section class=\"vc_row wpb_row vc_row-fluid     vc_column-gap-20 vc_row-o-content-middle vc_row-flex\"><div class=\"wpb_column vc_column_container vc_col-has-fill col-xs-mobile-fullwidth vc_col-sm-8\"><div class=\"vc_column-inner cover-background bg-position-center-center vc_custom_1633686357002\" style=\"min-height: 350px;\"><div class=\"wpb_wrapper\"><\/div><\/div><\/div><div class=\"wpb_column vc_column_container vc_col-has-fill col-xs-mobile-fullwidth vc_col-sm-4\"><div class=\"vc_column-inner cover-background bg-position-center-center vc_custom_1633686379008\" style=\"min-height: 350px;\"><div class=\"wpb_wrapper\"><\/div><\/div><\/div><\/section><section class=\"vc_row wpb_row vc_row-fluid  vc_custom_1625732201428   vc_row-o-equal-height vc_row-o-content-middle vc_row-flex\"><div class=\"wpb_column vc_column_container vc_col-has-fill col-xs-mobile-fullwidth vc_col-sm-12 vc_col-md-6 wow fadeInUp\" data-wow-duration= 1200ms><div class=\"vc_column-inner cover-background bg-position-center-center vc_custom_1633686400135  hongo_responsive_1633686400137\" style=\"min-height: 450px;\"><div class=\"wpb_wrapper\"><\/div><\/div><\/div><div class=\"wpb_column vc_column_container section col-xs-mobile-fullwidth vc_col-sm-12 vc_col-md-6 wow fadeInUp\" data-wow-delay= 200ms data-wow-duration= 1200ms><div class=\"vc_column-inner vc_custom_1633346071124  hongo_responsive_1633346071126\"><div class=\"wpb_wrapper\"><div class=\"alt-font heading-style-3 vc_custom_1633346228548 heading-3 hongo-section-heading hongo_font_1633346228547\">Qu\u00e8 \u00e9s una passive house?<\/div><div class=\"text-block-content hongo-text-block-2 last-paragraph-no-margin\"><p class=\"p1\" style=\"text-align: left;\">A la fi dels anys 80 el f\u00edsic de construcci\u00f3 Wolfgang Feist va desenvolupar el concepte que en 1990 va veure la llum mitjan\u00e7ant la construcci\u00f3 d&#8217;un complex d&#8217;habitatges a Alemanya.<br \/>\nAvui dia el Passive House Institute regula i promou la construcci\u00f3 d&#8217;una mena d&#8217;habitatges respectuosos amb el medi ambient.<\/p>\n<\/div><\/div><\/div><\/div><\/section><section class=\"vc_row wpb_row vc_row-fluid     vc_row-o-content-middle vc_row-flex\"><div class=\"wpb_column vc_column_container section-small position-relative col-xs-mobile-fullwidth vc_col-sm-8\"><div class=\"vc_column-inner\"><div class=\"wpb_wrapper\"><div class=\"alt-font heading-style-3 heading-4 hongo-section-heading hongo_font_1632472889919\">Aquest tipus d'edificaci\u00f3 permet<\/div>[vc_empty_space]<ul class=\"list-style list-style-1 list-style1-1\"><li>Estalvis d'energia relacionats amb la climatitzaci\u00f3 de l'habitatge de fins a un 90%.<\/li><li>Un \u00fas eficient del sol que fa innecessaris els sistemes de calefacci\u00f3 actuals.<\/li><li>Un alt nivell de comoditat que mant\u00e9 la mateixa temperatura de l'aire interior independentment del clima exterior.<\/li><li>Un sistema de ventilaci\u00f3 interior que proporciona imperceptiblement aire fresc constant.<\/li><\/ul><\/div><\/div><\/div><div class=\"wpb_column vc_column_container passive-logo col-xs-mobile-fullwidth vc_col-sm-4\"><div class=\"vc_column-inner bg-position-center-center\"><div class=\"wpb_wrapper\"><div class=\"wpb_single_image    hongo-full-width-single-image\">\n\t\t\t<figure class=\"wpb_wrapper vc_figure\">\n\t\t\t\t<div class=\"vc_single_image-wrapper  \"><img loading=\"lazy\" decoding=\"async\" width=\"1024\" height=\"1024\" src=\"https:\/\/prefabricadosjupe.com\/wp-content\/uploads\/2021\/09\/CEPH-Designer-1024x1024.png\" class=\"vc_single_image-img attachment-large\" alt=\"\" srcset=\"https:\/\/prefabricadosjupe.com\/wp-content\/uploads\/2021\/09\/CEPH-Designer-1024x1024.png 1024w, https:\/\/prefabricadosjupe.com\/wp-content\/uploads\/2021\/09\/CEPH-Designer-300x300.png 300w, https:\/\/prefabricadosjupe.com\/wp-content\/uploads\/2021\/09\/CEPH-Designer-150x150.png 150w, https:\/\/prefabricadosjupe.com\/wp-content\/uploads\/2021\/09\/CEPH-Designer-768x768.png 768w, https:\/\/prefabricadosjupe.com\/wp-content\/uploads\/2021\/09\/CEPH-Designer-64x64.png 64w, https:\/\/prefabricadosjupe.com\/wp-content\/uploads\/2021\/09\/CEPH-Designer-84x84.png 84w, https:\/\/prefabricadosjupe.com\/wp-content\/uploads\/2021\/09\/CEPH-Designer-200x200.png 200w, https:\/\/prefabricadosjupe.com\/wp-content\/uploads\/2021\/09\/CEPH-Designer-450x450.png 450w, https:\/\/prefabricadosjupe.com\/wp-content\/uploads\/2021\/09\/CEPH-Designer-790x790.png 790w, https:\/\/prefabricadosjupe.com\/wp-content\/uploads\/2021\/09\/CEPH-Designer-360x360.png 360w, https:\/\/prefabricadosjupe.com\/wp-content\/uploads\/2021\/09\/CEPH-Designer-800x800.png 800w, https:\/\/prefabricadosjupe.com\/wp-content\/uploads\/2021\/09\/CEPH-Designer-100x100.png 100w, https:\/\/prefabricadosjupe.com\/wp-content\/uploads\/2021\/09\/CEPH-Designer.png 1382w\" sizes=\"auto, (max-width: 1024px) 100vw, 1024px\" \/><\/div>\n\t\t\t<\/figure>\n\t\t\t\n\t\t<\/div><\/div><\/div><\/div><\/section>\n","protected":false},"excerpt":{"rendered":"PASSIVE HOUSEEfici\u00e8ncia energ\u00e8tica i comoditat[vc_empty_space]Passive house \u00e9s un concepte de construcci\u00f3 assequible basat en l'efici\u00e8ncia energ\u00e8tica i la comoditat. L'objectiu \u00e9s parar la crisi clim\u00e0tica que amena\u00e7a al nostre planeta millorant la qualitat de la vida a l'interior de l'habitatge Qu\u00e8 \u00e9s una passive house?A la fi dels anys 80 el f\u00edsic de construcci\u00f3 Wolfgang Feist va desenvolupar el concepte que en 1990 va veure la llum mitjan\u00e7ant la construcci\u00f3 d'un complex d'habitatges a Alemanya. Avui dia el Passive House Institute regula i promou la construcci\u00f3 d'una mena d'habitatges respectuosos amb el medi ambient. Aquest tipus d'edificaci\u00f3 permet[vc_empty_space]Estalvis d'energia relacionats amb la climatitzaci\u00f3 de l'habitatge de fins a un 90%.Un \u00fas eficient del sol que fa innecessaris els sistemes de calefacci\u00f3 actuals.Un alt nivell de comoditat que mant\u00e9 la mateixa temperatura de l'aire interior independentment del clima exterior.Un sistema de ventilaci\u00f3 interior que proporciona imperceptiblement aire fresc constant.","protected":false},"author":1,"featured_media":0,"parent":0,"menu_order":0,"comment_status":"closed","ping_status":"closed","template":"","meta":{"content-type":"","footnotes":""},"class_list":["post-101361","page","type-page","status-publish","hentry"],"_links":{"self":[{"href":"https:\/\/prefabricadosjupe.com\/ca\/wp-json\/wp\/v2\/pages\/101361","targetHints":{"allow":["GET"]}}],"collection":[{"href":"https:\/\/prefabricadosjupe.com\/ca\/wp-json\/wp\/v2\/pages"}],"about":[{"href":"https:\/\/prefabricadosjupe.com\/ca\/wp-json\/wp\/v2\/types\/page"}],"author":[{"embeddable":true,"href":"https:\/\/prefabricadosjupe.com\/ca\/wp-json\/wp\/v2\/users\/1"}],"replies":[{"embeddable":true,"href":"https:\/\/prefabricadosjupe.com\/ca\/wp-json\/wp\/v2\/comments?post=101361"}],"version-history":[{"count":12,"href":"https:\/\/prefabricadosjupe.com\/ca\/wp-json\/wp\/v2\/pages\/101361\/revisions"}],"predecessor-version":[{"id":102805,"href":"https:\/\/prefabricadosjupe.com\/ca\/wp-json\/wp\/v2\/pages\/101361\/revisions\/102805"}],"wp:attachment":[{"href":"https:\/\/prefabricadosjupe.com\/ca\/wp-json\/wp\/v2\/media?parent=101361"}],"curies":[{"name":"wp","href":"https:\/\/api.w.org\/{rel}","templated":true}]}}