{"id":111816,"date":"2021-11-04T13:37:34","date_gmt":"2021-11-04T13:37:34","guid":{"rendered":"https:\/\/prefabricadosjupe.com\/blog\/"},"modified":"2024-06-13T09:49:05","modified_gmt":"2024-06-13T09:49:05","slug":"blog","status":"publish","type":"page","link":"https:\/\/prefabricadosjupe.com\/ca\/blog\/","title":{"rendered":"BLOG"},"content":{"rendered":"<section class=\"vc_row wpb_row vc_row-fluid\"><div class=\"wpb_column vc_column_container col-xs-mobile-fullwidth vc_col-sm-12\"><div class=\"vc_column-inner\"><div class=\"wpb_wrapper\"><div class=\"hongo-blog-styles hongo-blog-clean\"><div class=\"blog-posts blog-clean\" data-col=\"3\"><ul class=\"post-grid hongo-blog-common blog-style-unique-1 blog-post-gutter gutter-medium\" data-uniqueid=\"blog-style-unique-1\"><li class=\"grid-sizer\"><\/li><li class=\"grid-item blog-post blog-post-content pull-left blog-style4-1 wow fadeIn col-lg-4 col-md-6 col-sm-6 col-xs-12 hongo-filter-tab-content noticia-ca\"><div class=\"post-119779 post type-post status-publish format-standard has-post-thumbnail hentry category-noticia-ca\"><div class=\"blog-image\"><a href=\"https:\/\/prefabricadosjupe.com\/ca\/2024\/09\/jupe-home-tendencias-en-la-prefabricacion\/\"><img loading=\"lazy\" decoding=\"async\" width=\"450\" height=\"150\" src=\"https:\/\/prefabricadosjupe.com\/wp-content\/uploads\/2024\/07\/Blog_07.08_SATE-450x150.png\" class=\"attachment-hongo-medium-image size-hongo-medium-image wp-post-image\" alt=\"Sate knauf\" title=\"\" srcset=\"https:\/\/prefabricadosjupe.com\/wp-content\/uploads\/2024\/07\/Blog_07.08_SATE-450x150.png 450w, https:\/\/prefabricadosjupe.com\/wp-content\/uploads\/2024\/07\/Blog_07.08_SATE-300x100.png 300w, https:\/\/prefabricadosjupe.com\/wp-content\/uploads\/2024\/07\/Blog_07.08_SATE-1024x341.png 1024w, https:\/\/prefabricadosjupe.com\/wp-content\/uploads\/2024\/07\/Blog_07.08_SATE-768x256.png 768w, https:\/\/prefabricadosjupe.com\/wp-content\/uploads\/2024\/07\/Blog_07.08_SATE-84x28.png 84w, https:\/\/prefabricadosjupe.com\/wp-content\/uploads\/2024\/07\/Blog_07.08_SATE-200x67.png 200w, https:\/\/prefabricadosjupe.com\/wp-content\/uploads\/2024\/07\/Blog_07.08_SATE-360x120.png 360w, https:\/\/prefabricadosjupe.com\/wp-content\/uploads\/2024\/07\/Blog_07.08_SATE-800x267.png 800w, https:\/\/prefabricadosjupe.com\/wp-content\/uploads\/2024\/07\/Blog_07.08_SATE.png 1200w\" sizes=\"auto, (max-width: 450px) 100vw, 450px\" \/><div class=\"hongo-blog-side-arrow\"><span class=\"ti-arrow-right\"><\/span><\/div><\/a><\/div><div class=\"blog-text col-md-12\"><div class=\"content\"><div class=\"hongo-blog-post-category alt-font\"><a href=\"https:\/\/prefabricadosjupe.com\/ca\/category\/noticia-ca\/\" class=\"hongo-blog-post-meta\" rel=\"category tag\">Noticia<\/a><\/div><a class=\"entry-title alt-font\" href=\"https:\/\/prefabricadosjupe.com\/ca\/2024\/09\/jupe-home-tendencias-en-la-prefabricacion\/\">JUPE Sistemas &#8211; Sistema d&#8217;A\u00efllament T\u00e8rmic por l&#8217;Exterior (SATE)<\/a><div class=\"entry-content\">Descobreix el sistema SATE de Knauf: La soluci\u00f3 d'a\u00efllament t\u00e8rmic m\u00e9s eficient A Grup JUPE, ens enorgullim de...<\/div><div class=\"separator-line-horizontal-full\"><\/div><div class=\"hongo-blog-post-meta blog-date-author alt-font\"><span class=\"hongo-blog-post-meta blog-date display-inline-block published\">02 setembre 2024<\/span><time class=\"updated display-none\" datetime=\"2024-09-02T11:22:58+00:00\">02 setembre 2024<\/time><span class=\"blog-separator vertical-align-middle\">|<\/span><span class=\"hongo-blog-post-meta blog-author display-inline-block\">By <span class=\"author vcard\"><a href=\"https:\/\/prefabricadosjupe.com\/ca\/author\/miquelcaporamis\/\" class=\"url fn n\">Miquel Cap\u00f3<\/a><\/span><\/span><\/div><\/div><\/div><\/div><\/li><li class=\"grid-item blog-post blog-post-content pull-left blog-style4-2 wow fadeIn col-lg-4 col-md-6 col-sm-6 col-xs-12 hongo-filter-tab-content noticia-ca\"><div class=\"post-111823 post type-post status-publish format-standard has-post-thumbnail hentry category-noticia-ca\"><div class=\"blog-image\"><a href=\"https:\/\/prefabricadosjupe.com\/ca\/2023\/07\/prova-noticies-1\/\"><img loading=\"lazy\" decoding=\"async\" width=\"450\" height=\"150\" src=\"https:\/\/prefabricadosjupe.com\/wp-content\/uploads\/2023\/07\/Capcalera-450x150.png\" class=\"attachment-hongo-medium-image size-hongo-medium-image wp-post-image\" alt=\"\" title=\"\" srcset=\"https:\/\/prefabricadosjupe.com\/wp-content\/uploads\/2023\/07\/Capcalera-450x150.png 450w, https:\/\/prefabricadosjupe.com\/wp-content\/uploads\/2023\/07\/Capcalera-300x100.png 300w, https:\/\/prefabricadosjupe.com\/wp-content\/uploads\/2023\/07\/Capcalera-1024x341.png 1024w, https:\/\/prefabricadosjupe.com\/wp-content\/uploads\/2023\/07\/Capcalera-768x256.png 768w, https:\/\/prefabricadosjupe.com\/wp-content\/uploads\/2023\/07\/Capcalera-84x28.png 84w, https:\/\/prefabricadosjupe.com\/wp-content\/uploads\/2023\/07\/Capcalera-200x67.png 200w, https:\/\/prefabricadosjupe.com\/wp-content\/uploads\/2023\/07\/Capcalera-360x120.png 360w, https:\/\/prefabricadosjupe.com\/wp-content\/uploads\/2023\/07\/Capcalera-800x267.png 800w, https:\/\/prefabricadosjupe.com\/wp-content\/uploads\/2023\/07\/Capcalera.png 1200w\" sizes=\"auto, (max-width: 450px) 100vw, 450px\" \/><div class=\"hongo-blog-side-arrow\"><span class=\"ti-arrow-right\"><\/span><\/div><\/a><\/div><div class=\"blog-text col-md-12\"><div class=\"content\"><div class=\"hongo-blog-post-category alt-font\"><a href=\"https:\/\/prefabricadosjupe.com\/ca\/category\/noticia-ca\/\" class=\"hongo-blog-post-meta\" rel=\"category tag\">Noticia<\/a><\/div><a class=\"entry-title alt-font\" href=\"https:\/\/prefabricadosjupe.com\/ca\/2023\/07\/prova-noticies-1\/\">JUPE Home &#8211; Tend\u00e8ncies en la prefabricaci\u00f3<\/a><div class=\"entry-content\">Innovaci\u00f3 en la Construcci\u00f3 Prefabricada: Avantatges i Tend\u00e8ncies La construcci\u00f3 prefabricada est\u00e0 revolucionant la ind\u00fastria de la construcci\u00f3,...<\/div><div class=\"separator-line-horizontal-full\"><\/div><div class=\"hongo-blog-post-meta blog-date-author alt-font\"><span class=\"hongo-blog-post-meta blog-date display-inline-block published\">25 juliol 2023<\/span><time class=\"updated display-none\" datetime=\"2024-06-13T10:58:50+00:00\">13 juny 2024<\/time><span class=\"blog-separator vertical-align-middle\">|<\/span><span class=\"hongo-blog-post-meta blog-author display-inline-block\">By <span class=\"author vcard\"><a href=\"https:\/\/prefabricadosjupe.com\/ca\/author\/staycreative\/\" class=\"url fn n\">staycreative<\/a><\/span><\/span><\/div><\/div><\/div><\/div><\/li><\/ul><\/div><\/div><\/div><\/div><\/div><\/section>\n","protected":false},"excerpt":{"rendered":"Innovaci\u00f3 en la Construcci\u00f3 Prefabricada: Avantatges i Tend\u00e8ncies La construcci\u00f3 prefabricada est\u00e0 revolucionant la ind\u00fastria de la construcci\u00f3, oferint solucions m\u00e9s r\u00e0pides, sostenibles i rendibles. A JUPE Home, adoptem aquestes innovacions per a oferir-te habitatges d'alta qualitat en temps r\u00e8cord. Avantatges de la Construcci\u00f3 Prefabricada 1 Efici\u00e8ncia de Temps: La fabricaci\u00f3 de components en f\u00e0brica permet una construcci\u00f3 m\u00e9s r\u00e0pida i precisa. Els elements prefabricats s'acoblen en el lloc, reduint significativament el temps total de construcci\u00f3. Aix\u00f2 significa que pots gaudir de la teva nova llar molt abans del que prendria una construcci\u00f3 tradicional. 2 Sostenibilitat: La construcci\u00f3 prefabricada utilitza materials de manera m\u00e9s eficient i genera menys residus. A JUPE Home, ens comprometem a pr\u00e0ctiques sostenibles, utilitzant mat\u00e8ries primeres km0 i altres materials ecol\u00f2gics per a minimitzar el nostre impacte ambiental. 3 Costos Redu\u00efts: La reducci\u00f3 de desaprofitaments i el menor temps de construcci\u00f3 es tradueixen en estalvis significatius. A m\u00e9s, el control de qualitat en f\u00e0brica garanteix menys errors i entrebancs, la qual cosa tamb\u00e9 contribueix a mantenir els costos baixos. 4 Qualitat Consistent: La producci\u00f3 en un entorn controlat permet mantenir alts est\u00e0ndards de qualitat. Cada component \u00e9s fabricat amb precisi\u00f3 i sotm\u00e8s a rigoroses inspeccions abans...","protected":false},"author":1,"featured_media":0,"parent":0,"menu_order":0,"comment_status":"closed","ping_status":"closed","template":"","meta":{"content-type":"","footnotes":""},"class_list":["post-111816","page","type-page","status-publish","hentry"],"_links":{"self":[{"href":"https:\/\/prefabricadosjupe.com\/ca\/wp-json\/wp\/v2\/pages\/111816","targetHints":{"allow":["GET"]}}],"collection":[{"href":"https:\/\/prefabricadosjupe.com\/ca\/wp-json\/wp\/v2\/pages"}],"about":[{"href":"https:\/\/prefabricadosjupe.com\/ca\/wp-json\/wp\/v2\/types\/page"}],"author":[{"embeddable":true,"href":"https:\/\/prefabricadosjupe.com\/ca\/wp-json\/wp\/v2\/users\/1"}],"replies":[{"embeddable":true,"href":"https:\/\/prefabricadosjupe.com\/ca\/wp-json\/wp\/v2\/comments?post=111816"}],"version-history":[{"count":1,"href":"https:\/\/prefabricadosjupe.com\/ca\/wp-json\/wp\/v2\/pages\/111816\/revisions"}],"predecessor-version":[{"id":117802,"href":"https:\/\/prefabricadosjupe.com\/ca\/wp-json\/wp\/v2\/pages\/111816\/revisions\/117802"}],"wp:attachment":[{"href":"https:\/\/prefabricadosjupe.com\/ca\/wp-json\/wp\/v2\/media?parent=111816"}],"curies":[{"name":"wp","href":"https:\/\/api.w.org\/{rel}","templated":true}]}}