{"id":100960,"date":"2021-09-22T07:55:47","date_gmt":"2021-09-22T07:55:47","guid":{"rendered":"http:\/\/prefabricadosjupe.com\/beta\/aviso-legal\/"},"modified":"2025-10-15T11:13:59","modified_gmt":"2025-10-15T11:13:59","slug":"rechtliche-warnung","status":"publish","type":"page","link":"https:\/\/prefabricadosjupe.com\/de\/rechtliche-warnung\/","title":{"rendered":"Rechtliche Warnung"},"content":{"rendered":"<section class=\"vc_row wpb_row vc_row-fluid\"><div class=\"wpb_column vc_column_container col-xs-mobile-fullwidth vc_col-sm-12\"><div class=\"vc_column-inner\"><div class=\"wpb_wrapper\"><div class=\"text-block-content hongo-text-block-1 last-paragraph-no-margin\"><h1>Rechtsberatung<\/h1>\n<div class=\"uk-grid uk-grid-stack uk-scrollspy-inview uk-animation-fade\">\n<div class=\"uk-width-1-1 uk-first-column\">\n<p>Diese Website bietet Informationen \u00fcber das Gebiet und die Dienstleistungen von Prefabricados Jupe, ab sofort der \u201cEigent\u00fcmer\u201d. Durch den Zugriff auf die Website http:\/\/jsproperties.com werden Sie ein BENUTZER und dies bedeutet vollst\u00e4ndige Anerkennung der vorliegenden rechtlichen Hinweise, ab dem Zeitpunkt des Zugriffs und \/ oder der Nutzung. Aus diesem Grund raten wir Ihnen, das vorliegende Dokument zu lesen, bevor Sie irgendeine der auf dieser Website angebotenen Funktionen nutzen, und zwar jedes Mal, wenn Sie darauf zugreifen, da wir uns das Recht vorbehalten, jeden Teil zu jeder Zeit dieser Bedingungen zu \u00e4ndern, hinzuzuf\u00fcgen oder zu l\u00f6schen.<\/p>\n<p>Der Zugriff auf die Website stellt in keinem Fall die Existenz einer Gesch\u00e4ftsbeziehung zwischen dem Benutzer und der Website dar.<\/p>\n<h3>Ich. WEBSITE-BESITZER<\/h3>\n<p>In \u00dcbereinstimmung mit den Bestimmungen des Abschnitts 10 des Gesetzes 34\/2002 vom 11. Juli \u00fcber die Dienste der Informationsgesellschaft und den elektronischen Gesch\u00e4ftsverkehr werden hiermit folgende Informationen \u00fcber den Eigent\u00fcmer der Website bereitgestellt:<\/p>\n<p>&#8211; Website Besitzer: JUPE PE\u00c7ES DE FORMIGO SL.<br \/>\n&#8211; Registrierte Adresse: Avda. Santa Margalida 62, 07440 Muro<br \/>\n&#8211; CIF: B57898546<br \/>\nAbgesehen von der oben genannten registrierten Adresse werden die folgenden Kan\u00e4le den Benutzern f\u00fcr alle Anfragen, Fragen oder Anspr\u00fcche zur Verf\u00fcgung gestellt:<br \/>\n&#8211; Website-Kontaktformular<br \/>\n&#8211; Tel. +34 971 537 000<br \/>\n-administracion(a)prefabricadosjupe.com (ersetzen Sie &#8222;a&#8220; durch &#8222;@&#8220;)<\/p>\n<h3>II. DATENSCHUTZRICHTLINIE<\/h3>\n<p>Im Sinne der Verordnung (EU) 2016\/679 des Europ\u00e4ischen Parlaments und des Rates vom 27. April 2016 (im Folgenden: RGPD) zum Schutz nat\u00fcrlicher Personen bei der Datenverarbeitung Pers\u00f6nlicher und freier Verkehr dieser Daten Sie werden darauf hingewiesen, dass die auf dieser Website gesammelten pers\u00f6nlichen Daten in Dateien enthalten sind, deren Verantwortlichkeit auf den Eigent\u00fcmer zur\u00fcckzuf\u00fchren ist und die f\u00fcr die Verwendung von Verwaltungsmitteln behandelt werden, Ihre Anfragen bearbeiten, Ihre Vorschl\u00e4ge ansprechen oder Beschwerden, sowie zur Verbesserung der Qualit\u00e4t des Webs und unserer Dienstleistungen. Im Allgemeinen wird berichtet, dass die Bereiche Web-Formulare als obligatorisch gekennzeichnet notwendigerweise muss f\u00fcr die ordnungsgem\u00e4\u00dfe Bearbeitung ihrer Antr\u00e4ge abgeschlossen sein. Interessierte Parteien k\u00f6nnen ihr Recht auf Zugang, Berichtigung und L\u00f6schung ihrer pers\u00f6nlichen Daten sowie ihren Widerspruch zu Ihrer Behandlung schriftlich mit einer Kopie Ihres Personalausweises oder Reisepasses aus\u00fcben und an unsere Adresse oder die oben genannte Post richten<br \/>\nDie Zeit, in der wir die Informationen aufbewahren, die wir \u00fcber Sie sammeln, h\u00e4ngt von dem Zweck ab, f\u00fcr den sie behandelt werden. Alle von unserer Datenverarbeitung betroffenen Personen k\u00f6nnen, wenn sie nicht einverstanden sind, eine Beschwerde bei der A.E.P.D.<\/p>\n<h3>III.- COOKIES UND NAVIGATIONSDATEN<\/h3>\n<p>Wir verwenden anonyme Cookies, die es uns nicht erlauben, einen bestimmten Benutzer zu identifizieren. Wir verwenden die technischen Cookies, die notwendig sind, um eine Verbindung zur Website herzustellen und die von unseren Nutzern angeforderten Dienste bereitzustellen. Gleichzeitig verwenden wir Cookies und Daten, die vom Browser generiert werden, um Statistiken zu erstellen, anhand derer wir analysieren k\u00f6nnen, wie die Nutzer unsere Website nutzen, um sie zu verbessern und sie an die Pr\u00e4ferenzen ihrer Nutzer anzupassen. Wenn Sie unsere Website ohne Deaktivierung von Cookies in Ihrem Browser nutzen, stimmen Sie der Installation zu. F\u00fcr weitere Informationen \u00fcber unsere Verwendung von Cookies sowie deren Deaktivierung lesen Sie bitte unsere Richtlinie zur Verwendung von Cookies, die auf unserer Homepage verf\u00fcgbar ist.<\/p>\n<h3>IV.- BEDINGUNGEN F\u00dcR DIE VERWENDUNG<\/h3>\n<p>Benutzer stimmen zu, diese Website in \u00dcbereinstimmung mit den vorliegenden Bedingungen rechtm\u00e4\u00dfig zu nutzen und die Rechte oder Interessen des Eigent\u00fcmers oder Dritter nicht zu verletzen. Die Verwendung von Daten, die auf der Website f\u00fcr illegale oder gegen die \u00f6ffentliche Ordnung versto\u00dfende Aktivit\u00e4ten ver\u00f6ffentlicht werden, und die Verwendung dieser Daten f\u00fcr Aktivit\u00e4ten wie Massenmailings (Spam) sind strengstens untersagt Diese Website wird &#8222;wie besehen&#8220; zur Verf\u00fcgung gestellt und der Nutzer verpflichtet sich, sie auf eigene Gefahr zu nutzen. Weder der Eigent\u00fcmer, noch seine Verwalter, Angestellten, Anbieter oder verbundenen Unternehmen haften f\u00fcr direkte oder indirekte Sch\u00e4den jeglicher Art, die sich aus der Nutzung dieser Website ergeben, und der Eigent\u00fcmer wird ausdr\u00fccklich von jeglicher Art von Garantien ausgeschlossen. ob sie implizit oder explizit sind. Der Eigent\u00fcmer garantiert nicht die Verf\u00fcgbarkeit und Erreichbarkeit der Website, obwohl er alle angemessenen Anstrengungen in diesem Sinne unternimmt. Gelegentlich kann der Service der Website f\u00fcr die Zeit unterbrochen werden, die f\u00fcr die Durchf\u00fchrung der entsprechenden Wartungsaufgaben erforderlich ist.<br \/>\nDer Eigent\u00fcmer haftet nicht f\u00fcr m\u00f6gliche Sch\u00e4den, die durch St\u00f6rungen, Unterbrechungen, Computerviren, Telefonfehler oder Unterbrechungen aufgrund von Ursachen entstehen, die nicht mit den oben genannten Punkten zusammenh\u00e4ngen; noch f\u00fcr Verz\u00f6gerungen oder Blockaden bei der Verwendung dieses elektronischen Systems, die durch M\u00e4ngel oder \u00dcberlastungen in dem Datenverarbeitungszentrum, Telefonleitungen, dem Internetsystem oder anderen elektrischen Systemen verursacht werden; noch irgendein anderer Schaden an der Software oder der Hardware der Benutzer. Es garantiert auch nicht die Abwesenheit von Viren, Malware, Trojanern oder anderen Elementen, die \u00c4nderungen am IT-System, den Dokumenten oder Dateien des Benutzers verursachen k\u00f6nnen, und haftet nicht f\u00fcr jegliche Art von Sch\u00e4den, die dem Benutzer aus diesem Grund entstehen. In gleicher Weise haftet der Eigent\u00fcmer nicht f\u00fcr Sch\u00e4den, die durch unberechtigte Eingriffe Dritter au\u00dferhalb seiner Kontrolle entstehen. Sie haftet auch nicht f\u00fcr Sch\u00e4den, die durch die Nutzung oder falsche Verwendung der Inhalte der Website entstehen, und auch nicht f\u00fcr Folgen, die sich aus Fehlern, Fehlern oder Auslassungen in den Inhalten Dritter ergeben, die auf dieser Website erscheinen . Der Eigent\u00fcmer \u00fcbernimmt keine Verpflichtung oder Verantwortung f\u00fcr einen Teil der Dienstleistungen, die er nicht direkt bereitstellt Der Eigent\u00fcmer haftet in keinem Fall f\u00fcr den Inhalt von Links, die zu einer externen Website geh\u00f6ren, noch garantiert er die technische Verf\u00fcgbarkeit, Qualit\u00e4t, Zuverl\u00e4ssigkeit, Genauigkeit, Vollst\u00e4ndigkeit, Genauigkeit, G\u00fcltigkeit und Rechtm\u00e4\u00dfigkeit von Materialien oder Informationen, die darin enthalten sind solche Hyperlinks oder andere Internet-Sites.<br \/>\nIn \u00e4hnlicher Weise bedeutet die Einbeziehung dieser externen Links keine Verbindung, Verschmelzung oder Partnerschaft mit den verbundenen Unternehmen. Sollte eine der vorliegenden Nutzungsbedingungen f\u00fcr ung\u00fcltig erkl\u00e4rt werden, w\u00fcrde dies nur die genannte Bestimmung oder den bestimmten Teil davon f\u00fcr nichtig erkl\u00e4ren und alle \u00fcbrigen Bedingungen w\u00fcrden mit Ausnahme der genannten Bestimmung bestehen .<br \/>\nDurch den Zugriff und die Nutzung dieser Website akzeptieren Sie implizit und ausdr\u00fccklich jede einzelne der vorliegenden Nutzungsbedingungen.<\/p>\n<h3>V. GEISTIGES EIGENTUM UND URHEBERRECHT<\/h3>\n<p>Unbeschadet der Inhalte, f\u00fcr Dritte, die Rechte an geistigem Eigentum geltend machen k\u00f6nnen, sind die Rechte am geistigen Eigentum dieser Site, ihr Domainname, Quellcode, Design und Navigationsstruktur und die darin enthaltenen Elemente (nicht beschr\u00e4nkt auf Bilder, Ton, Audio, Video, Software oder Text; Marken oder Logos, Farbkombinationen, Struktur und Design, etc.) sind Eigentum des Besitzers; und das gleiche hat das ausschlie\u00dfliche Recht, sie in irgendeiner Weise zu verwerten, insbesondere das Recht auf Vervielf\u00e4ltigung, Verbreitung, \u00f6ffentliche Kommunikation und Transformation, wie es das aktuelle Urheberrecht vorsieht. Die Vervielf\u00e4ltigung, Verbreitung und \u00f6ffentliche Wiedergabe, einschlie\u00dflich jeglicher Mittel, die gesamten oder einen Teil der Inhalte dieser Website zur Verf\u00fcgung zu stellen, ist in jeglicher Form oder mit technischen Mitteln ausdr\u00fccklich verboten, ohne Erlaubnis des Eigent\u00fcmers oder Dritter, die Rechte an geistigem Eigentum besitzen oder Urheberrecht des betroffenen Inhalts. Ungeachtet des Vorstehenden kann der Benutzer die Website-Elemente ansehen und sogar ausdrucken, kopieren und auf der Festplatte ihres Computers oder irgendeiner anderen Hardware speichern, solange dies ausschlie\u00dflich und ausschlie\u00dflich f\u00fcr den pers\u00f6nlichen und privaten Gebrauch geschieht. Alle Entit\u00e4ten oder Personen, die mit vorheriger Genehmigung des Site-Inhabers einen Link zu der Site einrichten m\u00f6chten, m\u00fcssen garantieren, dass sie nur den Zugriff auf die Site oder den Service bereitstellen und keine Inhalte oder Services reproduzieren.<\/p>\n<h3>VI. GERICHTSBARKEIT UND ANWENDBARE RECHTSVORSCHRIFTEN<\/h3>\n<p>Diese Website unterliegt spanischem Recht mit Ausnahme der Kollisionsnormen. Unbeschadet der Rechte, die f\u00fcr Verbraucher in Bezug auf die Zust\u00e4ndigkeit der Gerichtsbarkeit gem\u00e4\u00df dem K\u00f6niglichen Gesetzesdekret 1\/2007 vom 16. November gelten, unterliegen Streitigkeiten, die sich aus der Nutzung dieser Website oder ihrer Dienste ergeben, der Gerichtsbarkeit und Zust\u00e4ndigkeit der Gerichte, die sich an die Adresse des Website-Inhabers richten, verzichten die Nutzer ausdr\u00fccklich auf ihre eigene Zust\u00e4ndigkeit, wenn sie von den oben genannten abweichen.<\/p>\n<p>&nbsp;<\/p>\n<\/div>\n<\/div>\n<p>Ausf\u00fchrung 1.1 \u2013 Oktober 2021<\/p>\n<\/div><\/div><\/div><\/div><\/section><!-- \/wp:post-content -->","protected":false},"excerpt":{"rendered":"Rechtsberatung Diese Website bietet Informationen \u00fcber das Gebiet und die Dienstleistungen von Prefabricados Jupe, ab sofort der \u201cEigent\u00fcmer\u201d. Durch den Zugriff auf die Website http:\/\/jsproperties.com werden Sie ein BENUTZER und dies bedeutet vollst\u00e4ndige Anerkennung der vorliegenden rechtlichen Hinweise, ab dem Zeitpunkt des Zugriffs und \/ oder der Nutzung. Aus diesem Grund raten wir Ihnen, das vorliegende Dokument zu lesen, bevor Sie irgendeine der auf dieser Website angebotenen Funktionen nutzen, und zwar jedes Mal, wenn Sie darauf zugreifen, da wir uns das Recht vorbehalten, jeden Teil zu jeder Zeit dieser Bedingungen zu \u00e4ndern, hinzuzuf\u00fcgen oder zu l\u00f6schen. Der Zugriff auf die Website stellt in keinem Fall die Existenz einer Gesch\u00e4ftsbeziehung zwischen dem Benutzer und der Website dar. Ich. WEBSITE-BESITZER In \u00dcbereinstimmung mit den Bestimmungen des Abschnitts 10 des Gesetzes 34\/2002 vom 11. Juli \u00fcber die Dienste der Informationsgesellschaft und den elektronischen Gesch\u00e4ftsverkehr werden hiermit folgende Informationen \u00fcber den Eigent\u00fcmer der Website bereitgestellt: - Website Besitzer: JUPE PE\u00c7ES DE FORMIGO SL. - Registrierte Adresse: Avda. Santa Margalida 62, 07440 Muro - CIF: B57898546 Abgesehen von der oben genannten registrierten Adresse werden die folgenden Kan\u00e4le den Benutzern f\u00fcr alle Anfragen, Fragen oder Anspr\u00fcche zur Verf\u00fcgung gestellt: - Website-Kontaktformular - Tel. +34 971 537...","protected":false},"author":1,"featured_media":0,"parent":0,"menu_order":0,"comment_status":"closed","ping_status":"closed","template":"","meta":{"content-type":"","footnotes":""},"class_list":["post-100960","page","type-page","status-publish","hentry"],"_links":{"self":[{"href":"https:\/\/prefabricadosjupe.com\/de\/wp-json\/wp\/v2\/pages\/100960","targetHints":{"allow":["GET"]}}],"collection":[{"href":"https:\/\/prefabricadosjupe.com\/de\/wp-json\/wp\/v2\/pages"}],"about":[{"href":"https:\/\/prefabricadosjupe.com\/de\/wp-json\/wp\/v2\/types\/page"}],"author":[{"embeddable":true,"href":"https:\/\/prefabricadosjupe.com\/de\/wp-json\/wp\/v2\/users\/1"}],"replies":[{"embeddable":true,"href":"https:\/\/prefabricadosjupe.com\/de\/wp-json\/wp\/v2\/comments?post=100960"}],"version-history":[{"count":7,"href":"https:\/\/prefabricadosjupe.com\/de\/wp-json\/wp\/v2\/pages\/100960\/revisions"}],"predecessor-version":[{"id":122273,"href":"https:\/\/prefabricadosjupe.com\/de\/wp-json\/wp\/v2\/pages\/100960\/revisions\/122273"}],"wp:attachment":[{"href":"https:\/\/prefabricadosjupe.com\/de\/wp-json\/wp\/v2\/media?parent=100960"}],"curies":[{"name":"wp","href":"https:\/\/api.w.org\/{rel}","templated":true}]}}