{"id":100969,"date":"2021-07-07T14:12:16","date_gmt":"2021-07-07T14:12:16","guid":{"rendered":"http:\/\/prefabricadosjupe.com\/beta\/compromiso\/"},"modified":"2022-10-21T10:32:39","modified_gmt":"2022-10-21T10:32:39","slug":"umweltversprechen","status":"publish","type":"page","link":"https:\/\/prefabricadosjupe.com\/de\/umweltversprechen\/","title":{"rendered":"UMWELTVERSPRECHEN"},"content":{"rendered":"<section data-vc-full-width=\"true\" data-vc-full-width-init=\"false\" class=\"vc_row wpb_row vc_row-fluid     hongo-stretch-content hongo-stretch-row-container vc_row-o-content-middle vc_row-flex\"><div class=\"wpb_column vc_column_container col-xs-mobile-fullwidth vc_col-sm-12\"><div class=\"vc_column-inner\"><div class=\"wpb_wrapper\"><div class=\"alt-font heading-style-1 heading-1 hongo-section-heading hongo_font_1632731186943\">UMWELTVERSPRECHEN<\/div><div class=\"alt-font heading-style-3 heading-2 hongo-section-heading hongo_font_1632731195989\">Nachhaltigkeit ist keine Pflicht, sondern ein Wert<\/div>[vc_empty_space]<div class=\"text-block-content hongo-text-block-1 last-paragraph-no-margin\"><p style=\"text-align: center;\">Die wirtschaftliche, soziale und \u00f6kologische Verantwortung steht im Mittelpunkt unseres Unternehmens. Wir haben eine Strategie entwickelt, um aus einer Reihe von Schl\u00fcsselzielen Wert zu sch\u00f6pfen.<\/p>\n<p style=\"text-align: center;\">Grundlage unserer Strategie ist die Schaffung von Innovationen.<\/p>\n<\/div><\/div><\/div><\/div><\/section><div class=\"vc_row-full-width vc_clearfix\"><\/div><section data-vc-full-width=\"true\" data-vc-full-width-init=\"false\" data-vc-stretch-content=\"true\" class=\"vc_row wpb_row vc_row-fluid     wow fadeIn hongo-stretch-content vc_row-no-padding hongo-stretch-content-fluid vc_row-o-content-middle vc_row-flex\"><div class=\"wpb_column vc_column_container col-xs-mobile-fullwidth vc_col-sm-12 text-center\"><div class=\"vc_column-inner\"><div class=\"wpb_wrapper\"><div class=\"vc_row wpb_row vc_inner vc_row-fluid   vc_row-o-equal-height vc_row-o-content-middle vc_row-flex\"><div class=\"wpb_column vc_column_container vc_col-sm-6 vc_col-md-3 vc_col-xs-12 wow fadeInUp text-center\" data-wow-delay= 100ms><div class=\"vc_column-inner  hongo_responsive_1563350729687\"><div class=\"wpb_wrapper\"><div class=\"hongo-featurebox-wrap hongo-product-featurebox fancy-text-box-style-6 fancy_text_box6-1\"><div class=\"hongo-featurebox-wrapper\"><div class=\"hongo-featurebox-text hongo_font_1666348330284 alt-font\">Klimaschutz und Luftqualit\u00e4t<\/div><div class=\"content hongo_font_1666348330290\">CO2-neutrale Produktion in 2030 erreichen<br \/>\nEine widerstandsf\u00e4higer Infrastruktur aufbauen<br \/>\nF\u00f6rderung einer nachhaltigen Industrialisierung<\/div><\/div><\/div><\/div><\/div><\/div><div class=\"wpb_column vc_column_container vc_col-sm-6 vc_col-md-3 vc_col-xs-12 wow fadeInUp text-center\" data-wow-delay= 200ms><div class=\"vc_column-inner  hongo_responsive_1563350734095\"><div class=\"wpb_wrapper\"><div class=\"hongo-featurebox-wrap hongo-product-featurebox fancy-text-box-style-6 fancy_text_box6-2\"><div class=\"hongo-featurebox-wrapper\"><div class=\"hongo-featurebox-text hongo_font_1666348353737 alt-font\">Nachhaltigkeit und Ressourcenverbrauch<\/div><div class=\"content hongo_font_1666348353741\">Erschwinglicher und sauberer Energieverbrauch<br \/>\nNachhaltige Produktion und nachhaltiger Verbrauch<br \/>\nNachhaltige Wasserwirtschaft<\/div><\/div><\/div><\/div><\/div><\/div><div class=\"wpb_column vc_column_container vc_col-has-fill vc_col-sm-6 vc_col-md-3 vc_col-xs-12 wow fadeInUp text-center\" data-wow-delay= 300ms><div class=\"vc_column-inner cover-background bg-position-center-center vc_custom_1633685534343  hongo_responsive_1633685534345\" style=\"min-height: 300px;\"><div class=\"wpb_wrapper\"><\/div><\/div><\/div><div class=\"wpb_column vc_column_container vc_col-sm-6 vc_col-md-3 vc_col-xs-12 wow fadeInUp text-center\" data-wow-delay= 400ms><div class=\"vc_column-inner\"><div class=\"wpb_wrapper\"><div class=\"hongo-featurebox-wrap hongo-product-featurebox fancy-text-box-style-6 fancy_text_box6-3\"><div class=\"hongo-featurebox-wrapper\"><div class=\"hongo-featurebox-text hongo_font_1632731277209 alt-font\">Digitalisierung<\/div><div class=\"content hongo_font_1632731277217\">F\u00f6rderung virtueller Meetings<br \/>\nHeimarbeit beg\u00fcnstigen<br \/>\nPapierverbrauch reduzieren<\/div><\/div><\/div><\/div><\/div><\/div><\/div><\/div><\/div><\/div><\/section><div class=\"vc_row-full-width vc_clearfix\"><\/div>\n","protected":false},"excerpt":{"rendered":"UMWELTVERSPRECHENNachhaltigkeit ist keine Pflicht, sondern ein Wert[vc_empty_space]Die wirtschaftliche, soziale und \u00f6kologische Verantwortung steht im Mittelpunkt unseres Unternehmens. Wir haben eine Strategie entwickelt, um aus einer Reihe von Schl\u00fcsselzielen Wert zu sch\u00f6pfen. Grundlage unserer Strategie ist die Schaffung von Innovationen. Klimaschutz und Luftqualit\u00e4tCO2-neutrale Produktion in 2030 erreichen Eine widerstandsf\u00e4higer Infrastruktur aufbauen F\u00f6rderung einer nachhaltigen IndustrialisierungNachhaltigkeit und RessourcenverbrauchErschwinglicher und sauberer Energieverbrauch Nachhaltige Produktion und nachhaltiger Verbrauch Nachhaltige WasserwirtschaftDigitalisierungF\u00f6rderung virtueller Meetings Heimarbeit beg\u00fcnstigen Papierverbrauch reduzieren","protected":false},"author":1,"featured_media":0,"parent":0,"menu_order":0,"comment_status":"closed","ping_status":"closed","template":"","meta":{"content-type":"","footnotes":""},"class_list":["post-100969","page","type-page","status-publish","hentry"],"_links":{"self":[{"href":"https:\/\/prefabricadosjupe.com\/de\/wp-json\/wp\/v2\/pages\/100969","targetHints":{"allow":["GET"]}}],"collection":[{"href":"https:\/\/prefabricadosjupe.com\/de\/wp-json\/wp\/v2\/pages"}],"about":[{"href":"https:\/\/prefabricadosjupe.com\/de\/wp-json\/wp\/v2\/types\/page"}],"author":[{"embeddable":true,"href":"https:\/\/prefabricadosjupe.com\/de\/wp-json\/wp\/v2\/users\/1"}],"replies":[{"embeddable":true,"href":"https:\/\/prefabricadosjupe.com\/de\/wp-json\/wp\/v2\/comments?post=100969"}],"version-history":[{"count":10,"href":"https:\/\/prefabricadosjupe.com\/de\/wp-json\/wp\/v2\/pages\/100969\/revisions"}],"predecessor-version":[{"id":108459,"href":"https:\/\/prefabricadosjupe.com\/de\/wp-json\/wp\/v2\/pages\/100969\/revisions\/108459"}],"wp:attachment":[{"href":"https:\/\/prefabricadosjupe.com\/de\/wp-json\/wp\/v2\/media?parent=100969"}],"curies":[{"name":"wp","href":"https:\/\/api.w.org\/{rel}","templated":true}]}}