{"id":100982,"date":"2021-07-08T08:45:57","date_gmt":"2021-07-08T08:45:57","guid":{"rendered":"http:\/\/prefabricadosjupe.com\/beta\/contacta\/"},"modified":"2025-05-22T10:03:20","modified_gmt":"2025-05-22T10:03:20","slug":"kontakt","status":"publish","type":"page","link":"https:\/\/prefabricadosjupe.com\/de\/kontakt\/","title":{"rendered":"KONTAKT"},"content":{"rendered":"<section class=\"vc_row wpb_row vc_row-fluid\"><div class=\"wpb_column vc_column_container col-xs-mobile-fullwidth vc_col-sm-4\"><div class=\"vc_column-inner\"><div class=\"wpb_wrapper\"><div class=\"hongo-featurebox-wrap hongo-product-featurebox info-banner-style-4 hongo-info-banner-4-1\"><div class=\"hongo-info-wrapper\"><div class=\"hongo-info-content-box\"><div class=\"hongo-featurebox-text hongo_font_1677782367494 alt-font\">B\u00fcros<\/div><div class=\"hongo-info-content\">Ge\u00f6ffnet von 7:00 bis 15:00 Uhr<\/div><span class=\"alt-font\">971 537 000<\/span><span class=\"alt-font\">administracion@prefabricadosjupe.com<\/span><\/div><\/div><\/div><\/div><\/div><\/div><div class=\"wpb_column vc_column_container col-xs-mobile-fullwidth vc_col-sm-4\"><div class=\"vc_column-inner\"><div class=\"wpb_wrapper\"><div class=\"hongo-featurebox-wrap hongo-product-featurebox info-banner-style-4 hongo-info-banner-4-2\"><div class=\"hongo-info-wrapper\"><div class=\"hongo-info-content-box\"><div class=\"hongo-featurebox-text hongo_font_1740659284602 alt-font\">Exposition<\/div><div class=\"hongo-info-content\">Ge\u00f6ffnet von Montag bis Freitag von 10:00 bis 18:00 Uhr<br \/>\nund Samstags von 9:00 bis 13:00 Uhr.<\/div><span class=\"alt-font\">672 276 020<\/span><span class=\"alt-font\">comercial2@prefabricadosjupe.com<\/span><\/div><\/div><\/div>[vc_raw_html]JTNDJTIxLS0lMjBHb29nbGUlMjBDYWxlbmRhciUyMEFwcG9pbnRtZW50JTIwU2NoZWR1bGluZyUyMGJlZ2luJTIwLS0lM0UlMEElM0NkaXYlMjBzdHlsZSUzRCUyMnRleHQtYWxpZ24lM0ElMjBjZW50ZXIlM0IlMjBtYXJnaW4tdG9wJTNBJTIwMjBweCUzQiUyMiUyMGlkJTNEJTIydGVybWluLWJ1dHRvbi1kZSUyMiUzRSUzQyUyRmRpdiUzRSUwQSUwQSUzQ2xpbmslMjBocmVmJTNEJTIyaHR0cHMlM0ElMkYlMkZjYWxlbmRhci5nb29nbGUuY29tJTJGY2FsZW5kYXIlMkZzY2hlZHVsaW5nLWJ1dHRvbi1zY3JpcHQuY3NzJTIyJTIwcmVsJTNEJTIyc3R5bGVzaGVldCUyMiUzRSUwQSUzQ3NjcmlwdCUyMHNyYyUzRCUyMmh0dHBzJTNBJTJGJTJGY2FsZW5kYXIuZ29vZ2xlLmNvbSUyRmNhbGVuZGFyJTJGc2NoZWR1bGluZy1idXR0b24tc2NyaXB0LmpzJTIyJTIwYXN5bmMlM0UlM0MlMkZzY3JpcHQlM0UlMEElM0NzY3JpcHQlM0UlMEElMjAlMjB3aW5kb3cuYWRkRXZlbnRMaXN0ZW5lciUyOCUyN2xvYWQlMjclMkMlMjBmdW5jdGlvbiUyOCUyOSUyMCU3QiUwQSUyMCUyMCUyMCUyMGNhbGVuZGFyLnNjaGVkdWxpbmdCdXR0b24ubG9hZCUyOCU3QiUwQSUyMCUyMCUyMCUyMCUyMCUyMHVybCUzQSUyMCUyN2h0dHBzJTNBJTJGJTJGY2FsZW5kYXIuZ29vZ2xlLmNvbSUyRmNhbGVuZGFyJTJGYXBwb2ludG1lbnRzJTJGc2NoZWR1bGVzJTJGQWNac3NaMDFuVmpyV2FGTEdZaWZDWlJkZTIwbmxPS1dIaUFzLVBMREhXSTJLblVza2RVNEJqQktNcFpGbWN2LUpGNlYxM2tFaG1NNDB1SlIlM0ZndiUzRHRydWUlMjclMkMlMEElMjAlMjAlMjAlMjAlMjAlMjBjb2xvciUzQSUyMCUyNyUyMzAzOUJFNSUyNyUyQyUwQSUyMCUyMCUyMCUyMCUyMCUyMGxhYmVsJTNBJTIwJTI3VGVybWluJTIwYnVjaGVuJTI3JTJDJTBBJTIwJTIwJTIwJTIwJTIwJTIwdGFyZ2V0JTNBJTIwZG9jdW1lbnQuZ2V0RWxlbWVudEJ5SWQlMjglMjd0ZXJtaW4tYnV0dG9uLWRlJTI3JTI5JTJDJTBBJTIwJTIwJTIwJTIwJTdEJTI5JTNCJTBBJTIwJTIwJTdEJTI5JTNCJTBBJTNDJTJGc2NyaXB0JTNFJTBBJTNDJTIxLS0lMjBlbmQlMjBHb29nbGUlMjBDYWxlbmRhciUyMEFwcG9pbnRtZW50JTIwU2NoZWR1bGluZyUyMC0tJTNFJTBB[\/vc_raw_html]<\/div><\/div><\/div><div class=\"wpb_column vc_column_container col-xs-mobile-fullwidth vc_col-sm-4\"><div class=\"vc_column-inner\"><div class=\"wpb_wrapper\"><div class=\"hongo-featurebox-wrap hongo-product-featurebox info-banner-style-4 hongo-info-banner-4-3\"><div class=\"hongo-info-wrapper\"><div class=\"hongo-info-content-box\"><div class=\"hongo-featurebox-text hongo_font_1677782410332 alt-font\">Lagerhaus<\/div><div class=\"hongo-info-content\">Ge\u00f6ffnet von Montag bis Freitag von 6:30 bis 15:30 Uhr<br \/>\nund Samstag von 7:00 bis 13:00 Uhr.<\/div><span class=\"alt-font\">971 537 000<\/span><span class=\"alt-font\">almacen@prefabricadosjupe.com<\/span><\/div><\/div><\/div><\/div><\/div><\/div><div class=\"wpb_column vc_column_container col-xs-mobile-fullwidth vc_col-sm-12\"><div class=\"vc_column-inner\"><div class=\"wpb_wrapper\"><div class=\"hongo-featurebox-wrap hongo-product-featurebox info-banner-style-4 hongo-info-banner-4-4\"><div class=\"hongo-info-wrapper\"><div class=\"hongo-info-content-box\"><div class=\"hongo-info-content\">JUPE Materials de Construcci\u00f3 SL \u00b7 Avinguda Santa Margalida, 62 \u00b7 07440 \u00b7 Muro<\/div><\/div><\/div><\/div><\/div><\/div><\/div><\/section><section data-vc-full-width=\"true\" data-vc-full-width-init=\"false\" data-vc-stretch-content=\"true\" class=\"vc_row wpb_row vc_row-fluid  vc_custom_1633351862183   vc_column-gap-10 hongo-stretch-content hongo-stretch-content-fluid vc_row-o-equal-height vc_row-flex\"><div class=\"wpb_column vc_column_container col-xs-mobile-fullwidth vc_col-sm-6\"><div class=\"vc_column-inner\"><div class=\"wpb_wrapper\">[vc_raw_html]JTNDZGl2JTIwY2xhc3MlM0QlMjJjb250YWluZXIlMjIlM0UlM0NpZnJhbWUlMjBjbGFzcyUzRCUyMmdvb2dsZW1hcCUyMiUyMGZyYW1lYm9yZGVyJTNEJTIyMCUyMiUyMHNjcm9sbGluZyUzRCUyMm5vJTIyJTIwc3JjJTNEJTIyaHR0cHMlM0ElMkYlMkZ3d3cuZ29vZ2xlLmNvbSUyRm1hcHMlMkZlbWJlZCUzRnBiJTNEJTIxMW0xOCUyMTFtMTIlMjExbTMlMjExZDMwNjguNTM0NTg3NzE3OTE4JTIxMmQzLjA1ODAwODExNTM3NTA3OTMlMjEzZDM5LjcyNzY0MDk3OTQ1MTIyJTIxMm0zJTIxMWYwJTIxMmYwJTIxM2YwJTIxM20yJTIxMWkxMDI0JTIxMmk3NjglMjE0ZjEzLjElMjEzbTMlMjExbTIlMjExczB4MTI5N2NjZjhjMzQ4M2RhZiUyNTNBMHhkNTJhZDNkZDRjMGY5M2UlMjEyc0pVUEUlMjUyME1BVEVSSUFMUyUyNTIwREUlMjUyMENPTlNUUlVDQ0klMjVDMyUyNTkzJTI1MjBTTCUyMTVlMCUyMTNtMiUyMTFzZXMlMjEyc2VzJTIxNHYxNjMyODIzNjYzNzAzJTIxNW0yJTIxMXNlcyUyMTJzZXMlMjIlM0UlM0MlMkZpZnJhbWUlM0UlM0MlMkZkaXYlM0U=[\/vc_raw_html]<\/div><\/div><\/div><div class=\"wpb_column vc_column_container vc_col-has-fill col-xs-mobile-fullwidth vc_col-sm-6\"><div class=\"vc_column-inner fix-background bg-position-center-center vc_custom_1631186721377\"><div class=\"wpb_wrapper\"><div class=\"vc_row wpb_row vc_inner vc_row-fluid section-small container-form\"><div class=\"wpb_column vc_column_container col-xs-mobile-fullwidth vc_col-sm-12\"><div class=\"vc_column-inner\"><div class=\"wpb_wrapper\">\n<div class=\"wpcf7 no-js\" id=\"wpcf7-f101517-o1\" lang=\"es-ES\" dir=\"ltr\">\n<div class=\"screen-reader-response\"><p role=\"status\" aria-live=\"polite\" aria-atomic=\"true\"><\/p> <ul><\/ul><\/div>\n<form action=\"\/de\/wp-json\/wp\/v2\/pages\/100982#wpcf7-f101517-o1\" method=\"post\" class=\"wpcf7-form init\" aria-label=\"Formulario de contacto\" novalidate=\"novalidate\" data-status=\"init\">\n<div style=\"display: none;\">\n<input type=\"hidden\" name=\"_wpcf7\" value=\"101517\" \/>\n<input type=\"hidden\" name=\"_wpcf7_version\" value=\"5.8.4\" \/>\n<input type=\"hidden\" name=\"_wpcf7_locale\" value=\"es_ES\" \/>\n<input type=\"hidden\" name=\"_wpcf7_unit_tag\" value=\"wpcf7-f101517-o1\" \/>\n<input type=\"hidden\" name=\"_wpcf7_container_post\" value=\"0\" \/>\n<input type=\"hidden\" name=\"_wpcf7_posted_data_hash\" value=\"\" \/>\n<input type=\"hidden\" name=\"_wpcf7_recaptcha_response\" value=\"\" \/>\n<\/div>\n<p><span class=\"wpcf7-form-control-wrap\" data-name=\"your-name\"><input size=\"40\" class=\"wpcf7-form-control wpcf7-text wpcf7-validates-as-required\" aria-required=\"true\" aria-invalid=\"false\" placeholder=\"Name\" value=\"\" type=\"text\" name=\"your-name\" \/><\/span>\n<\/p>\n<p><span class=\"wpcf7-form-control-wrap\" data-name=\"your-email\"><input size=\"40\" class=\"wpcf7-form-control wpcf7-email wpcf7-validates-as-required wpcf7-text wpcf7-validates-as-email\" aria-required=\"true\" aria-invalid=\"false\" placeholder=\"Email\" value=\"\" type=\"email\" name=\"your-email\" \/><\/span>\n<\/p>\n<p><span class=\"wpcf7-form-control-wrap\" data-name=\"your-subject\"><input size=\"40\" class=\"wpcf7-form-control wpcf7-text wpcf7-validates-as-required\" aria-required=\"true\" aria-invalid=\"false\" placeholder=\"Betreff\" value=\"\" type=\"text\" name=\"your-subject\" \/><\/span>\n<\/p>\n<p><span class=\"wpcf7-form-control-wrap\" data-name=\"your-message\"><textarea cols=\"40\" rows=\"4\" class=\"wpcf7-form-control wpcf7-textarea\" aria-invalid=\"false\" placeholder=\"Text\" name=\"your-message\"><\/textarea><\/span>\n<\/p>\n<p><span class=\"wpcf7-form-control-wrap\" data-name=\"acceptance-817\"><span class=\"wpcf7-form-control wpcf7-acceptance\"><span class=\"wpcf7-list-item\"><input type=\"checkbox\" name=\"acceptance-817\" value=\"1\" aria-invalid=\"false\" \/><\/span><\/span><\/span><span class=\"small-text\"><br \/>\nIch stimme den Bestimmungen der Verordnung (EU) 2016\/679 des Europ\u00e4ischen Parlaments und des Rates vom 27. April 2016 (im Folgenden RGPD) zum Schutz nat\u00fcrlicher Personen bei der Datenverarbeitung personenbezogener Daten durch die Firma Prefabricados Jupe . zu wird die personenbezogenen Daten, die Sie uns zur Verf\u00fcgung stellen, in eine automatisierte Datei Ihres Eigentums aufnehmen, um Ihre Eignung f\u00fcr eine Stelle zu beurteilen und Sie \u00fcber sich ergebende Besch\u00e4ftigungsm\u00f6glichkeiten zu informieren.<\/span>\n<\/p>\n<span class=\"wpcf7-form-control-wrap recaptcha\" data-name=\"recaptcha\"><span data-sitekey=\"6LcPqJYcAAAAALm5m_JvruTA7jx2CKCyQ2O59DJp\" class=\"wpcf7-form-control wpcf7-recaptcha g-recaptcha\"><\/span>\r\n<noscript>\r\n\t<div class=\"grecaptcha-noscript\">\r\n\t\t<iframe loading=\"lazy\" src=\"https:\/\/www.recaptcha.net\/recaptcha\/api\/fallback?k=6LcPqJYcAAAAALm5m_JvruTA7jx2CKCyQ2O59DJp\" frameborder=\"0\" scrolling=\"no\" width=\"310\" height=\"430\">\r\n\t\t<\/iframe>\r\n\t\t<textarea name=\"g-recaptcha-response\" rows=\"3\" cols=\"40\" placeholder=\"Aqu\u00ed la respuesta de reCAPTCHA\">\r\n\t\t<\/textarea>\r\n\t<\/div>\r\n<\/noscript>\r\n<\/span>\n<p><span id=\"wpcf7-69ea436da5f36-wrapper\" class=\"wpcf7-form-control-wrap honeypot-436-wrap\" style=\"display:none !important; visibility:hidden !important;\"><label for=\"wpcf7-69ea436da5f36-field\" class=\"hp-message\">Por favor, deja este campo vac\u00edo.<\/label><input id=\"wpcf7-69ea436da5f36-field\"  class=\"wpcf7-form-control wpcf7-text\" type=\"text\" name=\"honeypot-436\" value=\"\" size=\"40\" tabindex=\"-1\" autocomplete=\"new-password\" \/><\/span>\n<\/p>\n<p><input class=\"wpcf7-form-control wpcf7-submit has-spinner\" type=\"submit\" value=\"Senden\" \/>\n<\/p><input type=\"hidden\" id=\"ct_checkjs_cf7_e7b24b112a44fdd9ee93bdf998c6ca0e\" name=\"ct_checkjs_cf7\" value=\"0\" \/><script >setTimeout(function(){var ct_input_name = \"ct_checkjs_cf7_e7b24b112a44fdd9ee93bdf998c6ca0e\";if (document.getElementById(ct_input_name) !== null) {var ct_input_value = document.getElementById(ct_input_name).value;document.getElementById(ct_input_name).value = document.getElementById(ct_input_name).value.replace(ct_input_value, '0c4bc2a73ba874f864be51a97c793accaa2c96d6965b12897d2194b1a04d73e8');}}, 1000);<\/script><label class=\"apbct_special_field\" id=\"apbct_label_id72805\" for=\"apbct__email_id__wp_contact_form_7_72805\">72805<\/label><input \n        id=\"apbct__email_id__wp_contact_form_7_72805\" \n        class=\"apbct_special_field apbct__email_id__wp_contact_form_7\"\n        autocomplete=\"off\" \n        name=\"apbct__email_id__wp_contact_form_7_72805\"  \n        type=\"text\" \n        value=\"72805\" \n        size=\"30\" \n        apbct_event_id=\"72805\"\n        maxlength=\"200\" \n    \/><input \n        id=\"apbct_event_id\"\n        class=\"apbct_special_field\"\n        name=\"apbct_event_id\"\n        type=\"hidden\" \n        value=\"72805\" \n            \/><p style=\"display: none !important;\"><label>&#916;<textarea name=\"_wpcf7_ak_hp_textarea\" cols=\"45\" rows=\"8\" maxlength=\"100\"><\/textarea><\/label><input type=\"hidden\" id=\"ak_js_1\" name=\"_wpcf7_ak_js\" value=\"250\"\/><script>document.getElementById( \"ak_js_1\" ).setAttribute( \"value\", ( new Date() ).getTime() );<\/script><\/p><div class=\"wpcf7-response-output\" aria-hidden=\"true\"><\/div>\n<\/form>\n<\/div>\n<\/div><\/div><\/div><\/div><\/div><\/div><\/div><\/section><div class=\"vc_row-full-width vc_clearfix\"><\/div><section class=\"vc_row wpb_row vc_row-fluid\"><div class=\"wpb_column vc_column_container col-xs-mobile-fullwidth vc_col-sm-12\"><div class=\"vc_column-inner\"><div class=\"wpb_wrapper\">[vc_raw_js]JTNDJTIxLS0lMjBFdmVudCUyMHNuaXBwZXQlMjBmb3IlMjBXZWJzaXRlJTIwc2FsZSUyMGNvbnZlcnNpb24lMjBwYWdlJTIwLS0lM0UlMjAlM0NzY3JpcHQlM0UlMjBndGFnJTI4JTI3ZXZlbnQlMjclMkMlMjAlMjdjb252ZXJzaW9uJTI3JTJDJTIwJTdCJTIwJTI3c2VuZF90byUyNyUzQSUyMCUyN0FXLTYxMTA4Mzc2NyUyRjZiLTlDTnI2d2RnQkVQZkxzYU1DJTI3JTJDJTIwJTI3dHJhbnNhY3Rpb25faWQlMjclM0ElMjAlMjclMjclMjAlN0QlMjklM0IlMjAlM0MlMkZzY3JpcHQlM0U=[\/vc_raw_js]<\/div><\/div><\/div><\/section>\n","protected":false},"excerpt":{"rendered":"B\u00fcrosGe\u00f6ffnet von 7:00 bis 15:00 Uhr971 537 000administracion@prefabricadosjupe.comExpositionGe\u00f6ffnet von Montag bis Freitag von 10:00 bis 18:00 Uhr und Samstags von 9:00 bis 13:00 Uhr.672 276 020comercial2@prefabricadosjupe.com[vc_raw_html]JTNDJTIxLS0lMjBHb29nbGUlMjBDYWxlbmRhciUyMEFwcG9pbnRtZW50JTIwU2NoZWR1bGluZyUyMGJlZ2luJTIwLS0lM0UlMEElM0NkaXYlMjBzdHlsZSUzRCUyMnRleHQtYWxpZ24lM0ElMjBjZW50ZXIlM0IlMjBtYXJnaW4tdG9wJTNBJTIwMjBweCUzQiUyMiUyMGlkJTNEJTIydGVybWluLWJ1dHRvbi1kZSUyMiUzRSUzQyUyRmRpdiUzRSUwQSUwQSUzQ2xpbmslMjBocmVmJTNEJTIyaHR0cHMlM0ElMkYlMkZjYWxlbmRhci5nb29nbGUuY29tJTJGY2FsZW5kYXIlMkZzY2hlZHVsaW5nLWJ1dHRvbi1zY3JpcHQuY3NzJTIyJTIwcmVsJTNEJTIyc3R5bGVzaGVldCUyMiUzRSUwQSUzQ3NjcmlwdCUyMHNyYyUzRCUyMmh0dHBzJTNBJTJGJTJGY2FsZW5kYXIuZ29vZ2xlLmNvbSUyRmNhbGVuZGFyJTJGc2NoZWR1bGluZy1idXR0b24tc2NyaXB0LmpzJTIyJTIwYXN5bmMlM0UlM0MlMkZzY3JpcHQlM0UlMEElM0NzY3JpcHQlM0UlMEElMjAlMjB3aW5kb3cuYWRkRXZlbnRMaXN0ZW5lciUyOCUyN2xvYWQlMjclMkMlMjBmdW5jdGlvbiUyOCUyOSUyMCU3QiUwQSUyMCUyMCUyMCUyMGNhbGVuZGFyLnNjaGVkdWxpbmdCdXR0b24ubG9hZCUyOCU3QiUwQSUyMCUyMCUyMCUyMCUyMCUyMHVybCUzQSUyMCUyN2h0dHBzJTNBJTJGJTJGY2FsZW5kYXIuZ29vZ2xlLmNvbSUyRmNhbGVuZGFyJTJGYXBwb2ludG1lbnRzJTJGc2NoZWR1bGVzJTJGQWNac3NaMDFuVmpyV2FGTEdZaWZDWlJkZTIwbmxPS1dIaUFzLVBMREhXSTJLblVza2RVNEJqQktNcFpGbWN2LUpGNlYxM2tFaG1NNDB1SlIlM0ZndiUzRHRydWUlMjclMkMlMEElMjAlMjAlMjAlMjAlMjAlMjBjb2xvciUzQSUyMCUyNyUyMzAzOUJFNSUyNyUyQyUwQSUyMCUyMCUyMCUyMCUyMCUyMGxhYmVsJTNBJTIwJTI3VGVybWluJTIwYnVjaGVuJTI3JTJDJTBBJTIwJTIwJTIwJTIwJTIwJTIwdGFyZ2V0JTNBJTIwZG9jdW1lbnQuZ2V0RWxlbWVudEJ5SWQlMjglMjd0ZXJtaW4tYnV0dG9uLWRlJTI3JTI5JTJDJTBBJTIwJTIwJTIwJTIwJTdEJTI5JTNCJTBBJTIwJTIwJTdEJTI5JTNCJTBBJTNDJTJGc2NyaXB0JTNFJTBBJTNDJTIxLS0lMjBlbmQlMjBHb29nbGUlMjBDYWxlbmRhciUyMEFwcG9pbnRtZW50JTIwU2NoZWR1bGluZyUyMC0tJTNFJTBB[\/vc_raw_html]LagerhausGe\u00f6ffnet von Montag bis Freitag von 6:30 bis 15:30 Uhr und Samstag von 7:00 bis 13:00 Uhr.971 537 000almacen@prefabricadosjupe.comJUPE Materials de Construcci\u00f3 SL \u00b7 Avinguda Santa Margalida, 62 \u00b7 07440 \u00b7 Muro[vc_raw_html]JTNDZGl2JTIwY2xhc3MlM0QlMjJjb250YWluZXIlMjIlM0UlM0NpZnJhbWUlMjBjbGFzcyUzRCUyMmdvb2dsZW1hcCUyMiUyMGZyYW1lYm9yZGVyJTNEJTIyMCUyMiUyMHNjcm9sbGluZyUzRCUyMm5vJTIyJTIwc3JjJTNEJTIyaHR0cHMlM0ElMkYlMkZ3d3cuZ29vZ2xlLmNvbSUyRm1hcHMlMkZlbWJlZCUzRnBiJTNEJTIxMW0xOCUyMTFtMTIlMjExbTMlMjExZDMwNjguNTM0NTg3NzE3OTE4JTIxMmQzLjA1ODAwODExNTM3NTA3OTMlMjEzZDM5LjcyNzY0MDk3OTQ1MTIyJTIxMm0zJTIxMWYwJTIxMmYwJTIxM2YwJTIxM20yJTIxMWkxMDI0JTIxMmk3NjglMjE0ZjEzLjElMjEzbTMlMjExbTIlMjExczB4MTI5N2NjZjhjMzQ4M2RhZiUyNTNBMHhkNTJhZDNkZDRjMGY5M2UlMjEyc0pVUEUlMjUyME1BVEVSSUFMUyUyNTIwREUlMjUyMENPTlNUUlVDQ0klMjVDMyUyNTkzJTI1MjBTTCUyMTVlMCUyMTNtMiUyMTFzZXMlMjEyc2VzJTIxNHYxNjMyODIzNjYzNzAzJTIxNW0yJTIxMXNlcyUyMTJzZXMlMjIlM0UlM0MlMkZpZnJhbWUlM0UlM0MlMkZkaXYlM0U=[\/vc_raw_html] Ich stimme den Bestimmungen der Verordnung (EU) 2016\/679 des Europ\u00e4ischen Parlaments und des Rates vom 27. April 2016 (im Folgenden RGPD) zum Schutz nat\u00fcrlicher Personen bei der Datenverarbeitung personenbezogener Daten durch die Firma Prefabricados Jupe . zu wird die personenbezogenen Daten, die Sie uns zur Verf\u00fcgung stellen, in eine automatisierte Datei Ihres Eigentums aufnehmen, um Ihre Eignung f\u00fcr eine Stelle zu beurteilen und Sie \u00fcber sich ergebende Besch\u00e4ftigungsm\u00f6glichkeiten zu informieren. Por favor, deja este campo vac\u00edo. 41457&#916; [vc_raw_js]JTNDJTIxLS0lMjBFdmVudCUyMHNuaXBwZXQlMjBmb3IlMjBXZWJzaXRlJTIwc2FsZSUyMGNvbnZlcnNpb24lMjBwYWdlJTIwLS0lM0UlMjAlM0NzY3JpcHQlM0UlMjBndGFnJTI4JTI3ZXZlbnQlMjclMkMlMjAlMjdjb252ZXJzaW9uJTI3JTJDJTIwJTdCJTIwJTI3c2VuZF90byUyNyUzQSUyMCUyN0FXLTYxMTA4Mzc2NyUyRjZiLTlDTnI2d2RnQkVQZkxzYU1DJTI3JTJDJTIwJTI3dHJhbnNhY3Rpb25faWQlMjclM0ElMjAlMjclMjclMjAlN0QlMjklM0IlMjAlM0MlMkZzY3JpcHQlM0U=[\/vc_raw_js]","protected":false},"author":1,"featured_media":0,"parent":0,"menu_order":0,"comment_status":"closed","ping_status":"closed","template":"","meta":{"content-type":"","footnotes":""},"class_list":["post-100982","page","type-page","status-publish","hentry"],"_links":{"self":[{"href":"https:\/\/prefabricadosjupe.com\/de\/wp-json\/wp\/v2\/pages\/100982","targetHints":{"allow":["GET"]}}],"collection":[{"href":"https:\/\/prefabricadosjupe.com\/de\/wp-json\/wp\/v2\/pages"}],"about":[{"href":"https:\/\/prefabricadosjupe.com\/de\/wp-json\/wp\/v2\/types\/page"}],"author":[{"embeddable":true,"href":"https:\/\/prefabricadosjupe.com\/de\/wp-json\/wp\/v2\/users\/1"}],"replies":[{"embeddable":true,"href":"https:\/\/prefabricadosjupe.com\/de\/wp-json\/wp\/v2\/comments?post=100982"}],"version-history":[{"count":17,"href":"https:\/\/prefabricadosjupe.com\/de\/wp-json\/wp\/v2\/pages\/100982\/revisions"}],"predecessor-version":[{"id":122249,"href":"https:\/\/prefabricadosjupe.com\/de\/wp-json\/wp\/v2\/pages\/100982\/revisions\/122249"}],"wp:attachment":[{"href":"https:\/\/prefabricadosjupe.com\/de\/wp-json\/wp\/v2\/media?parent=100982"}],"curies":[{"name":"wp","href":"https:\/\/api.w.org\/{rel}","templated":true}]}}