{"id":101260,"date":"2021-07-07T13:00:40","date_gmt":"2021-07-07T13:00:40","guid":{"rendered":"http:\/\/prefabricadosjupe.com\/beta\/jupe-piezas\/"},"modified":"2022-10-21T10:02:29","modified_gmt":"2022-10-21T10:02:29","slug":"jupe-fertigteile","status":"publish","type":"page","link":"https:\/\/prefabricadosjupe.com\/de\/jupe-fertigteile\/","title":{"rendered":"JUPE FERTIGTEILE"},"content":{"rendered":"<section class=\"vc_row wpb_row vc_row-fluid     vc_column-gap-30 vc_row-o-content-middle vc_row-flex\"><div class=\"wpb_column vc_column_container jupe-intro-logo col-xs-mobile-fullwidth vc_col-sm-3\"><div class=\"vc_column-inner\"><div class=\"wpb_wrapper\"><div class=\"wpb_single_image    hongo-full-width-single-image\">\n\t\t\t<figure class=\"wpb_wrapper vc_figure\">\n\t\t\t\t<div class=\"vc_single_image-wrapper  \"><img loading=\"lazy\" decoding=\"async\" width=\"512\" height=\"512\" src=\"https:\/\/prefabricadosjupe.com\/wp-content\/uploads\/2021\/07\/JupePiezas.jpg\" class=\"vc_single_image-img attachment-large\" alt=\"\" srcset=\"https:\/\/prefabricadosjupe.com\/wp-content\/uploads\/2021\/07\/JupePiezas.jpg 512w, https:\/\/prefabricadosjupe.com\/wp-content\/uploads\/2021\/07\/JupePiezas-300x300.jpg 300w, https:\/\/prefabricadosjupe.com\/wp-content\/uploads\/2021\/07\/JupePiezas-150x150.jpg 150w, https:\/\/prefabricadosjupe.com\/wp-content\/uploads\/2021\/07\/JupePiezas-64x64.jpg 64w, https:\/\/prefabricadosjupe.com\/wp-content\/uploads\/2021\/07\/JupePiezas-84x84.jpg 84w, https:\/\/prefabricadosjupe.com\/wp-content\/uploads\/2021\/07\/JupePiezas-200x200.jpg 200w, https:\/\/prefabricadosjupe.com\/wp-content\/uploads\/2021\/07\/JupePiezas-450x450.jpg 450w, https:\/\/prefabricadosjupe.com\/wp-content\/uploads\/2021\/07\/JupePiezas-360x360.jpg 360w, https:\/\/prefabricadosjupe.com\/wp-content\/uploads\/2021\/07\/JupePiezas-100x100.jpg 100w\" sizes=\"auto, (max-width: 512px) 100vw, 512px\" \/><\/div>\n\t\t\t<\/figure>\n\t\t\t\n\t\t<\/div><\/div><\/div><\/div><div class=\"wpb_column vc_column_container col-xs-mobile-fullwidth vc_col-sm-9\"><div class=\"vc_column-inner\"><div class=\"wpb_wrapper\"><div class=\"alt-font heading-style-3 vc_custom_1632730493020 heading-1 hongo-section-heading hongo_font_1632730493019\">Ihren Vorstellungen Form verleihen<\/div><div class=\"text-block-content hongo-text-block-1 last-paragraph-no-margin\"><p><span style=\"font-weight: 400;\">Wir vereinen Tradition und Innovation, um einzigartige Bauteile, erfolgreiche Designs und\/oder Markttendenzen zu schaffen.<br \/>\n<\/span><span style=\"font-weight: 400;\">Wir stellen Ihnen alles, was Sie sich w\u00fcnschen oder vorstellen zur Verf\u00fcgung, oder fabrizieren es.<\/span><\/p>\n<\/div><\/div><\/div><\/div><\/section><section class=\"vc_row wpb_row vc_row-fluid  vc_custom_1565957314957   vc_row-o-equal-height vc_row-o-content-middle vc_row-flex  hongo_responsive_1565957314962\"><div class=\"wpb_column vc_column_container col-xs-mobile-fullwidth vc_col-sm-12 wow fadeInUp text-center\" data-wow-duration= 1200ms><div class=\"vc_column-inner cover-background bg-position-center-center vc_custom_1649263739164  hongo_responsive_1649263739166\" style=\"min-height: 660px;\"><div class=\"wpb_wrapper\">[vc_video link=&#8220;https:\/\/www.youtube.com\/watch?v=fEyF6Pt9S3s&#8220; align=&#8220;center&#8220;]<\/div><\/div><\/div><\/section><section class=\"vc_row wpb_row vc_row-fluid  vc_custom_1565957314957   vc_row-o-equal-height vc_row-o-content-middle vc_row-flex  hongo_responsive_1565957314962\"><div class=\"wpb_column vc_column_container vc_col-has-fill col-xs-mobile-fullwidth vc_col-sm-12 wow fadeInUp text-center\" data-wow-duration= 1200ms><div class=\"vc_column-inner cover-background bg-position-center-center vc_custom_1633682995939  hongo_responsive_1633682995941\" style=\"min-height: 660px;\"><div class=\"wpb_wrapper\"><\/div><\/div><\/div><\/section><section class=\"vc_row wpb_row vc_row-fluid jupe-featured-banner    vc_row-o-content-middle vc_row-flex\"><div class=\"wpb_column vc_column_container col-xs-mobile-fullwidth vc_col-sm-12 text-center\"><div class=\"vc_column-inner\"><div class=\"wpb_wrapper\"><div class=\"hongo-featurebox-wrap info-banner-style-5 hongo-info-banner-5-1\"><div class=\"col-sm-6 col-xs-12 no-padding  vc_custom_1666346535235 cover-background bg-position-center-center\"><\/div><div class=\"col-sm-6 col-xs-12 no-padding bg-very-light-gray\"><div class=\"info-banner-wrapper text-middle-main\"><div class=\"text-middle\"><div class=\"hongo-info-title alt-font hongo_font_1666346535227 alt-font\">Allgemeine Produkte<\/div><div class=\"info-banner-content hongo_font_1666346535231\">Ein gut ausgekl\u00fcgeltes Design kann sehr langlebig sein.<\/p>\n<p>Die Produkte in diesem Katalog sind ein Beispiel daf\u00fcr. Gesimse, Balken, S\u00e4ulen, Schornsteine, B\u00e4nke und viele andere Elemente, f\u00fcr die wir bereits die Gussformen hergestellt haben, was zu Kostenreduktion bei gleichbleibender Qualit\u00e4t f\u00fchrt.<\/div><a href=\"http:\/\/prefabricadosjupe.com\/wp-content\/uploads\/2021\/07\/catalogo_jupe.pdf\" target=\"_blank\" class=\"btn btn-round btn-transparent-black alt-font\">Siehe Katalog<\/a><\/div><\/div><\/div><\/div><\/div><\/div><\/div><\/section><section data-vc-full-width=\"true\" data-vc-full-width-init=\"false\" class=\"vc_row wpb_row vc_row-fluid  vc_custom_1540895863442   vc_row-has-fill hongo-stretch-content hongo-stretch-row-container\"><div class=\"wpb_column vc_column_container col-xs-mobile-fullwidth vc_col-sm-12\"><div class=\"vc_column-inner\"><div class=\"wpb_wrapper\"><div class=\"vc_row wpb_row vc_inner vc_row-fluid company-logo vc_custom_1633341831301 vc_row-o-equal-height vc_row-o-content-middle vc_row-flex wow fadeIn\"><div class=\"wpb_column vc_column_container vc_col-has-fill vc_col-sm-3 vc_col-xs-6 wow fadeInDown\" data-wow-delay= 850ms data-wow-duration= 1200ms><div class=\"vc_column-inner vc_custom_1633341838097  hongo_responsive_1633341838098\"><div class=\"wpb_wrapper\"><div class=\"hongo-product-brand-wrap\"><div  class=\"product-brand-style-4 product-brand-style-4-1\"><a class=\"hongo-custom-brand\" target=\"_blank\" href=\"https:\/\/www.cemex.de\/\"><img loading=\"lazy\" decoding=\"async\" width=\"300\" height=\"150\" src=\"https:\/\/prefabricadosjupe.com\/wp-content\/uploads\/2021\/09\/1-1.jpg\" class=\"\" alt=\"\" title=\"\" srcset=\"https:\/\/prefabricadosjupe.com\/wp-content\/uploads\/2021\/09\/1-1.jpg 300w, https:\/\/prefabricadosjupe.com\/wp-content\/uploads\/2021\/09\/1-1-84x42.jpg 84w, https:\/\/prefabricadosjupe.com\/wp-content\/uploads\/2021\/09\/1-1-200x100.jpg 200w\" sizes=\"auto, (max-width: 300px) 100vw, 300px\" \/><\/a><\/div><\/div><\/div><\/div><\/div><div class=\"wpb_column vc_column_container vc_col-has-fill vc_col-sm-3 vc_col-xs-6 wow fadeInDown\" data-wow-delay= 650ms data-wow-duration= 1200ms><div class=\"vc_column-inner vc_custom_1633341845646  hongo_responsive_1633341845647\"><div class=\"wpb_wrapper\"><div class=\"hongo-product-brand-wrap\"><div  class=\"product-brand-style-4 product-brand-style-4-2\"><a class=\"hongo-custom-brand\" target=\"_blank\" href=\"https:\/\/automotive.sika.com\/\"><img loading=\"lazy\" decoding=\"async\" width=\"300\" height=\"150\" src=\"https:\/\/prefabricadosjupe.com\/wp-content\/uploads\/2021\/09\/2-1.jpg\" class=\"\" alt=\"\" title=\"\" srcset=\"https:\/\/prefabricadosjupe.com\/wp-content\/uploads\/2021\/09\/2-1.jpg 300w, https:\/\/prefabricadosjupe.com\/wp-content\/uploads\/2021\/09\/2-1-84x42.jpg 84w, https:\/\/prefabricadosjupe.com\/wp-content\/uploads\/2021\/09\/2-1-200x100.jpg 200w\" sizes=\"auto, (max-width: 300px) 100vw, 300px\" \/><\/a><\/div><\/div><\/div><\/div><\/div><div class=\"wpb_column vc_column_container vc_col-has-fill vc_col-sm-3 vc_col-xs-6 wow fadeInDown\" data-wow-delay= 450ms data-wow-duration= 1200ms><div class=\"vc_column-inner vc_custom_1633341852407  hongo_responsive_1633341852408\"><div class=\"wpb_wrapper\"><div class=\"hongo-product-brand-wrap\"><div  class=\"product-brand-style-4 product-brand-style-4-3\"><img loading=\"lazy\" decoding=\"async\" width=\"300\" height=\"150\" src=\"https:\/\/prefabricadosjupe.com\/wp-content\/uploads\/2021\/09\/3-1.jpg\" class=\"\" alt=\"\" title=\"\" srcset=\"https:\/\/prefabricadosjupe.com\/wp-content\/uploads\/2021\/09\/3-1.jpg 300w, https:\/\/prefabricadosjupe.com\/wp-content\/uploads\/2021\/09\/3-1-84x42.jpg 84w, https:\/\/prefabricadosjupe.com\/wp-content\/uploads\/2021\/09\/3-1-200x100.jpg 200w\" sizes=\"auto, (max-width: 300px) 100vw, 300px\" \/><\/div><\/div><\/div><\/div><\/div><div class=\"wpb_column vc_column_container vc_col-has-fill vc_col-sm-3 vc_col-xs-6 wow fadeInDown\" data-wow-delay= 250ms data-wow-duration= 1200ms><div class=\"vc_column-inner vc_custom_1633341858943  hongo_responsive_1633341858945\"><div class=\"wpb_wrapper\"><div class=\"hongo-product-brand-wrap\"><div  class=\"product-brand-style-4 product-brand-style-4-4\"><img loading=\"lazy\" decoding=\"async\" width=\"300\" height=\"150\" src=\"https:\/\/prefabricadosjupe.com\/wp-content\/uploads\/2021\/09\/4-1.jpg\" class=\"\" alt=\"\" title=\"\" srcset=\"https:\/\/prefabricadosjupe.com\/wp-content\/uploads\/2021\/09\/4-1.jpg 300w, https:\/\/prefabricadosjupe.com\/wp-content\/uploads\/2021\/09\/4-1-84x42.jpg 84w, https:\/\/prefabricadosjupe.com\/wp-content\/uploads\/2021\/09\/4-1-200x100.jpg 200w\" sizes=\"auto, (max-width: 300px) 100vw, 300px\" \/><\/div><\/div><\/div><\/div><\/div><\/div><\/div><\/div><\/div><\/section><div class=\"vc_row-full-width vc_clearfix\"><\/div><section class=\"vc_row wpb_row vc_row-fluid  vc_custom_1625737664746   vc_row-o-equal-height vc_row-o-content-middle vc_row-flex\"><div class=\"wpb_column vc_column_container jupe-text col-xs-mobile-fullwidth vc_col-sm-12 vc_col-md-6 wow fadeInUp text-right\" data-wow-duration= 1200ms><div class=\"vc_column-inner  hongo_responsive_1633341868924\"><div class=\"wpb_wrapper\"><div class=\"alt-font heading-style-1 vc_custom_1632730560333  hongo_responsive_1632730560334 heading-2 hongo-section-heading hongo_font_1632730560332\">JUPE SYSTEME<\/div><div class=\"alt-font heading-style-3 vc_custom_1632730570435  hongo_responsive_1632730570436 heading-3 hongo-section-heading hongo_font_1632730570434\">Nichts darf versagen, wenn alles passen muss<\/div><div class=\"text-block-content hongo-text-block-2 last-paragraph-no-margin\"><p class=\"p1\" style=\"text-align: right;\">Wir arbeiten mit Qualit\u00e4tsmarken, wie Knauf, Rockwool, Ledme und vielen mehr, die unseren Kunden eine perfekte Ausf\u00fchrung der Installation gew\u00e4hrleisten.<\/p>\n<\/div>[vc_empty_space]<a href=\"http:\/\/prefabricadosjupe.com\/de\/jupe-sistemas\/\"  class=\"hongo-button-1 btn-link btn-base-link alt-font btn-medium  hongo_button_1633683046904\">MEHR SEHEN<\/a><\/div><\/div><\/div><div class=\"wpb_column vc_column_container order-1 col-xs-mobile-fullwidth vc_col-sm-12 vc_col-md-6 wow fadeInUp\" data-wow-delay= 200ms data-wow-duration= 1200ms><div class=\"vc_column-inner vc_custom_1633341878644  hongo_responsive_1633341878646\"><div class=\"wpb_wrapper\"><div class=\"wpb_single_image   vc_custom_1628838091562 hongo-full-width-single-image\">\n\t\t\t<figure class=\"wpb_wrapper vc_figure\">\n\t\t\t\t<div class=\"vc_single_image-wrapper  \"><img loading=\"lazy\" decoding=\"async\" width=\"665\" height=\"655\" src=\"https:\/\/prefabricadosjupe.com\/wp-content\/uploads\/2021\/08\/home-sistemas.jpg\" class=\"vc_single_image-img attachment-full\" alt=\"\" srcset=\"https:\/\/prefabricadosjupe.com\/wp-content\/uploads\/2021\/08\/home-sistemas.jpg 665w, https:\/\/prefabricadosjupe.com\/wp-content\/uploads\/2021\/08\/home-sistemas-300x295.jpg 300w, https:\/\/prefabricadosjupe.com\/wp-content\/uploads\/2021\/08\/home-sistemas-64x64.jpg 64w, https:\/\/prefabricadosjupe.com\/wp-content\/uploads\/2021\/08\/home-sistemas-84x83.jpg 84w, https:\/\/prefabricadosjupe.com\/wp-content\/uploads\/2021\/08\/home-sistemas-200x197.jpg 200w, https:\/\/prefabricadosjupe.com\/wp-content\/uploads\/2021\/08\/home-sistemas-450x443.jpg 450w, https:\/\/prefabricadosjupe.com\/wp-content\/uploads\/2021\/08\/home-sistemas-360x355.jpg 360w\" sizes=\"auto, (max-width: 665px) 100vw, 665px\" \/><\/div>\n\t\t\t<\/figure>\n\t\t\t\n\t\t<\/div><\/div><\/div><\/div><\/section>\n","protected":false},"excerpt":{"rendered":"Ihren Vorstellungen Form verleihenWir vereinen Tradition und Innovation, um einzigartige Bauteile, erfolgreiche Designs und\/oder Markttendenzen zu schaffen. Wir stellen Ihnen alles, was Sie sich w\u00fcnschen oder vorstellen zur Verf\u00fcgung, oder fabrizieren es. [vc_video link=\"https:\/\/www.youtube.com\/watch?v=fEyF6Pt9S3s\" align=\"center\"]Allgemeine ProdukteEin gut ausgekl\u00fcgeltes Design kann sehr langlebig sein. Die Produkte in diesem Katalog sind ein Beispiel daf\u00fcr. Gesimse, Balken, S\u00e4ulen, Schornsteine, B\u00e4nke und viele andere Elemente, f\u00fcr die wir bereits die Gussformen hergestellt haben, was zu Kostenreduktion bei gleichbleibender Qualit\u00e4t f\u00fchrt.Siehe KatalogJUPE SYSTEMENichts darf versagen, wenn alles passen mussWir arbeiten mit Qualit\u00e4tsmarken, wie Knauf, Rockwool, Ledme und vielen mehr, die unseren Kunden eine perfekte Ausf\u00fchrung der Installation gew\u00e4hrleisten. [vc_empty_space]MEHR SEHEN","protected":false},"author":1,"featured_media":0,"parent":0,"menu_order":0,"comment_status":"closed","ping_status":"closed","template":"","meta":{"content-type":"","footnotes":""},"class_list":["post-101260","page","type-page","status-publish","hentry"],"_links":{"self":[{"href":"https:\/\/prefabricadosjupe.com\/de\/wp-json\/wp\/v2\/pages\/101260","targetHints":{"allow":["GET"]}}],"collection":[{"href":"https:\/\/prefabricadosjupe.com\/de\/wp-json\/wp\/v2\/pages"}],"about":[{"href":"https:\/\/prefabricadosjupe.com\/de\/wp-json\/wp\/v2\/types\/page"}],"author":[{"embeddable":true,"href":"https:\/\/prefabricadosjupe.com\/de\/wp-json\/wp\/v2\/users\/1"}],"replies":[{"embeddable":true,"href":"https:\/\/prefabricadosjupe.com\/de\/wp-json\/wp\/v2\/comments?post=101260"}],"version-history":[{"count":14,"href":"https:\/\/prefabricadosjupe.com\/de\/wp-json\/wp\/v2\/pages\/101260\/revisions"}],"predecessor-version":[{"id":108450,"href":"https:\/\/prefabricadosjupe.com\/de\/wp-json\/wp\/v2\/pages\/101260\/revisions\/108450"}],"wp:attachment":[{"href":"https:\/\/prefabricadosjupe.com\/de\/wp-json\/wp\/v2\/media?parent=101260"}],"curies":[{"name":"wp","href":"https:\/\/api.w.org\/{rel}","templated":true}]}}