{"id":101365,"date":"2021-07-07T14:26:57","date_gmt":"2021-07-07T14:26:57","guid":{"rendered":"http:\/\/prefabricadosjupe.com\/beta\/passive-house\/"},"modified":"2021-10-08T09:50:12","modified_gmt":"2021-10-08T09:50:12","slug":"passivhaus","status":"publish","type":"page","link":"https:\/\/prefabricadosjupe.com\/de\/passivhaus\/","title":{"rendered":"PASSIVHAUS"},"content":{"rendered":"<section data-vc-full-width=\"true\" data-vc-full-width-init=\"false\" class=\"vc_row wpb_row vc_row-fluid     hongo-stretch-content hongo-stretch-row-container vc_row-o-content-middle vc_row-flex\"><div class=\"wpb_column vc_column_container col-xs-mobile-fullwidth vc_col-sm-12\"><div class=\"vc_column-inner\"><div class=\"wpb_wrapper\"><div class=\"alt-font heading-style-1 heading-1 hongo-section-heading hongo_font_1632731322488\">PASSIVHAUS<\/div><div class=\"alt-font heading-style-3 heading-2 hongo-section-heading hongo_font_1632731331297\">Energieeffizienz und Behaglichkeit<\/div>[vc_empty_space]<div class=\"text-block-content hongo-text-block-1 last-paragraph-no-margin\"><p class=\"p1\" style=\"text-align: center;\">Das Passivhaus ist ein erschwingliches Baukonzept, das auf den Prinzipien der Energieeffizienz und Behaglichkeit beruht.<br \/>\nDas Ziel ist, der Klimakrise, die unseren Planeten bedroht, entgegenzuwirken und gleichzeitig die Lebensqualit\u00e4t innerhalb des Wohnhauses zu verbessern.<\/p>\n<\/div><\/div><\/div><\/div><\/section><div class=\"vc_row-full-width vc_clearfix\"><\/div><section class=\"vc_row wpb_row vc_row-fluid     vc_column-gap-20 vc_row-o-equal-height vc_row-o-content-middle vc_row-flex\"><div class=\"wpb_column vc_column_container vc_col-has-fill col-xs-mobile-fullwidth vc_col-sm-8\"><div class=\"vc_column-inner bg-position-center-center vc_custom_1633686569263\" style=\"min-height: 350px;\"><div class=\"wpb_wrapper\"><\/div><\/div><\/div><div class=\"wpb_column vc_column_container vc_col-has-fill col-xs-mobile-fullwidth vc_col-sm-4\"><div class=\"vc_column-inner cover-background bg-position-center-center vc_custom_1633686587692\" style=\"min-height: 100%;\"><div class=\"wpb_wrapper\"><\/div><\/div><\/div><\/section><section class=\"vc_row wpb_row vc_row-fluid  vc_custom_1625732201428   vc_row-o-equal-height vc_row-o-content-middle vc_row-flex\"><div class=\"wpb_column vc_column_container vc_col-has-fill col-xs-mobile-fullwidth vc_col-sm-12 vc_col-md-6 wow fadeInUp\" data-wow-duration= 1200ms><div class=\"vc_column-inner cover-background bg-position-center-center vc_custom_1633686608111  hongo_responsive_1633686608113\" style=\"min-height: 450px;\"><div class=\"wpb_wrapper\"><\/div><\/div><\/div><div class=\"wpb_column vc_column_container section col-xs-mobile-fullwidth vc_col-sm-12 vc_col-md-6 wow fadeInUp\" data-wow-delay= 200ms data-wow-duration= 1200ms><div class=\"vc_column-inner vc_custom_1633346956587  hongo_responsive_1633346956589\"><div class=\"wpb_wrapper\"><div class=\"alt-font heading-style-3 vc_custom_1633346964116 heading-3 hongo-section-heading hongo_font_1633346964115\">Was ist ein Passivhaus?<\/div><div class=\"text-block-content hongo-text-block-2 last-paragraph-no-margin\"><p>In den 1980er-Jahren entwickelte der Bauphysiker Wolfgang Feist das Konzept des Passivhauses, das in Deutschland erstmalig 1990 in einem Mehrfamilienhaus ausgef\u00fchrt wurde.<br \/>\nHeute wird der Bau umweltfreundlicher Passivh\u00e4user von dem Passivhaus Institut in Darmstadt reguliert und gef\u00f6rdert.<\/p>\n<\/div><\/div><\/div><\/div><\/section><section class=\"vc_row wpb_row vc_row-fluid     vc_row-o-content-middle vc_row-flex\"><div class=\"wpb_column vc_column_container section-small position-relative col-xs-mobile-fullwidth vc_col-sm-8\"><div class=\"vc_column-inner\"><div class=\"wpb_wrapper\"><div class=\"alt-font heading-style-3 heading-4 hongo-section-heading hongo_font_1632731395143\">Diese Art Geb\u00e4ude erm\u00f6glicht<\/div>[vc_empty_space]<ul class=\"list-style list-style-1 list-style1-1\"><li>Bis zu 90% weniger Energieverbrauch f\u00fcr die Klimatisierung des Hauses. <\/li><li>Eine effiziente Nutzung der Sonneneinstrahlung macht viele aktuellen Heizsysteme \u00fcberfl\u00fcssig.<\/li><li>Ein hohes Niveau an Komfort, da die Lufttemperatur im Geb\u00e4ude unabh\u00e4ngig von der Au\u00dfentemperatur gleichbleibt.<\/li><li>Ein internes Bel\u00fcftungssystem, das unbemerkt konstant die Luft erneuert.<\/li><\/ul><\/div><\/div><\/div><div class=\"wpb_column vc_column_container passive-logo col-xs-mobile-fullwidth vc_col-sm-4\"><div class=\"vc_column-inner bg-position-center-center\"><div class=\"wpb_wrapper\"><div class=\"wpb_single_image    hongo-full-width-single-image\">\n\t\t\t<figure class=\"wpb_wrapper vc_figure\">\n\t\t\t\t<div class=\"vc_single_image-wrapper  \"><img loading=\"lazy\" decoding=\"async\" width=\"1024\" height=\"1024\" src=\"https:\/\/prefabricadosjupe.com\/wp-content\/uploads\/2021\/09\/CEPH-Designer-1024x1024.png\" class=\"vc_single_image-img attachment-large\" alt=\"\" srcset=\"https:\/\/prefabricadosjupe.com\/wp-content\/uploads\/2021\/09\/CEPH-Designer-1024x1024.png 1024w, https:\/\/prefabricadosjupe.com\/wp-content\/uploads\/2021\/09\/CEPH-Designer-300x300.png 300w, https:\/\/prefabricadosjupe.com\/wp-content\/uploads\/2021\/09\/CEPH-Designer-150x150.png 150w, https:\/\/prefabricadosjupe.com\/wp-content\/uploads\/2021\/09\/CEPH-Designer-768x768.png 768w, https:\/\/prefabricadosjupe.com\/wp-content\/uploads\/2021\/09\/CEPH-Designer-64x64.png 64w, https:\/\/prefabricadosjupe.com\/wp-content\/uploads\/2021\/09\/CEPH-Designer-84x84.png 84w, https:\/\/prefabricadosjupe.com\/wp-content\/uploads\/2021\/09\/CEPH-Designer-200x200.png 200w, https:\/\/prefabricadosjupe.com\/wp-content\/uploads\/2021\/09\/CEPH-Designer-450x450.png 450w, https:\/\/prefabricadosjupe.com\/wp-content\/uploads\/2021\/09\/CEPH-Designer-790x790.png 790w, https:\/\/prefabricadosjupe.com\/wp-content\/uploads\/2021\/09\/CEPH-Designer-360x360.png 360w, https:\/\/prefabricadosjupe.com\/wp-content\/uploads\/2021\/09\/CEPH-Designer-800x800.png 800w, https:\/\/prefabricadosjupe.com\/wp-content\/uploads\/2021\/09\/CEPH-Designer-100x100.png 100w, https:\/\/prefabricadosjupe.com\/wp-content\/uploads\/2021\/09\/CEPH-Designer.png 1382w\" sizes=\"auto, (max-width: 1024px) 100vw, 1024px\" \/><\/div>\n\t\t\t<\/figure>\n\t\t\t\n\t\t<\/div><\/div><\/div><\/div><\/section>\n","protected":false},"excerpt":{"rendered":"PASSIVHAUSEnergieeffizienz und Behaglichkeit[vc_empty_space]Das Passivhaus ist ein erschwingliches Baukonzept, das auf den Prinzipien der Energieeffizienz und Behaglichkeit beruht. Das Ziel ist, der Klimakrise, die unseren Planeten bedroht, entgegenzuwirken und gleichzeitig die Lebensqualit\u00e4t innerhalb des Wohnhauses zu verbessern. Was ist ein Passivhaus?In den 1980er-Jahren entwickelte der Bauphysiker Wolfgang Feist das Konzept des Passivhauses, das in Deutschland erstmalig 1990 in einem Mehrfamilienhaus ausgef\u00fchrt wurde. Heute wird der Bau umweltfreundlicher Passivh\u00e4user von dem Passivhaus Institut in Darmstadt reguliert und gef\u00f6rdert. Diese Art Geb\u00e4ude erm\u00f6glicht[vc_empty_space]Bis zu 90% weniger Energieverbrauch f\u00fcr die Klimatisierung des Hauses. Eine effiziente Nutzung der Sonneneinstrahlung macht viele aktuellen Heizsysteme \u00fcberfl\u00fcssig.Ein hohes Niveau an Komfort, da die Lufttemperatur im Geb\u00e4ude unabh\u00e4ngig von der Au\u00dfentemperatur gleichbleibt.Ein internes Bel\u00fcftungssystem, das unbemerkt konstant die Luft erneuert.","protected":false},"author":1,"featured_media":0,"parent":0,"menu_order":0,"comment_status":"closed","ping_status":"closed","template":"","meta":{"content-type":"","footnotes":""},"class_list":["post-101365","page","type-page","status-publish","hentry"],"_links":{"self":[{"href":"https:\/\/prefabricadosjupe.com\/de\/wp-json\/wp\/v2\/pages\/101365","targetHints":{"allow":["GET"]}}],"collection":[{"href":"https:\/\/prefabricadosjupe.com\/de\/wp-json\/wp\/v2\/pages"}],"about":[{"href":"https:\/\/prefabricadosjupe.com\/de\/wp-json\/wp\/v2\/types\/page"}],"author":[{"embeddable":true,"href":"https:\/\/prefabricadosjupe.com\/de\/wp-json\/wp\/v2\/users\/1"}],"replies":[{"embeddable":true,"href":"https:\/\/prefabricadosjupe.com\/de\/wp-json\/wp\/v2\/comments?post=101365"}],"version-history":[{"count":9,"href":"https:\/\/prefabricadosjupe.com\/de\/wp-json\/wp\/v2\/pages\/101365\/revisions"}],"predecessor-version":[{"id":102807,"href":"https:\/\/prefabricadosjupe.com\/de\/wp-json\/wp\/v2\/pages\/101365\/revisions\/102807"}],"wp:attachment":[{"href":"https:\/\/prefabricadosjupe.com\/de\/wp-json\/wp\/v2\/media?parent=101365"}],"curies":[{"name":"wp","href":"https:\/\/api.w.org\/{rel}","templated":true}]}}