{"id":101387,"date":"2021-09-22T07:52:19","date_gmt":"2021-09-22T07:52:19","guid":{"rendered":"http:\/\/prefabricadosjupe.com\/beta\/politica-de-cookies\/"},"modified":"2021-09-24T07:37:36","modified_gmt":"2021-09-24T07:37:36","slug":"politica-de-cookies","status":"publish","type":"page","link":"https:\/\/prefabricadosjupe.com\/de\/politica-de-cookies\/","title":{"rendered":"Pol\u00edtica de cookies"},"content":{"rendered":"<section class=\"vc_row wpb_row vc_row-fluid\"><div class=\"wpb_column vc_column_container col-xs-mobile-fullwidth vc_col-sm-12\"><div class=\"vc_column-inner\"><div class=\"wpb_wrapper\"><div class=\"text-block-content hongo-text-block-1 last-paragraph-no-margin\"><h3>\u00bfPara qu\u00e9 utilizamos cookies y tratamos datos de navegaci\u00f3n?<\/h3>\n<p>En esta Web utilizamos cookies.\u00a0<b>En caso de utilizar nuestra web sin proceder a la desactivaci\u00f3n de las cookies, manifiesta su consentimiento para la instalaci\u00f3n de las mismas.<\/b><\/p>\n<h3>\u00bfQu\u00e9 es una cookie?<\/h3>\n<p>Una cookie es un fichero que las webs transfieren a los equipos que se conectan a ellas. Si bien a menudo los prop\u00f3sitos de las cookies son s\u00f3lo t\u00e9cnicos, tambi\u00e9n pueden permitir, entre otras cosas, almacenar y recuperar informaci\u00f3n sobre los h\u00e1bitos de navegaci\u00f3n de un usuario o de su equipo y, dependiendo de la informaci\u00f3n que contengan y de la forma en que utilice su equipo, utilizarse para reconocer al usuario.<\/p>\n<p>Existen cookies que son controladas y gestionadas por el propio titular de la Web (son llamadas \u201ccookies propias\u201d) y otras que lo son por terceros (son conocidas como \u201ccookies de terceros\u201d), por ejemplo, porque \u00e9stos proporcionan una herramienta o una funcionalidad integrada a la web.<\/p>\n<p>Ciertas cookies se cancelan una vez finalizada la navegaci\u00f3n en la web (cookies de sesi\u00f3n) mientras que otras pueden seguir almacenadas en el equipo de los usuarios y ser accedidas por un periodo m\u00e1s largo (cookies persistentes).<\/p>\n<h3>\u00bfQu\u00e9 tipo de cookies utilizamos y para qu\u00e9?<\/h3>\n<p>En esta Web utilizamos el siguiente tipo de cookies:<\/p>\n<ul>\n<li><b>1. Cookies t\u00e9cnicas o indispensables a la prestaci\u00f3n de los servicios.<\/b><br \/>\nUtilizamos cookies t\u00e9cnicas para poder prestar los servicios solicitados por nuestros usuarios. Estas cookies son indispensables para la navegaci\u00f3n y la utilizaci\u00f3n de las diferentes opciones y servicios de la web, como, por ejemplo, controlar el tr\u00e1fico y la comunicaci\u00f3n de datos o identificar la sesi\u00f3n.<\/li>\n<li><b>2. Cookies de an\u00e1lisis.<\/b>Las cookies de an\u00e1lisis permiten medir y analizar la actividad de los sitios web y elaborar perfiles de navegaci\u00f3n de los usuarios. Utilizamos estas cookies para recopilar estad\u00edsticas an\u00f3nimas y conjuntas que nos permitan comprender la forma en que los usuarios utilizan nuestra web, con el fin de mejorarla y ajustarla a las preferencias de nuestros visitantes. A modo de ilustraci\u00f3n, los datos derivados de la navegaci\u00f3n en nuestra web que pueden ser objeto de an\u00e1lisis son los siguientes:\n<p>&#8211; El nombre de dominio del proveedor (PSI) y\/o direcci\u00f3n IP que les da acceso a la red. Por ejemplo, un usuario del proveedor xxx s\u00f3lo estar\u00e1 identificado con el dominio xxx.es y\/o la direcci\u00f3n IP. De esta manera podemos elaborar estad\u00edsticas sobre los pa\u00edses y servidores que visitan m\u00e1s a menudo nuestro web.<\/p>\n<p>&#8211; La fecha y hora de acceso a nuestro web. Ello nos permite averiguar las horas de m\u00e1s afluencia, y hacer los ajustes precisos para evitar problemas de saturaci\u00f3n en nuestras horas punta.<\/p>\n<p>&#8211; La direcci\u00f3n de internet desde la que parti\u00f3 el link que dirige a nuestro web. Gracias a este dato, podemos conocer la efectividad de los distintos banners y enlaces que apuntan a nuestro servidor, con el fin de potenciar los que ofrezcan mejores resultados.<\/p>\n<p>&#8211; El n\u00famero de visitantes diarios de cada secci\u00f3n. Ello nos permite conocer las \u00e1reas de m\u00e1s \u00e9xito y aumentar y mejorar su contenido, con el fin de que los usuarios obtengan un resultado m\u00e1s satisfactorio.<\/li>\n<\/ul>\n<h3>\u00bfSon an\u00f3nimas las cookies?<\/h3>\n<p>Las cookies no contienen informaci\u00f3n que permita por s\u00ed sola identificar a un usuario concreto. Respecto a nosotros, la informaci\u00f3n obtenida s\u00f3lo podr\u00eda ser asociada a un usuario concreto en caso de que dicho usuario estuviese identificado en la web.<\/p>\n<h3>\u00bfC\u00f3mo puedo gestionar las cookies?<\/h3>\n<p>Los usuarios de la web tienen la opci\u00f3n de no recibir cookies, borrarlas o de ser informados acerca de su fijaci\u00f3n mediante la configuraci\u00f3n de su navegador. Para saber c\u00f3mo gestionar las cookies en su navegador, le invitamos a que consulte la ayuda del mismo.<\/p>\n<p>Para su comodidad, a continuaci\u00f3n encontrar\u00e1 informaci\u00f3n proporcionada por los desarrolladores de los principales navegadores sobre la gesti\u00f3n de cookies:<\/p>\n<p>\u00b7 Chrome,\u00a0<a href=\"http:\/\/support.google.com\/chrome\/bin\/answer.py?hl=es&amp;answer=95647\" target=\"_blank\" rel=\"noopener\">http:\/\/support.google.com\/chrome\/bin\/answer.py?hl=es&amp;answer=95647<\/a><br \/>\n\u00b7 Explorer,\u00a0<a href=\"http:\/\/windows.microsoft.com\/es-es\/windows7\/how-to-manage-cookies-in-internet-explorer-9\" target=\"_blank\" rel=\"noopener\">http:\/\/windows.microsoft.com\/es-es\/windows7\/how-to-manage-cookies-in-internet-explorer-9<\/a><br \/>\n\u00b7 Firefox,\u00a0<a href=\"https:\/\/support.mozilla.org\/es\/kb\/habilitar-y-deshabilitar-cookies-sitios-web-rastrear-preferencias?redirectslug=habilitar-y-deshabilitar-cookies-que-los-sitios-we&amp;redirectlocale=es\" target=\"_blank\" rel=\"noopener\">https:\/\/support.mozilla.org\/es\/kb\/habilitar-y-deshabilitar-cookies-sitios-web-rastrear-preferencias?redirectslug=habilitar-y-deshabilitar-cookies-que-los-sitios-we&amp;redirectlocale=es<\/a><br \/>\n\u00b7 Safari,\u00a0<a href=\"http:\/\/support.apple.com\/kb\/ph5042\" target=\"_blank\" rel=\"noopener\">http:\/\/support.apple.com\/kb\/ph5042<\/a><\/p>\n<p>En caso de desactivar las cookies, es posible que no pueda hacer uso de todas las funcionalidades de la web.<br \/>\nPara inhabilitar el uso de cookies publicitarias de terceros, los usuarios pueden igualmente visitar la p\u00e1gina de inhabilitaci\u00f3n de la Iniciativa publicitaria de la red (NAI, Network Advertising Initiative. P\u00e1gina en ingl\u00e9s:\u00a0<a href=\"http:\/\/www.networkadvertising.org\/managing\/opt_out.asp\" target=\"_blank\" rel=\"noopener\">http:\/\/www.networkadvertising.org\/managing\/opt_out.asp<\/a>).<\/p>\n<\/div><\/div><\/div><\/div><\/section>\n","protected":false},"excerpt":{"rendered":"\u00bfPara qu\u00e9 utilizamos cookies y tratamos datos de navegaci\u00f3n? En esta Web utilizamos cookies.\u00a0En caso de utilizar nuestra web sin proceder a la desactivaci\u00f3n de las cookies, manifiesta su consentimiento para la instalaci\u00f3n de las mismas. \u00bfQu\u00e9 es una cookie? Una cookie es un fichero que las webs transfieren a los equipos que se conectan a ellas. Si bien a menudo los prop\u00f3sitos de las cookies son s\u00f3lo t\u00e9cnicos, tambi\u00e9n pueden permitir, entre otras cosas, almacenar y recuperar informaci\u00f3n sobre los h\u00e1bitos de navegaci\u00f3n de un usuario o de su equipo y, dependiendo de la informaci\u00f3n que contengan y de la forma en que utilice su equipo, utilizarse para reconocer al usuario. Existen cookies que son controladas y gestionadas por el propio titular de la Web (son llamadas \u201ccookies propias\u201d) y otras que lo son por terceros (son conocidas como \u201ccookies de terceros\u201d), por ejemplo, porque \u00e9stos proporcionan una herramienta o una funcionalidad integrada a la web. Ciertas cookies se cancelan una vez finalizada la navegaci\u00f3n en la web (cookies de sesi\u00f3n) mientras que otras pueden seguir almacenadas en el equipo de los usuarios y ser accedidas por un periodo m\u00e1s largo (cookies persistentes). \u00bfQu\u00e9 tipo de cookies utilizamos y...","protected":false},"author":1,"featured_media":0,"parent":0,"menu_order":0,"comment_status":"closed","ping_status":"closed","template":"","meta":{"content-type":"","footnotes":""},"class_list":["post-101387","page","type-page","status-publish","hentry"],"_links":{"self":[{"href":"https:\/\/prefabricadosjupe.com\/de\/wp-json\/wp\/v2\/pages\/101387","targetHints":{"allow":["GET"]}}],"collection":[{"href":"https:\/\/prefabricadosjupe.com\/de\/wp-json\/wp\/v2\/pages"}],"about":[{"href":"https:\/\/prefabricadosjupe.com\/de\/wp-json\/wp\/v2\/types\/page"}],"author":[{"embeddable":true,"href":"https:\/\/prefabricadosjupe.com\/de\/wp-json\/wp\/v2\/users\/1"}],"replies":[{"embeddable":true,"href":"https:\/\/prefabricadosjupe.com\/de\/wp-json\/wp\/v2\/comments?post=101387"}],"version-history":[{"count":2,"href":"https:\/\/prefabricadosjupe.com\/de\/wp-json\/wp\/v2\/pages\/101387\/revisions"}],"predecessor-version":[{"id":102017,"href":"https:\/\/prefabricadosjupe.com\/de\/wp-json\/wp\/v2\/pages\/101387\/revisions\/102017"}],"wp:attachment":[{"href":"https:\/\/prefabricadosjupe.com\/de\/wp-json\/wp\/v2\/media?parent=101387"}],"curies":[{"name":"wp","href":"https:\/\/api.w.org\/{rel}","templated":true}]}}