{"id":111818,"date":"2021-11-04T13:37:34","date_gmt":"2021-11-04T13:37:34","guid":{"rendered":"https:\/\/prefabricadosjupe.com\/blog\/"},"modified":"2024-06-13T09:49:06","modified_gmt":"2024-06-13T09:49:06","slug":"blog","status":"publish","type":"page","link":"https:\/\/prefabricadosjupe.com\/de\/blog\/","title":{"rendered":"BLOG"},"content":{"rendered":"<section class=\"vc_row wpb_row vc_row-fluid\"><div class=\"wpb_column vc_column_container col-xs-mobile-fullwidth vc_col-sm-12\"><div class=\"vc_column-inner\"><div class=\"wpb_wrapper\"><div class=\"hongo-blog-styles hongo-blog-clean\"><div class=\"blog-posts blog-clean\" data-col=\"3\"><ul class=\"post-grid hongo-blog-common blog-style-unique-1 blog-post-gutter gutter-medium\" data-uniqueid=\"blog-style-unique-1\"><li class=\"grid-sizer\"><\/li><li class=\"grid-item blog-post blog-post-content pull-left blog-style4-1 wow fadeIn col-lg-4 col-md-6 col-sm-6 col-xs-12 hongo-filter-tab-content noticia-de\"><div class=\"post-111825 post type-post status-publish format-standard has-post-thumbnail hentry category-noticia-de\"><div class=\"blog-image\"><a href=\"https:\/\/prefabricadosjupe.com\/de\/2023\/07\/prova-noticies-1\/\"><img loading=\"lazy\" decoding=\"async\" width=\"450\" height=\"150\" src=\"https:\/\/prefabricadosjupe.com\/wp-content\/uploads\/2023\/07\/Capcalera-450x150.png\" class=\"attachment-hongo-medium-image size-hongo-medium-image wp-post-image\" alt=\"\" title=\"\" srcset=\"https:\/\/prefabricadosjupe.com\/wp-content\/uploads\/2023\/07\/Capcalera-450x150.png 450w, https:\/\/prefabricadosjupe.com\/wp-content\/uploads\/2023\/07\/Capcalera-300x100.png 300w, https:\/\/prefabricadosjupe.com\/wp-content\/uploads\/2023\/07\/Capcalera-1024x341.png 1024w, https:\/\/prefabricadosjupe.com\/wp-content\/uploads\/2023\/07\/Capcalera-768x256.png 768w, https:\/\/prefabricadosjupe.com\/wp-content\/uploads\/2023\/07\/Capcalera-84x28.png 84w, https:\/\/prefabricadosjupe.com\/wp-content\/uploads\/2023\/07\/Capcalera-200x67.png 200w, https:\/\/prefabricadosjupe.com\/wp-content\/uploads\/2023\/07\/Capcalera-360x120.png 360w, https:\/\/prefabricadosjupe.com\/wp-content\/uploads\/2023\/07\/Capcalera-800x267.png 800w, https:\/\/prefabricadosjupe.com\/wp-content\/uploads\/2023\/07\/Capcalera.png 1200w\" sizes=\"auto, (max-width: 450px) 100vw, 450px\" \/><div class=\"hongo-blog-side-arrow\"><span class=\"ti-arrow-right\"><\/span><\/div><\/a><\/div><div class=\"blog-text col-md-12\"><div class=\"content\"><div class=\"hongo-blog-post-category alt-font\"><a href=\"https:\/\/prefabricadosjupe.com\/de\/category\/noticia-de\/\" class=\"hongo-blog-post-meta\" rel=\"category tag\">Noticia<\/a><\/div><a class=\"entry-title alt-font\" href=\"https:\/\/prefabricadosjupe.com\/de\/2023\/07\/prova-noticies-1\/\">Prova noticies\u00a0#1<\/a><div class=\"entry-content\">Innovation im Fertigbau: Vorteile und Trends Der Fertigbau revolutioniert die Bauindustrie, indem er schnellere, nachhaltigere und kosteng\u00fcnstigere L\u00f6sungen...<\/div><div class=\"separator-line-horizontal-full\"><\/div><div class=\"hongo-blog-post-meta blog-date-author alt-font\"><span class=\"hongo-blog-post-meta blog-date display-inline-block published\">25 Juli 2023<\/span><time class=\"updated display-none\" datetime=\"2024-06-13T10:42:19+00:00\">13 Juni 2024<\/time><span class=\"blog-separator vertical-align-middle\">|<\/span><span class=\"hongo-blog-post-meta blog-author display-inline-block\">By <span class=\"author vcard\"><a href=\"https:\/\/prefabricadosjupe.com\/de\/author\/staycreative\/\" class=\"url fn n\">staycreative<\/a><\/span><\/span><\/div><\/div><\/div><\/div><\/li><\/ul><\/div><\/div><\/div><\/div><\/div><\/section>\n","protected":false},"excerpt":{"rendered":"Innovation im Fertigbau: Vorteile und Trends Der Fertigbau revolutioniert die Bauindustrie, indem er schnellere, nachhaltigere und kosteng\u00fcnstigere L\u00f6sungen bietet. Bei JUPE Home nutzen wir diese Innovationen, um dir hochwertige H\u00e4user in Rekordzeit zu liefern. Vorteile des Fertigbaus: Zeiteffizienz: Die Herstellung von Komponenten in der Fabrik erm\u00f6glicht einen schnelleren und pr\u00e4ziseren Bau. Vorgefertigte Elemente werden vor Ort montiert, wodurch die Gesamtbauzeit erheblich verk\u00fcrzt wird. Das bedeutet, dass du dein neues Zuhause viel fr\u00fcher genie\u00dfen kannst als bei traditionellem Bau. Nachhaltigkeit: Der Fertigbau verwendet Materialien effizienter und erzeugt weniger Abfall. Bei JUPE Home engagieren wir uns f\u00fcr nachhaltige Praktiken und verwenden lokale Rohstoffe und andere umweltfreundliche Materialien, um unseren \u00f6kologischen Fu\u00dfabdruck zu minimieren. Reduzierte Kosten: Weniger Abfall und k\u00fcrzere Bauzeiten f\u00fchren zu erheblichen Einsparungen. Dar\u00fcber hinaus gew\u00e4hrleistet die Qualit\u00e4tskontrolle in der Fabrik weniger Fehler und Nacharbeiten, was ebenfalls zur Kostensenkung beitr\u00e4gt. Konstante Qualit\u00e4t: Die Produktion in einer kontrollierten Umgebung erm\u00f6glicht die Aufrechterhaltung hoher Qualit\u00e4tsstandards. Jede Komponente wird pr\u00e4zise hergestellt und vor dem Versand zur Baustelle gr\u00fcndlich inspiziert. &nbsp; &nbsp; Trends im Fertigbau: BIM-Technologie (Building Information Modeling): Der Einsatz von BIM erm\u00f6glicht die Erstellung detaillierter digitaler Modelle von Strukturen vor dem Bau. Dies erleichtert die Planung, Koordination und Projektmanagement und stellt sicher, dass...","protected":false},"author":1,"featured_media":0,"parent":0,"menu_order":0,"comment_status":"closed","ping_status":"closed","template":"","meta":{"content-type":"","footnotes":""},"class_list":["post-111818","page","type-page","status-publish","hentry"],"_links":{"self":[{"href":"https:\/\/prefabricadosjupe.com\/de\/wp-json\/wp\/v2\/pages\/111818","targetHints":{"allow":["GET"]}}],"collection":[{"href":"https:\/\/prefabricadosjupe.com\/de\/wp-json\/wp\/v2\/pages"}],"about":[{"href":"https:\/\/prefabricadosjupe.com\/de\/wp-json\/wp\/v2\/types\/page"}],"author":[{"embeddable":true,"href":"https:\/\/prefabricadosjupe.com\/de\/wp-json\/wp\/v2\/users\/1"}],"replies":[{"embeddable":true,"href":"https:\/\/prefabricadosjupe.com\/de\/wp-json\/wp\/v2\/comments?post=111818"}],"version-history":[{"count":1,"href":"https:\/\/prefabricadosjupe.com\/de\/wp-json\/wp\/v2\/pages\/111818\/revisions"}],"predecessor-version":[{"id":117804,"href":"https:\/\/prefabricadosjupe.com\/de\/wp-json\/wp\/v2\/pages\/111818\/revisions\/117804"}],"wp:attachment":[{"href":"https:\/\/prefabricadosjupe.com\/de\/wp-json\/wp\/v2\/media?parent=111818"}],"curies":[{"name":"wp","href":"https:\/\/api.w.org\/{rel}","templated":true}]}}